{"id":139214,"date":"2026-02-20T11:36:24","date_gmt":"2026-02-20T11:36:24","guid":{"rendered":"https:\/\/modesthanim.com\/product\/modal-baglama-detayli-elbise-haki\/"},"modified":"2026-03-03T10:32:58","modified_gmt":"2026-03-03T10:32:58","slug":"modal-baglama-detayli-elbise-haki","status":"publish","type":"product","link":"https:\/\/mod.wisdar.net\/tr\/urun\/modal-baglama-detayli-elbise-haki\/","title":{"rendered":"Modal Ba\u011flama Detayl\u0131 Elbise Haki"},"content":{"rendered":"<p>Modal ba\u011flama detayl\u0131 elbise, yumu\u015fak dokusu ve ak\u0131c\u0131 siluetiyle g\u00fcn boyu konforu zarif bir \u015f\u0131kl\u0131kla bulu\u015fturur. Belden ba\u011flamal\u0131 formu dengeli bir duru\u015f sunarken, sade tasar\u0131m\u0131yla \u015fehir stiline sofistike bir yorum katar. Zamans\u0131z ve \u00e7ok y\u00f6nl\u00fc bir tercihtir.<\/p>\n<p>\u00dcR\u00dcN BEDEN\u0130: 38<\/p>\n<p>MANKEN \u00d6L\u00c7\u00dcS\u00dc<\/p>\n<p>BOY: 178cm<br \/>\nG\u00d6\u011e\u00dcS: 80cm<br \/>\nBEL: 60cm<br \/>\nBASEN: 89cm<\/p>\n","protected":false},"excerpt":{"rendered":"<p>Modal ba\u011flama detayl\u0131 elbise, yumu\u015fak dokusu ve ak\u0131c\u0131 siluetiyle g\u00fcn boyu konforu zarif bir \u015f\u0131kl\u0131kla bulu\u015fturur. Belden ba\u011flamal\u0131 formu dengeli bir duru\u015f sunarken, sade tasar\u0131m\u0131yla \u015fehir stiline sofistike bir yorum katar. Zamans\u0131z ve \u00e7ok y\u00f6nl\u00fc bir tercihtir. \u00dcR\u00dcN BEDEN\u0130: 38 MANKEN \u00d6L\u00c7\u00dcS\u00dc BOY: 178cm G\u00d6\u011e\u00dcS: 80cm BEL: 60cm BASEN: 89cm<\/p>\n","protected":false},"featured_media":139206,"comment_status":"open","ping_status":"closed","template":"","meta":[],"product_brand":[],"product_cat":[6249,1933],"product_tag":[6936,7144],"class_list":{"0":"post-139214","1":"product","2":"type-product","3":"status-publish","4":"has-post-thumbnail","6":"product_cat-elbiseler","7":"product_cat-gunluk-ve-gunduz-elbiseleri","8":"product_tag-cok-yonlu","9":"product_tag-minimalist","10":"pa_color-haki","11":"pa_size-4706","12":"pa_size-4711","13":"pa_size-4713","14":"pa_size-4751","16":"first","17":"instock","18":"sale","19":"shipping-taxable","20":"purchasable","21":"product-type-variable"},"_links":{"self":[{"href":"https:\/\/mod.wisdar.net\/tr\/wp-json\/wp\/v2\/product\/139214","targetHints":{"allow":["GET"]}}],"collection":[{"href":"https:\/\/mod.wisdar.net\/tr\/wp-json\/wp\/v2\/product"}],"about":[{"href":"https:\/\/mod.wisdar.net\/tr\/wp-json\/wp\/v2\/types\/product"}],"replies":[{"embeddable":true,"href":"https:\/\/mod.wisdar.net\/tr\/wp-json\/wp\/v2\/comments?post=139214"}],"wp:featuredmedia":[{"embeddable":true,"href":"https:\/\/mod.wisdar.net\/tr\/wp-json\/wp\/v2\/media\/139206"}],"wp:attachment":[{"href":"https:\/\/mod.wisdar.net\/tr\/wp-json\/wp\/v2\/media?parent=139214"}],"wp:term":[{"taxonomy":"product_brand","embeddable":true,"href":"https:\/\/mod.wisdar.net\/tr\/wp-json\/wp\/v2\/product_brand?post=139214"},{"taxonomy":"product_cat","embeddable":true,"href":"https:\/\/mod.wisdar.net\/tr\/wp-json\/wp\/v2\/product_cat?post=139214"},{"taxonomy":"product_tag","embeddable":true,"href":"https:\/\/mod.wisdar.net\/tr\/wp-json\/wp\/v2\/product_tag?post=139214"}],"curies":[{"name":"wp","href":"https:\/\/api.w.org\/{rel}","templated":true}]}}