{"id":139266,"date":"2026-02-20T11:37:32","date_gmt":"2026-02-20T11:37:32","guid":{"rendered":"https:\/\/modesthanim.com\/product\/cicek-desenli-klos-elbise-beyaz\/"},"modified":"2026-04-11T08:36:19","modified_gmt":"2026-04-11T08:36:19","slug":"cicek-desenli-klos-elbise-beyaz","status":"publish","type":"product","link":"https:\/\/mod.wisdar.net\/tr\/urun\/cicek-desenli-klos-elbise-beyaz\/","title":{"rendered":"\u00c7i\u00e7ek Desenli Klo\u015f Elbise Beyaz"},"content":{"rendered":"<p>Ak\u0131c\u0131 formu ve zarif \u00e7i\u00e7ek desenleriyle romantik bir \u015f\u0131kl\u0131k sunan bu elbise, modern siluetiyle zamans\u0131z bir zarafeti bulu\u015fturur. Klo\u015f kesimi hareket \u00f6zg\u00fcrl\u00fc\u011f\u00fc ve do\u011fal bir ak\u0131\u015f sa\u011flarken, bel hatt\u0131ndaki kemer detay\u0131 silueti incelikle vurgular. G\u00fcnl\u00fck \u015fehir stilinden \u00f6zel davet kombinlerine kadar se\u00e7kin bir duru\u015f sunar.<\/p>\n<p>\u00dcR\u00dcN BEDEN\u0130: 38<\/p>\n<p>MANKEN \u00d6L\u00c7\u00dcS\u00dc<\/p>\n<p>BOY: 175cm<br \/>\nG\u00d6\u011e\u00dcS: 81cm<br \/>\nBEL: 62cm<br \/>\nBASEN: 91cm<\/p>\n","protected":false},"excerpt":{"rendered":"<p>Ak\u0131c\u0131 formu ve zarif \u00e7i\u00e7ek desenleriyle romantik bir \u015f\u0131kl\u0131k sunan bu elbise, modern siluetiyle zamans\u0131z bir zarafeti bulu\u015fturur. Klo\u015f kesimi hareket \u00f6zg\u00fcrl\u00fc\u011f\u00fc ve do\u011fal bir ak\u0131\u015f sa\u011flarken, bel hatt\u0131ndaki kemer detay\u0131 silueti incelikle vurgular. G\u00fcnl\u00fck \u015fehir stilinden \u00f6zel davet kombinlerine kadar se\u00e7kin bir duru\u015f sunar. \u00dcR\u00dcN BEDEN\u0130: 38 MANKEN \u00d6L\u00c7\u00dcS\u00dc BOY: 175cm G\u00d6\u011e\u00dcS: 81cm BEL: [&hellip;]<\/p>\n","protected":false},"featured_media":139257,"comment_status":"open","ping_status":"closed","template":"","meta":[],"product_brand":[],"product_cat":[6249,1933],"product_tag":[],"class_list":{"0":"post-139266","1":"product","2":"type-product","3":"status-publish","4":"has-post-thumbnail","6":"product_cat-elbiseler","7":"product_cat-gunluk-ve-gunduz-elbiseleri","8":"pa_brand-armine","9":"pa_color-beyaz","10":"pa_size-4706","11":"pa_size-4711","12":"pa_size-4713","13":"pa_size-4751","15":"first","16":"instock","17":"sale","18":"shipping-taxable","19":"purchasable","20":"product-type-variable"},"_links":{"self":[{"href":"https:\/\/mod.wisdar.net\/tr\/wp-json\/wp\/v2\/product\/139266","targetHints":{"allow":["GET"]}}],"collection":[{"href":"https:\/\/mod.wisdar.net\/tr\/wp-json\/wp\/v2\/product"}],"about":[{"href":"https:\/\/mod.wisdar.net\/tr\/wp-json\/wp\/v2\/types\/product"}],"replies":[{"embeddable":true,"href":"https:\/\/mod.wisdar.net\/tr\/wp-json\/wp\/v2\/comments?post=139266"}],"wp:featuredmedia":[{"embeddable":true,"href":"https:\/\/mod.wisdar.net\/tr\/wp-json\/wp\/v2\/media\/139257"}],"wp:attachment":[{"href":"https:\/\/mod.wisdar.net\/tr\/wp-json\/wp\/v2\/media?parent=139266"}],"wp:term":[{"taxonomy":"product_brand","embeddable":true,"href":"https:\/\/mod.wisdar.net\/tr\/wp-json\/wp\/v2\/product_brand?post=139266"},{"taxonomy":"product_cat","embeddable":true,"href":"https:\/\/mod.wisdar.net\/tr\/wp-json\/wp\/v2\/product_cat?post=139266"},{"taxonomy":"product_tag","embeddable":true,"href":"https:\/\/mod.wisdar.net\/tr\/wp-json\/wp\/v2\/product_tag?post=139266"}],"curies":[{"name":"wp","href":"https:\/\/api.w.org\/{rel}","templated":true}]}}