{"id":139340,"date":"2026-02-20T11:38:32","date_gmt":"2026-02-20T11:38:32","guid":{"rendered":"https:\/\/modesthanim.com\/product\/beli-lastikli-modal-elbise-haki\/"},"modified":"2026-04-04T08:26:57","modified_gmt":"2026-04-04T08:26:57","slug":"beli-lastikli-modal-elbise-haki","status":"publish","type":"product","link":"https:\/\/mod.wisdar.net\/tr\/urun\/beli-lastikli-modal-elbise-haki\/","title":{"rendered":"Beli Lastikli Modal Elbise Haki"},"content":{"rendered":"<p>Ak\u0131c\u0131 silueti ve dengeli formuyla modern zarafeti yal\u0131n bir \u015f\u0131kl\u0131kla bulu\u015fturan bu elbise, g\u00fcn boyu konforlu ve se\u00e7kin bir duru\u015f sunar. \u0130peksi dokulu modal kuma\u015f\u0131 hafiflik hissi verirken, bel k\u0131sm\u0131ndaki lastik detay\u0131 silueti nazik\u00e7e vurgular. G\u00fcnl\u00fck \u015fehir stilinden daha rafine kombinlere kadar \u00e7ok y\u00f6nl\u00fc bir kullan\u0131m sa\u011flar.<\/p>\n<p>\u00dcR\u00dcN BEDEN\u0130: 38<\/p>\n<p>MANKEN \u00d6L\u00c7\u00dcS\u00dc<\/p>\n<p>BOY: 181cm<br \/>\nG\u00d6\u011e\u00dcS: 78cm<br \/>\nBEL: 59cm<br \/>\nBASEN: 89cm<\/p>\n","protected":false},"excerpt":{"rendered":"<p>Ak\u0131c\u0131 silueti ve dengeli formuyla modern zarafeti yal\u0131n bir \u015f\u0131kl\u0131kla bulu\u015fturan bu elbise, g\u00fcn boyu konforlu ve se\u00e7kin bir duru\u015f sunar. \u0130peksi dokulu modal kuma\u015f\u0131 hafiflik hissi verirken, bel k\u0131sm\u0131ndaki lastik detay\u0131 silueti nazik\u00e7e vurgular. G\u00fcnl\u00fck \u015fehir stilinden daha rafine kombinlere kadar \u00e7ok y\u00f6nl\u00fc bir kullan\u0131m sa\u011flar. \u00dcR\u00dcN BEDEN\u0130: 38 MANKEN \u00d6L\u00c7\u00dcS\u00dc BOY: 181cm G\u00d6\u011e\u00dcS: [&hellip;]<\/p>\n","protected":false},"featured_media":139329,"comment_status":"open","ping_status":"closed","template":"","meta":[],"product_brand":[],"product_cat":[6249,1933],"product_tag":[],"class_list":{"0":"post-139340","1":"product","2":"type-product","3":"status-publish","4":"has-post-thumbnail","6":"product_cat-elbiseler","7":"product_cat-gunluk-ve-gunduz-elbiseleri","8":"pa_brand-armine","9":"pa_color-haki","10":"pa_size-4706","11":"pa_size-4711","12":"pa_size-4713","13":"pa_size-4751","15":"first","16":"instock","17":"sale","18":"shipping-taxable","19":"purchasable","20":"product-type-variable"},"_links":{"self":[{"href":"https:\/\/mod.wisdar.net\/tr\/wp-json\/wp\/v2\/product\/139340","targetHints":{"allow":["GET"]}}],"collection":[{"href":"https:\/\/mod.wisdar.net\/tr\/wp-json\/wp\/v2\/product"}],"about":[{"href":"https:\/\/mod.wisdar.net\/tr\/wp-json\/wp\/v2\/types\/product"}],"replies":[{"embeddable":true,"href":"https:\/\/mod.wisdar.net\/tr\/wp-json\/wp\/v2\/comments?post=139340"}],"wp:featuredmedia":[{"embeddable":true,"href":"https:\/\/mod.wisdar.net\/tr\/wp-json\/wp\/v2\/media\/139329"}],"wp:attachment":[{"href":"https:\/\/mod.wisdar.net\/tr\/wp-json\/wp\/v2\/media?parent=139340"}],"wp:term":[{"taxonomy":"product_brand","embeddable":true,"href":"https:\/\/mod.wisdar.net\/tr\/wp-json\/wp\/v2\/product_brand?post=139340"},{"taxonomy":"product_cat","embeddable":true,"href":"https:\/\/mod.wisdar.net\/tr\/wp-json\/wp\/v2\/product_cat?post=139340"},{"taxonomy":"product_tag","embeddable":true,"href":"https:\/\/mod.wisdar.net\/tr\/wp-json\/wp\/v2\/product_tag?post=139340"}],"curies":[{"name":"wp","href":"https:\/\/api.w.org\/{rel}","templated":true}]}}