{"id":139425,"date":"2026-02-20T11:40:12","date_gmt":"2026-02-20T11:40:12","guid":{"rendered":"https:\/\/modesthanim.com\/product\/desen-mixli-kupra-elbise-indigo\/"},"modified":"2026-04-04T13:23:50","modified_gmt":"2026-04-04T13:23:50","slug":"desen-mixli-kupra-elbise-indigo","status":"publish","type":"product","link":"https:\/\/mod.wisdar.net\/tr\/urun\/desen-mixli-kupra-elbise-indigo\/","title":{"rendered":"Desen Mixli Kupra Elbise \u0130ndigo"},"content":{"rendered":"<p>Ak\u0131c\u0131 kupra dokusu ve modern desen ge\u00e7i\u015fleriyle tasarlanan bu elbise, yal\u0131n bir zarafeti g\u00fc\u00e7l\u00fc detaylarla tamamlar. Dikey fermuar detay\u0131 siluete zarif bir dinamizm katarken, d\u00f6k\u00fcml\u00fc formu g\u00fcn boyu konforlu bir kullan\u0131m sunar. \u015eehir stilinden se\u00e7kin davet kombinlerine kadar sofistike bir duru\u015f arayanlar i\u00e7in zamans\u0131z bir par\u00e7a.<\/p>\n<p>\u00dcR\u00dcN BEDEN\u0130: 38<\/p>\n<p>MANKEN \u00d6L\u00c7\u00dcS\u00dc<\/p>\n<p>BOY: 181cm<br \/>\nG\u00d6\u011e\u00dcS: 78cm<br \/>\nBEL: 59cm<br \/>\nBASEN: 89cm<\/p>\n","protected":false},"excerpt":{"rendered":"<p>Ak\u0131c\u0131 kupra dokusu ve modern desen ge\u00e7i\u015fleriyle tasarlanan bu elbise, yal\u0131n bir zarafeti g\u00fc\u00e7l\u00fc detaylarla tamamlar. Dikey fermuar detay\u0131 siluete zarif bir dinamizm katarken, d\u00f6k\u00fcml\u00fc formu g\u00fcn boyu konforlu bir kullan\u0131m sunar. \u015eehir stilinden se\u00e7kin davet kombinlerine kadar sofistike bir duru\u015f arayanlar i\u00e7in zamans\u0131z bir par\u00e7a. \u00dcR\u00dcN BEDEN\u0130: 38 MANKEN \u00d6L\u00c7\u00dcS\u00dc BOY: 181cm G\u00d6\u011e\u00dcS: 78cm [&hellip;]<\/p>\n","protected":false},"featured_media":139418,"comment_status":"open","ping_status":"closed","template":"","meta":[],"product_brand":[],"product_cat":[6249,1933],"product_tag":[],"class_list":{"0":"post-139425","1":"product","2":"type-product","3":"status-publish","4":"has-post-thumbnail","6":"product_cat-elbiseler","7":"product_cat-gunluk-ve-gunduz-elbiseleri","8":"pa_brand-armine","9":"pa_color-indigo","10":"pa_size-4706","11":"pa_size-4711","12":"pa_size-4713","13":"pa_size-4751","14":"pa_size-4749","16":"first","17":"instock","18":"sale","19":"shipping-taxable","20":"purchasable","21":"product-type-variable"},"_links":{"self":[{"href":"https:\/\/mod.wisdar.net\/tr\/wp-json\/wp\/v2\/product\/139425","targetHints":{"allow":["GET"]}}],"collection":[{"href":"https:\/\/mod.wisdar.net\/tr\/wp-json\/wp\/v2\/product"}],"about":[{"href":"https:\/\/mod.wisdar.net\/tr\/wp-json\/wp\/v2\/types\/product"}],"replies":[{"embeddable":true,"href":"https:\/\/mod.wisdar.net\/tr\/wp-json\/wp\/v2\/comments?post=139425"}],"wp:featuredmedia":[{"embeddable":true,"href":"https:\/\/mod.wisdar.net\/tr\/wp-json\/wp\/v2\/media\/139418"}],"wp:attachment":[{"href":"https:\/\/mod.wisdar.net\/tr\/wp-json\/wp\/v2\/media?parent=139425"}],"wp:term":[{"taxonomy":"product_brand","embeddable":true,"href":"https:\/\/mod.wisdar.net\/tr\/wp-json\/wp\/v2\/product_brand?post=139425"},{"taxonomy":"product_cat","embeddable":true,"href":"https:\/\/mod.wisdar.net\/tr\/wp-json\/wp\/v2\/product_cat?post=139425"},{"taxonomy":"product_tag","embeddable":true,"href":"https:\/\/mod.wisdar.net\/tr\/wp-json\/wp\/v2\/product_tag?post=139425"}],"curies":[{"name":"wp","href":"https:\/\/api.w.org\/{rel}","templated":true}]}}