{"id":139432,"date":"2026-02-20T11:40:10","date_gmt":"2026-02-20T11:40:10","guid":{"rendered":"https:\/\/modesthanim.com\/product\/kirisik-efektli-modal-elbise-siyah\/"},"modified":"2026-04-11T08:43:33","modified_gmt":"2026-04-11T08:43:33","slug":"kirisik-efektli-modal-elbise-siyah","status":"publish","type":"product","link":"https:\/\/mod.wisdar.net\/tr\/urun\/kirisik-efektli-modal-elbise-siyah\/","title":{"rendered":"K\u0131r\u0131\u015f\u0131k Efektli Modal Elbise Siyah"},"content":{"rendered":"<p>Ak\u0131c\u0131 modal dokusu ve do\u011fal k\u0131r\u0131\u015f\u0131k efektli y\u00fczeyiyle modern zarafeti \u00f6zg\u00fcn bir dokunu\u015fla sunan bu elbise, sade formunu sofistike bir karakterle tamamlar. D\u00fc\u011fme kapamal\u0131 tasar\u0131m\u0131 ve rahat kesimi g\u00fcn boyu konfor sa\u011flarken, hareketli dokusu siluete zarif bir dinamizm kazand\u0131r\u0131r. G\u00fcnl\u00fck \u015fehir stilinden se\u00e7kin davet kombinlerine kadar \u00e7ok y\u00f6nl\u00fc bir \u015f\u0131kl\u0131k sunar.<\/p>\n<p>\u00dcR\u00dcN BEDEN\u0130: 38<\/p>\n<p>MANKEN \u00d6L\u00c7\u00dcS\u00dc<\/p>\n<p>BOY: 181cm<br \/>\nG\u00d6\u011e\u00dcS: 78cm<br \/>\nBEL: 59cm<br \/>\nBASEN: 89cm<\/p>\n<p>Kapama \u015eekli:\u00c7\u0131t\u00e7\u0131t Kapama<\/p>\n","protected":false},"excerpt":{"rendered":"<p>Ak\u0131c\u0131 modal dokusu ve do\u011fal k\u0131r\u0131\u015f\u0131k efektli y\u00fczeyiyle modern zarafeti \u00f6zg\u00fcn bir dokunu\u015fla sunan bu elbise, sade formunu sofistike bir karakterle tamamlar. D\u00fc\u011fme kapamal\u0131 tasar\u0131m\u0131 ve rahat kesimi g\u00fcn boyu konfor sa\u011flarken, hareketli dokusu siluete zarif bir dinamizm kazand\u0131r\u0131r. G\u00fcnl\u00fck \u015fehir stilinden se\u00e7kin davet kombinlerine kadar \u00e7ok y\u00f6nl\u00fc bir \u015f\u0131kl\u0131k sunar. \u00dcR\u00dcN BEDEN\u0130: 38 MANKEN [&hellip;]<\/p>\n","protected":false},"featured_media":139417,"comment_status":"open","ping_status":"closed","template":"","meta":[],"product_brand":[],"product_cat":[6249,1933],"product_tag":[6936,5012,6751,6937],"class_list":{"0":"post-139432","1":"product","2":"type-product","3":"status-publish","4":"has-post-thumbnail","6":"product_cat-elbiseler","7":"product_cat-gunluk-ve-gunduz-elbiseleri","8":"product_tag-cok-yonlu","9":"product_tag-elegant","10":"product_tag-rahat","11":"product_tag-siyah-elbise","12":"pa_brand-armine","13":"pa_color-siyah","14":"pa_size-4706","15":"pa_size-4711","16":"pa_size-4713","17":"pa_size-4751","18":"pa_size-4749","20":"first","21":"instock","22":"sale","23":"shipping-taxable","24":"purchasable","25":"product-type-variable"},"_links":{"self":[{"href":"https:\/\/mod.wisdar.net\/tr\/wp-json\/wp\/v2\/product\/139432","targetHints":{"allow":["GET"]}}],"collection":[{"href":"https:\/\/mod.wisdar.net\/tr\/wp-json\/wp\/v2\/product"}],"about":[{"href":"https:\/\/mod.wisdar.net\/tr\/wp-json\/wp\/v2\/types\/product"}],"replies":[{"embeddable":true,"href":"https:\/\/mod.wisdar.net\/tr\/wp-json\/wp\/v2\/comments?post=139432"}],"wp:featuredmedia":[{"embeddable":true,"href":"https:\/\/mod.wisdar.net\/tr\/wp-json\/wp\/v2\/media\/139417"}],"wp:attachment":[{"href":"https:\/\/mod.wisdar.net\/tr\/wp-json\/wp\/v2\/media?parent=139432"}],"wp:term":[{"taxonomy":"product_brand","embeddable":true,"href":"https:\/\/mod.wisdar.net\/tr\/wp-json\/wp\/v2\/product_brand?post=139432"},{"taxonomy":"product_cat","embeddable":true,"href":"https:\/\/mod.wisdar.net\/tr\/wp-json\/wp\/v2\/product_cat?post=139432"},{"taxonomy":"product_tag","embeddable":true,"href":"https:\/\/mod.wisdar.net\/tr\/wp-json\/wp\/v2\/product_tag?post=139432"}],"curies":[{"name":"wp","href":"https:\/\/api.w.org\/{rel}","templated":true}]}}