{"id":139497,"date":"2026-02-20T11:41:02","date_gmt":"2026-02-20T11:41:02","guid":{"rendered":"https:\/\/modesthanim.com\/product\/fermuar-detayli-fitted-elbise-kahve\/"},"modified":"2026-04-06T01:52:08","modified_gmt":"2026-04-06T01:52:08","slug":"fermuar-detayli-fitted-elbise-kahve","status":"publish","type":"product","link":"https:\/\/mod.wisdar.net\/tr\/urun\/fermuar-detayli-fitted-elbise-kahve\/","title":{"rendered":"Fermuar Detayl\u0131 Fitted Elbise Kahve"},"content":{"rendered":"<p>Modern silueti ve zarif kal\u0131b\u0131yla \u015fehirli stilin g\u00fc\u00e7l\u00fc bir temsilcisi. \u00d6n b\u00f6l\u00fcmde yer alan tam boy fermuar detay\u0131 hem fonksiyonel kullan\u0131m sa\u011flar hem de tasar\u0131ma dinamik bir karakter katar. V\u00fccuda oturan fitted kesimi sayesinde feminen bir duru\u015f sunarken, uzun boyu ile \u015f\u0131kl\u0131\u011f\u0131 dengeli bir \u015fekilde tamamlar.<\/p>\n<p>\u00dcR\u00dcN BEDEN\u0130: 38<\/p>\n<p>MANKEN \u00d6L\u00c7\u00dcS\u00dc<\/p>\n<p>BOY: 175cm<br \/>\nG\u00d6\u011e\u00dcS: 83cm<br \/>\nBEL: 60cm<br \/>\nBASEN: 89cm<\/p>\n","protected":false},"excerpt":{"rendered":"<p>Modern silueti ve zarif kal\u0131b\u0131yla \u015fehirli stilin g\u00fc\u00e7l\u00fc bir temsilcisi. \u00d6n b\u00f6l\u00fcmde yer alan tam boy fermuar detay\u0131 hem fonksiyonel kullan\u0131m sa\u011flar hem de tasar\u0131ma dinamik bir karakter katar. V\u00fccuda oturan fitted kesimi sayesinde feminen bir duru\u015f sunarken, uzun boyu ile \u015f\u0131kl\u0131\u011f\u0131 dengeli bir \u015fekilde tamamlar. \u00dcR\u00dcN BEDEN\u0130: 38 MANKEN \u00d6L\u00c7\u00dcS\u00dc BOY: 175cm G\u00d6\u011e\u00dcS: 83cm [&hellip;]<\/p>\n","protected":false},"featured_media":139486,"comment_status":"open","ping_status":"closed","template":"","meta":[],"product_brand":[],"product_cat":[6249,1933],"product_tag":[],"class_list":{"0":"post-139497","1":"product","2":"type-product","3":"status-publish","4":"has-post-thumbnail","6":"product_cat-elbiseler","7":"product_cat-gunluk-ve-gunduz-elbiseleri","8":"pa_brand-armine","9":"pa_color-kahverengi","10":"pa_size-4706","11":"pa_size-4711","12":"pa_size-4713","13":"pa_size-4751","15":"first","16":"instock","17":"sale","18":"shipping-taxable","19":"purchasable","20":"product-type-variable"},"_links":{"self":[{"href":"https:\/\/mod.wisdar.net\/tr\/wp-json\/wp\/v2\/product\/139497","targetHints":{"allow":["GET"]}}],"collection":[{"href":"https:\/\/mod.wisdar.net\/tr\/wp-json\/wp\/v2\/product"}],"about":[{"href":"https:\/\/mod.wisdar.net\/tr\/wp-json\/wp\/v2\/types\/product"}],"replies":[{"embeddable":true,"href":"https:\/\/mod.wisdar.net\/tr\/wp-json\/wp\/v2\/comments?post=139497"}],"wp:featuredmedia":[{"embeddable":true,"href":"https:\/\/mod.wisdar.net\/tr\/wp-json\/wp\/v2\/media\/139486"}],"wp:attachment":[{"href":"https:\/\/mod.wisdar.net\/tr\/wp-json\/wp\/v2\/media?parent=139497"}],"wp:term":[{"taxonomy":"product_brand","embeddable":true,"href":"https:\/\/mod.wisdar.net\/tr\/wp-json\/wp\/v2\/product_brand?post=139497"},{"taxonomy":"product_cat","embeddable":true,"href":"https:\/\/mod.wisdar.net\/tr\/wp-json\/wp\/v2\/product_cat?post=139497"},{"taxonomy":"product_tag","embeddable":true,"href":"https:\/\/mod.wisdar.net\/tr\/wp-json\/wp\/v2\/product_tag?post=139497"}],"curies":[{"name":"wp","href":"https:\/\/api.w.org\/{rel}","templated":true}]}}