{"id":13962,"date":"2025-11-01T21:54:52","date_gmt":"2025-11-01T21:54:52","guid":{"rendered":"https:\/\/modesthanim.com\/product\/sifon-garnili-elastik-bilek-tunik-ekru\/"},"modified":"2026-04-03T17:03:02","modified_gmt":"2026-04-03T17:03:02","slug":"sifon-garnili-elastik-bilek-tunik-ekru","status":"publish","type":"product","link":"https:\/\/mod.wisdar.net\/tr\/urun\/sifon-garnili-elastik-bilek-tunik-ekru\/","title":{"rendered":"\u015eifon Garnili Elastik Bilek Tunik \u2013 Ekru"},"content":{"rendered":"<p>\u015eifon garnili detaylar\u0131 ile hafif ve \u015f\u0131k bir g\u00f6r\u00fcn\u00fcm sunan bu tunik, elastik bilek tasar\u0131m\u0131 ile rahat kullan\u0131m sa\u011flar. Ak\u0131c\u0131 kesimi ve modern g\u00f6r\u00fcn\u00fcm\u00fc ile g\u00fcnl\u00fck ve \u00f6zel kombinleriniz i\u00e7in ideal bir se\u00e7enektir.<\/p>\n<p>Kuma\u015f \u0130\u00e7eri\u011fi: %100 Polyester<br \/>\nKombin Kuma\u015f\u0131: %100 Polyester<br \/>\nDesen: D\u00fcz<br \/>\nYaka Tipi: Bisiklet Yaka<br \/>\nKol Tipi: Uzun Kollu<br \/>\nCep: Cepsiz<br \/>\nAstar: Astars\u0131z<br \/>\n\u00dcr\u00fcn Uzunlu\u011fu: 95 cm<br \/>\nKal\u0131p T\u00fcr\u00fc: Normal Kal\u0131p<br \/>\nModelin Giydi\u011fi Beden: 38<br \/>\nModel \u00d6l\u00e7\u00fcleri: Boy: 176 cm, G\u00f6\u011f\u00fcs: 75 cm, Bel: 59 cm, Kal\u00e7a: 87 cm<\/p>\n<p>\u2014 Teknik Detaylar \u2014<br \/>\nKombin Kuma\u015f\u0131: %100 Polyester<br \/>\nDesen: D\u00fcz<br \/>\nYaka Tipi: Bisiklet Yaka<br \/>\nKol Tipi: Uzun Kollu<br \/>\nCep: Cepsiz<br \/>\nAstar: Astars\u0131z<br \/>\n\u00dcr\u00fcn Uzunlu\u011fu: 95 cm<br \/>\nKal\u0131p T\u00fcr\u00fc: Normal Kal\u0131p<br \/>\nModelin Giydi\u011fi Beden: 38<br \/>\nModel \u00d6l\u00e7\u00fcleri: Boy: 176 cm, G\u00f6\u011f\u00fcs: 75 cm, Bel: 59 cm, Kal\u00e7a: 87 cm<br \/>\nBeden Tablosu (cm): {&#8217;38&#8217;: {&#8216;Omuz&#8217;: 36, &#8216;G\u00f6\u011f\u00fcs&#8217;: 99, &#8216;Bel&#8217;: 106, &#8216;Basen&#8217;: 118, &#8216;Boy&#8217;: 95, &#8216;Kol Uzunlu\u011fu&#8217;: 61}, &#8217;40&#8217;: {&#8216;Omuz&#8217;: 37, &#8216;G\u00f6\u011f\u00fcs&#8217;: 103, &#8216;Bel&#8217;: 110, &#8216;Basen&#8217;: 122, &#8216;Boy&#8217;: 95, &#8216;Kol Uzunlu\u011fu&#8217;: 61}, &#8217;42&#8217;: {&#8216;Omuz&#8217;: 38, &#8216;G\u00f6\u011f\u00fcs&#8217;: 107, &#8216;Bel&#8217;: 114, &#8216;Basen&#8217;: 126, &#8216;Boy&#8217;: 95, &#8216;Kol Uzunlu\u011fu&#8217;: 62}, &#8217;44&#8217;: {&#8216;Omuz&#8217;: 39, &#8216;G\u00f6\u011f\u00fcs&#8217;: 111, &#8216;Bel&#8217;: 118, &#8216;Basen&#8217;: 130, &#8216;Boy&#8217;: 95, &#8216;Kol Uzunlu\u011fu&#8217;: 62}, &#8217;46&#8217;: {&#8216;Omuz&#8217;: 40, &#8216;G\u00f6\u011f\u00fcs&#8217;: 115, &#8216;Bel&#8217;: 122, &#8216;Basen&#8217;: 134, &#8216;Boy&#8217;: 95, &#8216;Kol Uzunlu\u011fu&#8217;: 63}, &#8217;48&#8217;: {&#8216;Omuz&#8217;: 41, &#8216;G\u00f6\u011f\u00fcs&#8217;: 119, &#8216;Bel&#8217;: 126, &#8216;Basen&#8217;: 138, &#8216;Boy&#8217;: 95, &#8216;Kol Uzunlu\u011fu&#8217;: 63}}<\/p>\n","protected":false},"excerpt":{"rendered":"<p>\u015eifon garnili detaylar\u0131 ile hafif ve \u015f\u0131k bir g\u00f6r\u00fcn\u00fcm sunan bu tunik, elastik bilek tasar\u0131m\u0131 ile rahat kullan\u0131m sa\u011flar. Ak\u0131c\u0131 kesimi ve modern g\u00f6r\u00fcn\u00fcm\u00fc ile g\u00fcnl\u00fck ve \u00f6zel kombinleriniz i\u00e7in ideal bir se\u00e7enektir. Kuma\u015f \u0130\u00e7eri\u011fi: %100 Polyester Kombin Kuma\u015f\u0131: %100 Polyester Desen: D\u00fcz Yaka Tipi: Bisiklet Yaka Kol Tipi: Uzun Kollu Cep: Cepsiz Astar: Astars\u0131z [&hellip;]<\/p>\n","protected":false},"featured_media":0,"comment_status":"open","ping_status":"closed","template":"","meta":[],"product_brand":[],"product_cat":[1909],"product_tag":[],"class_list":{"0":"post-13962","1":"product","2":"type-product","3":"status-publish","5":"product_cat-bluzlar-ve-gomlekler","6":"pa_brand-tugba","7":"pa_color-ecru","8":"pa_size-4706","9":"pa_size-4711","10":"pa_size-4713","11":"pa_size-4751","12":"pa_size-4749","13":"pa_size-4747","15":"first","16":"instock","17":"sale","18":"shipping-taxable","19":"purchasable","20":"product-type-variable"},"_links":{"self":[{"href":"https:\/\/mod.wisdar.net\/tr\/wp-json\/wp\/v2\/product\/13962","targetHints":{"allow":["GET"]}}],"collection":[{"href":"https:\/\/mod.wisdar.net\/tr\/wp-json\/wp\/v2\/product"}],"about":[{"href":"https:\/\/mod.wisdar.net\/tr\/wp-json\/wp\/v2\/types\/product"}],"replies":[{"embeddable":true,"href":"https:\/\/mod.wisdar.net\/tr\/wp-json\/wp\/v2\/comments?post=13962"}],"wp:attachment":[{"href":"https:\/\/mod.wisdar.net\/tr\/wp-json\/wp\/v2\/media?parent=13962"}],"wp:term":[{"taxonomy":"product_brand","embeddable":true,"href":"https:\/\/mod.wisdar.net\/tr\/wp-json\/wp\/v2\/product_brand?post=13962"},{"taxonomy":"product_cat","embeddable":true,"href":"https:\/\/mod.wisdar.net\/tr\/wp-json\/wp\/v2\/product_cat?post=13962"},{"taxonomy":"product_tag","embeddable":true,"href":"https:\/\/mod.wisdar.net\/tr\/wp-json\/wp\/v2\/product_tag?post=13962"}],"curies":[{"name":"wp","href":"https:\/\/api.w.org\/{rel}","templated":true}]}}