{"id":139783,"date":"2026-02-20T15:01:37","date_gmt":"2026-02-20T15:01:37","guid":{"rendered":"https:\/\/modesthanim.com\/product\/erkek-bebek-roket-baskili-kisa-kollu-pamuklu-polo-yaka-tisort\/"},"modified":"2026-03-03T10:10:18","modified_gmt":"2026-03-03T10:10:18","slug":"erkek-bebek-roket-baskili-kisa-kollu-pamuklu-polo-yaka-tisort","status":"publish","type":"product","link":"https:\/\/mod.wisdar.net\/tr\/urun\/erkek-bebek-roket-baskili-kisa-kollu-pamuklu-polo-yaka-tisort\/","title":{"rendered":"Erkek Bebek Roket Bask\u0131l\u0131 K\u0131sa Kollu Pamuklu Polo Yaka Ti\u015f\u00f6rt"},"content":{"rendered":"<p>Polo yaka tasar\u0131m\u0131 ve k\u0131sa kolu ile dikkat \u00e7eken ti\u015f\u00f6rt, modern ve \u015f\u0131k bir g\u00f6r\u00fcn\u00fcm sunuyor. Roket bask\u0131s\u0131 minikler i\u00e7in e\u011flenceli bir detay katarken, pamuklu dokusu ile g\u00fcn boyu rahatl\u0131k sa\u011fl\u0131yor. D\u00fc\u011fmeli yap\u0131s\u0131yla kolay giyilip \u00e7\u0131kart\u0131labilen ti\u015f\u00f6rt, hareket \u00f6zg\u00fcrl\u00fc\u011f\u00fc sunarak miniklerin favorisi oluyor.<\/p>\n<p>\u00dcr\u00fcn \u00d6zellikleri<br \/>\nKol Tipi: K\u0131sa Kol<br \/>\nYaka Tipi: Polo Yaka<br \/>\nKuma\u015f: %100 Pamuk<br \/>\nDetay: D\u00fc\u011fmeli, Bask\u0131l\u0131<br \/>\nKullan\u0131m Alan\u0131: G\u00fcnl\u00fck Giyim<\/p>\n<p>Koton erkek bebek koleksiyonu, her mevsim rahat ve \u015f\u0131kl\u0131\u011f\u0131 bir arada sunuyor! Enerjik tasar\u0131mlar\u0131yla miniklerin gard\u0131robunu canland\u0131r\u0131n!<\/p>\n<p>\u00dcr\u00fcnlerimiz kimyasallara kar\u015f\u0131 test edilerek, t\u00fcm g\u00fcvenlik kurallar\u0131na uygun olarak \u00fcretilir. \u00dcr\u00fcnlerimizde sa\u011fl\u0131\u011fa zararl\u0131 boyalar ve a\u011f\u0131r metaller, tehlikeli yutulabilecek k\u00fc\u00e7\u00fck ve keskin par\u00e7alar, kordon ve ba\u011fc\u0131klar bulunmamaktad\u0131r.<\/p>\n","protected":false},"excerpt":{"rendered":"<p>Polo yaka tasar\u0131m\u0131 ve k\u0131sa kolu ile dikkat \u00e7eken ti\u015f\u00f6rt, modern ve \u015f\u0131k bir g\u00f6r\u00fcn\u00fcm sunuyor. Roket bask\u0131s\u0131 minikler i\u00e7in e\u011flenceli bir detay katarken, pamuklu dokusu ile g\u00fcn boyu rahatl\u0131k sa\u011fl\u0131yor. D\u00fc\u011fmeli yap\u0131s\u0131yla kolay giyilip \u00e7\u0131kart\u0131labilen ti\u015f\u00f6rt, hareket \u00f6zg\u00fcrl\u00fc\u011f\u00fc sunarak miniklerin favorisi oluyor. \u00dcr\u00fcn \u00d6zellikleri Kol Tipi: K\u0131sa Kol Yaka Tipi: Polo Yaka Kuma\u015f: %100 [&hellip;]<\/p>\n","protected":false},"featured_media":139780,"comment_status":"open","ping_status":"closed","template":"","meta":[],"product_brand":[],"product_cat":[8739,8694,8742,8697,8700],"product_tag":[7426],"class_list":{"0":"post-139783","1":"product","2":"type-product","3":"status-publish","4":"has-post-thumbnail","6":"product_cat-erkek-cocuklar-2-14-yas","7":"product_cat-cocuklar","8":"product_cat-tisortler-gomlekler","9":"product_cat-yenidogan-0-12-ay","10":"product_cat-yenidogan-giyim","11":"product_tag-gunluk-giyim-3","12":"pa_brand-koton","13":"pa_color-beyaz","14":"pa_size-12-18-ay-2","15":"pa_size-18-24-ay-2","16":"pa_size-24-36-ay-2","17":"pa_size-3-4-yas-2","18":"pa_size-4-5-yas-2","19":"pa_size-9-12-ay-3","21":"first","22":"instock","23":"sale","24":"shipping-taxable","25":"purchasable","26":"product-type-variable"},"_links":{"self":[{"href":"https:\/\/mod.wisdar.net\/tr\/wp-json\/wp\/v2\/product\/139783","targetHints":{"allow":["GET"]}}],"collection":[{"href":"https:\/\/mod.wisdar.net\/tr\/wp-json\/wp\/v2\/product"}],"about":[{"href":"https:\/\/mod.wisdar.net\/tr\/wp-json\/wp\/v2\/types\/product"}],"replies":[{"embeddable":true,"href":"https:\/\/mod.wisdar.net\/tr\/wp-json\/wp\/v2\/comments?post=139783"}],"wp:featuredmedia":[{"embeddable":true,"href":"https:\/\/mod.wisdar.net\/tr\/wp-json\/wp\/v2\/media\/139780"}],"wp:attachment":[{"href":"https:\/\/mod.wisdar.net\/tr\/wp-json\/wp\/v2\/media?parent=139783"}],"wp:term":[{"taxonomy":"product_brand","embeddable":true,"href":"https:\/\/mod.wisdar.net\/tr\/wp-json\/wp\/v2\/product_brand?post=139783"},{"taxonomy":"product_cat","embeddable":true,"href":"https:\/\/mod.wisdar.net\/tr\/wp-json\/wp\/v2\/product_cat?post=139783"},{"taxonomy":"product_tag","embeddable":true,"href":"https:\/\/mod.wisdar.net\/tr\/wp-json\/wp\/v2\/product_tag?post=139783"}],"curies":[{"name":"wp","href":"https:\/\/api.w.org\/{rel}","templated":true}]}}