{"id":139820,"date":"2026-02-20T15:03:48","date_gmt":"2026-02-20T15:03:48","guid":{"rendered":"https:\/\/modesthanim.com\/product\/erkek-bebek-pamuklu-cepli-rahat-kalip-dugmeli-balon-form-denim-pantolon\/"},"modified":"2026-03-19T04:41:11","modified_gmt":"2026-03-19T04:41:11","slug":"erkek-bebek-pamuklu-cepli-rahat-kalip-dugmeli-balon-form-denim-pantolon","status":"publish","type":"product","link":"https:\/\/mod.wisdar.net\/tr\/urun\/erkek-bebek-pamuklu-cepli-rahat-kalip-dugmeli-balon-form-denim-pantolon\/","title":{"rendered":"Erkek Bebek Pamuklu Cepli Rahat Kal\u0131p D\u00fc\u011fmeli Balon Form Denim Pantolon"},"content":{"rendered":"<p>Denim pantolon, balon formuyla miniklerin hareket \u00f6zg\u00fcrl\u00fc\u011f\u00fcn\u00fc \u00f6n planda tutuyor. Rahat kal\u0131b\u0131yla konforlu bir kullan\u0131m sunuyor. Be\u015f cepli tasar\u0131m\u0131yla fonksiyonel bir se\u00e7enek oluyor, d\u00fc\u011fmeli kapama detay\u0131 ile de pratiklik sa\u011fl\u0131yor. Farkl\u0131 par\u00e7alarla kolayca kombinlenebiliyor.<\/p>\n<p>\u00dcr\u00fcn \u00d6zellikleri<br \/>\nKuma\u015f: %100 Pamuk<br \/>\nFit: Rahat Kal\u0131p<br \/>\nPa\u00e7a Bilgisi: Normal Pa\u00e7a<br \/>\nDetay: D\u00fc\u011fmeli<br \/>\nSiluet: Balon Form<br \/>\nKullan\u0131m Alan\u0131: G\u00fcnl\u00fck Giyim<\/p>\n<p>Koton erkek bebek pantolon modelleri, miniklerin enerjisine ayak uyduruyor. Stil ve konforu bir arada sunan tasar\u0131mlar i\u00e7in Koton bebek koleksiyonunu ke\u015ffedin!<\/p>\n<p>\u0130ndigo \u00dcr\u00fcn Kullan\u0131m Bilgisi: \u00dcr\u00fcn\u00fcm\u00fczde kullan\u0131lan indigo boya, kullan\u0131m esnas\u0131nda giysilerinize bir miktar renk verebilir. \u0130lk y\u0131kama tersten ve tek ba\u015f\u0131na, sonraki y\u0131kamalarda ise yine tersten ve renkli \u00e7ama\u015f\u0131rlar ile birlikte y\u0131kaman\u0131z\u0131 tavsiye ederiz.<br \/>\n\u00dcr\u00fcnlerimiz kimyasallara kar\u015f\u0131 test edilerek, t\u00fcm g\u00fcvenlik kurallar\u0131na uygun olarak \u00fcretilir. \u00dcr\u00fcnlerimizde sa\u011fl\u0131\u011fa zararl\u0131 boyalar ve a\u011f\u0131r metaller, tehlikeli yutulabilecek k\u00fc\u00e7\u00fck ve keskin par\u00e7alar, kordon ve ba\u011fc\u0131klar bulunmamaktad\u0131r.<\/p>\n","protected":false},"excerpt":{"rendered":"<p>Denim pantolon, balon formuyla miniklerin hareket \u00f6zg\u00fcrl\u00fc\u011f\u00fcn\u00fc \u00f6n planda tutuyor. Rahat kal\u0131b\u0131yla konforlu bir kullan\u0131m sunuyor. Be\u015f cepli tasar\u0131m\u0131yla fonksiyonel bir se\u00e7enek oluyor, d\u00fc\u011fmeli kapama detay\u0131 ile de pratiklik sa\u011fl\u0131yor. Farkl\u0131 par\u00e7alarla kolayca kombinlenebiliyor. \u00dcr\u00fcn \u00d6zellikleri Kuma\u015f: %100 Pamuk Fit: Rahat Kal\u0131p Pa\u00e7a Bilgisi: Normal Pa\u00e7a Detay: D\u00fc\u011fmeli Siluet: Balon Form Kullan\u0131m Alan\u0131: G\u00fcnl\u00fck Giyim [&hellip;]<\/p>\n","protected":false},"featured_media":139816,"comment_status":"open","ping_status":"closed","template":"","meta":[],"product_brand":[],"product_cat":[8739,8694,8748,8697,8700],"product_tag":[],"class_list":{"0":"post-139820","1":"product","2":"type-product","3":"status-publish","4":"has-post-thumbnail","6":"product_cat-erkek-cocuklar-2-14-yas","7":"product_cat-cocuklar","8":"product_cat-pantolonlar-sortlar","9":"product_cat-yenidogan-0-12-ay","10":"product_cat-yenidogan-giyim","11":"pa_brand-koton","12":"pa_color-orta-indigo","13":"pa_size-12-18-ay-2","14":"pa_size-18-24-ay-2","15":"pa_size-24-36-ay-2","16":"pa_size-3-4-yas-2","17":"pa_size-4-5-yas-2","18":"pa_size-9-12-ay-3","20":"first","21":"instock","22":"sale","23":"shipping-taxable","24":"purchasable","25":"product-type-variable"},"_links":{"self":[{"href":"https:\/\/mod.wisdar.net\/tr\/wp-json\/wp\/v2\/product\/139820","targetHints":{"allow":["GET"]}}],"collection":[{"href":"https:\/\/mod.wisdar.net\/tr\/wp-json\/wp\/v2\/product"}],"about":[{"href":"https:\/\/mod.wisdar.net\/tr\/wp-json\/wp\/v2\/types\/product"}],"replies":[{"embeddable":true,"href":"https:\/\/mod.wisdar.net\/tr\/wp-json\/wp\/v2\/comments?post=139820"}],"wp:featuredmedia":[{"embeddable":true,"href":"https:\/\/mod.wisdar.net\/tr\/wp-json\/wp\/v2\/media\/139816"}],"wp:attachment":[{"href":"https:\/\/mod.wisdar.net\/tr\/wp-json\/wp\/v2\/media?parent=139820"}],"wp:term":[{"taxonomy":"product_brand","embeddable":true,"href":"https:\/\/mod.wisdar.net\/tr\/wp-json\/wp\/v2\/product_brand?post=139820"},{"taxonomy":"product_cat","embeddable":true,"href":"https:\/\/mod.wisdar.net\/tr\/wp-json\/wp\/v2\/product_cat?post=139820"},{"taxonomy":"product_tag","embeddable":true,"href":"https:\/\/mod.wisdar.net\/tr\/wp-json\/wp\/v2\/product_tag?post=139820"}],"curies":[{"name":"wp","href":"https:\/\/api.w.org\/{rel}","templated":true}]}}