{"id":139900,"date":"2026-02-20T15:05:59","date_gmt":"2026-02-20T15:05:59","guid":{"rendered":"https:\/\/modesthanim.com\/product\/erkek-bebek-pamuklu-beli-bagcikli-lastikli-cepli-jogger-denim-pantolon\/"},"modified":"2026-03-19T04:34:25","modified_gmt":"2026-03-19T04:34:25","slug":"erkek-bebek-pamuklu-beli-bagcikli-lastikli-cepli-jogger-denim-pantolon","status":"publish","type":"product","link":"https:\/\/mod.wisdar.net\/tr\/urun\/erkek-bebek-pamuklu-beli-bagcikli-lastikli-cepli-jogger-denim-pantolon\/","title":{"rendered":"Erkek Bebek Pamuklu Beli Ba\u011fc\u0131kl\u0131 Lastikli Cepli Jogger Denim Pantolon"},"content":{"rendered":"<p>Jogger tarz\u0131ndaki denim pantolon, rahat yap\u0131s\u0131yla bebekler i\u00e7in ideal bir se\u00e7enek sunuyor. Beli ba\u011fc\u0131kl\u0131 tasar\u0131m\u0131 sayesinde kolayca giyilirken, pamuklu kuma\u015f\u0131 yumu\u015fak bir dokunu\u015f sa\u011fl\u0131yor. Lastikli pa\u00e7alar\u0131 hareket \u00f6zg\u00fcrl\u00fc\u011f\u00fc sunarken, cep detaylar\u0131 miniklere \u015firin bir g\u00f6r\u00fcn\u00fcm kat\u0131yor.<\/p>\n<p>\u00dcr\u00fcn \u00d6zellikleri<br \/>\nKuma\u015f: %100 Pamuk<br \/>\nBel Tipi: Normal Bel<br \/>\nCep Tipi: 5 Cep<br \/>\nPa\u00e7a Bilgisi: Lastikli Pa\u00e7a<br \/>\nStil: Jogger<br \/>\nDetay: Beli Ba\u011fc\u0131kl\u0131<br \/>\nKullan\u0131m Alan\u0131: G\u00fcnl\u00fck Giyim<\/p>\n<p>Koton erkek bebek giyim koleksiyonu, miniklerin konforunu \u00f6n planda tutuyor. \u015eirin ve rahat par\u00e7alarla dolu Koton bebek koleksiyonunu ke\u015ffedin!<\/p>\n<p>\u00dcr\u00fcnlerimiz kimyasallara kar\u015f\u0131 test edilerek, t\u00fcm g\u00fcvenlik kurallar\u0131na uygun olarak \u00fcretilir. \u00dcr\u00fcnlerimizde sa\u011fl\u0131\u011fa zararl\u0131 boyalar ve a\u011f\u0131r metaller, tehlikeli yutulabilecek k\u00fc\u00e7\u00fck ve keskin par\u00e7alar, kordon ve ba\u011fc\u0131klar bulunmamaktad\u0131r.<\/p>\n<p>\u2014 Technical Details \u2014<br \/>\nkuma\u015f: %100 PAMUK<br \/>\nsil\u00fcet: Jogger<br \/>\nbel_y\u00fcksekli\u011fi: Standart Bel<br \/>\n\u00fcr\u00fcn_tipi_stil: Jogger<br \/>\nalt_marka: Kidswear<br \/>\nsat\u0131c\u0131: Koton Ma\u011fazac\u0131l\u0131k Tekstil Sanayi ve Ticaret A.\u015e.<br \/>\nadres: Ayaza\u011fa Mah. Maslak Ayaza\u011fa Cad. No:3 \u0130\u00e7 Kap\u0131 No:5 Sar\u0131yer\/\u0130stanbul<br \/>\nemail: mim@koton.com<\/p>\n","protected":false},"excerpt":{"rendered":"<p>Jogger tarz\u0131ndaki denim pantolon, rahat yap\u0131s\u0131yla bebekler i\u00e7in ideal bir se\u00e7enek sunuyor. Beli ba\u011fc\u0131kl\u0131 tasar\u0131m\u0131 sayesinde kolayca giyilirken, pamuklu kuma\u015f\u0131 yumu\u015fak bir dokunu\u015f sa\u011fl\u0131yor. Lastikli pa\u00e7alar\u0131 hareket \u00f6zg\u00fcrl\u00fc\u011f\u00fc sunarken, cep detaylar\u0131 miniklere \u015firin bir g\u00f6r\u00fcn\u00fcm kat\u0131yor. \u00dcr\u00fcn \u00d6zellikleri Kuma\u015f: %100 Pamuk Bel Tipi: Normal Bel Cep Tipi: 5 Cep Pa\u00e7a Bilgisi: Lastikli Pa\u00e7a Stil: Jogger [&hellip;]<\/p>\n","protected":false},"featured_media":139894,"comment_status":"open","ping_status":"closed","template":"","meta":[],"product_brand":[],"product_cat":[8739,8694,8748,8697,8700],"product_tag":[8281,7844,7426,7491,8039,7488,6751],"class_list":{"0":"post-139900","1":"product","2":"type-product","3":"status-publish","4":"has-post-thumbnail","6":"product_cat-erkek-cocuklar-2-14-yas","7":"product_cat-cocuklar","8":"product_cat-pantolonlar-sortlar","9":"product_cat-yenidogan-0-12-ay","10":"product_cat-yenidogan-giyim","11":"product_tag-bagcikli-bel","12":"product_tag-denim","13":"product_tag-gunluk-giyim-3","14":"product_tag-jogger-pantolon","15":"product_tag-koton","16":"product_tag-pamuk","17":"product_tag-rahat","18":"pa_brand-koton","19":"pa_color-orta-indigo","20":"pa_size-12-18-ay-2","21":"pa_size-18-24-ay-2","22":"pa_size-24-36-ay-2","23":"pa_size-3-4-yas-2","24":"pa_size-4-5-yas-2","25":"pa_size-9-12-ay-3","27":"first","28":"instock","29":"sale","30":"shipping-taxable","31":"purchasable","32":"product-type-variable"},"_links":{"self":[{"href":"https:\/\/mod.wisdar.net\/tr\/wp-json\/wp\/v2\/product\/139900","targetHints":{"allow":["GET"]}}],"collection":[{"href":"https:\/\/mod.wisdar.net\/tr\/wp-json\/wp\/v2\/product"}],"about":[{"href":"https:\/\/mod.wisdar.net\/tr\/wp-json\/wp\/v2\/types\/product"}],"replies":[{"embeddable":true,"href":"https:\/\/mod.wisdar.net\/tr\/wp-json\/wp\/v2\/comments?post=139900"}],"wp:featuredmedia":[{"embeddable":true,"href":"https:\/\/mod.wisdar.net\/tr\/wp-json\/wp\/v2\/media\/139894"}],"wp:attachment":[{"href":"https:\/\/mod.wisdar.net\/tr\/wp-json\/wp\/v2\/media?parent=139900"}],"wp:term":[{"taxonomy":"product_brand","embeddable":true,"href":"https:\/\/mod.wisdar.net\/tr\/wp-json\/wp\/v2\/product_brand?post=139900"},{"taxonomy":"product_cat","embeddable":true,"href":"https:\/\/mod.wisdar.net\/tr\/wp-json\/wp\/v2\/product_cat?post=139900"},{"taxonomy":"product_tag","embeddable":true,"href":"https:\/\/mod.wisdar.net\/tr\/wp-json\/wp\/v2\/product_tag?post=139900"}],"curies":[{"name":"wp","href":"https:\/\/api.w.org\/{rel}","templated":true}]}}