{"id":139942,"date":"2026-02-20T15:06:58","date_gmt":"2026-02-20T15:06:58","guid":{"rendered":"https:\/\/modesthanim.com\/product\/kiz-cocuk-cepli-uzun-kollu-yari-fermuarli-oversize-sweatshirt\/"},"modified":"2026-04-15T21:29:42","modified_gmt":"2026-04-15T21:29:42","slug":"kiz-cocuk-cepli-uzun-kollu-yari-fermuarli-oversize-sweatshirt","status":"publish","type":"product","link":"https:\/\/mod.wisdar.net\/tr\/urun\/kiz-cocuk-cepli-uzun-kollu-yari-fermuarli-oversize-sweatshirt\/","title":{"rendered":"K\u0131z \u00c7ocuk Cepli Uzun Kollu Yar\u0131 Fermuarl\u0131 Oversize Sweatshirt"},"content":{"rendered":"<p>Yar\u0131 fermuarl\u0131 oversize sweatshirt, viskon kar\u0131\u015f\u0131ml\u0131 kuma\u015f\u0131yla g\u00fcn boyu rahatl\u0131k sunuyor. Yar\u0131m fermuarl\u0131 yaka tasar\u0131m\u0131 sayesinde pratik bir giyim deneyimi sa\u011fl\u0131yor. Kanguru cepleri ile sportif bir stil yarat\u0131yor. Oversize kal\u0131b\u0131 ile hareket \u00f6zg\u00fcrl\u00fc\u011f\u00fc sa\u011flayan sweatshirt, favoriler aras\u0131nda yer al\u0131yor.<\/p>\n<p>\u00dcr\u00fcn \u00d6zellikleri<br \/>\nKol Tipi: Uzun Kol<br \/>\nYaka Tipi: Fermuarl\u0131 Yaka<br \/>\nKuma\u015f: %51 Viskon, %7 Elastan, %42 Polyester<br \/>\nDetay: Fermuar Detayl\u0131, Cep Detayl\u0131<br \/>\nFit: Oversize<br \/>\nKullan\u0131m Alan\u0131: G\u00fcnl\u00fck Giyim, Spor Giyim<\/p>\n<p>Koton k\u0131z \u00e7ocuk giyim koleksiyonu, sevimli ve rahat tasar\u0131m\u0131yla miniklerin favorisi oluyor! Koton Kids ile enerjik ve e\u011flenceli tasar\u0131mlarla dolu d\u00fcnyay\u0131 ke\u015ffedin!<\/p>\n","protected":false},"excerpt":{"rendered":"<p>Yar\u0131 fermuarl\u0131 oversize sweatshirt, viskon kar\u0131\u015f\u0131ml\u0131 kuma\u015f\u0131yla g\u00fcn boyu rahatl\u0131k sunuyor. Yar\u0131m fermuarl\u0131 yaka tasar\u0131m\u0131 sayesinde pratik bir giyim deneyimi sa\u011fl\u0131yor. Kanguru cepleri ile sportif bir stil yarat\u0131yor. Oversize kal\u0131b\u0131 ile hareket \u00f6zg\u00fcrl\u00fc\u011f\u00fc sa\u011flayan sweatshirt, favoriler aras\u0131nda yer al\u0131yor. \u00dcr\u00fcn \u00d6zellikleri Kol Tipi: Uzun Kol Yaka Tipi: Fermuarl\u0131 Yaka Kuma\u015f: %51 Viskon, %7 Elastan, %42 [&hellip;]<\/p>\n","protected":false},"featured_media":139932,"comment_status":"open","ping_status":"closed","template":"","meta":[],"product_brand":[],"product_cat":[8715,8694,8724],"product_tag":[7352,7419,7423,6751,7420,6768,7331],"class_list":{"0":"post-139942","1":"product","2":"type-product","3":"status-publish","4":"has-post-thumbnail","6":"product_cat-kiz-cocuklari-2-14-yas","7":"product_cat-cocuklar","8":"product_cat-tisortler-bluzlar","9":"product_tag-cepli","10":"product_tag-gunluk","11":"product_tag-oversize-2","12":"product_tag-rahat","13":"product_tag-sportif","14":"product_tag-uzun-kol","15":"product_tag-yarim-fermuar","16":"pa_brand-koton","17":"pa_color-gri","18":"pa_size-11-12-yas-2","19":"pa_size-13-14-yas-2","20":"pa_size-5-6-yas-2","21":"pa_size-6-7-yas-2","22":"pa_size-7-8-yas-2","23":"pa_size-9-10-yas-2","25":"first","26":"instock","27":"sale","28":"shipping-taxable","29":"purchasable","30":"product-type-variable"},"_links":{"self":[{"href":"https:\/\/mod.wisdar.net\/tr\/wp-json\/wp\/v2\/product\/139942","targetHints":{"allow":["GET"]}}],"collection":[{"href":"https:\/\/mod.wisdar.net\/tr\/wp-json\/wp\/v2\/product"}],"about":[{"href":"https:\/\/mod.wisdar.net\/tr\/wp-json\/wp\/v2\/types\/product"}],"replies":[{"embeddable":true,"href":"https:\/\/mod.wisdar.net\/tr\/wp-json\/wp\/v2\/comments?post=139942"}],"wp:featuredmedia":[{"embeddable":true,"href":"https:\/\/mod.wisdar.net\/tr\/wp-json\/wp\/v2\/media\/139932"}],"wp:attachment":[{"href":"https:\/\/mod.wisdar.net\/tr\/wp-json\/wp\/v2\/media?parent=139942"}],"wp:term":[{"taxonomy":"product_brand","embeddable":true,"href":"https:\/\/mod.wisdar.net\/tr\/wp-json\/wp\/v2\/product_brand?post=139942"},{"taxonomy":"product_cat","embeddable":true,"href":"https:\/\/mod.wisdar.net\/tr\/wp-json\/wp\/v2\/product_cat?post=139942"},{"taxonomy":"product_tag","embeddable":true,"href":"https:\/\/mod.wisdar.net\/tr\/wp-json\/wp\/v2\/product_tag?post=139942"}],"curies":[{"name":"wp","href":"https:\/\/api.w.org\/{rel}","templated":true}]}}