{"id":139979,"date":"2026-02-20T15:07:48","date_gmt":"2026-02-20T15:07:48","guid":{"rendered":"https:\/\/modesthanim.com\/product\/kiz-cocuk-beli-lastikli-cepli-basic-jogger-esofman-alti\/"},"modified":"2026-03-03T10:09:49","modified_gmt":"2026-03-03T10:09:49","slug":"kiz-cocuk-beli-lastikli-cepli-basic-jogger-esofman-alti","status":"publish","type":"product","link":"https:\/\/mod.wisdar.net\/tr\/urun\/kiz-cocuk-beli-lastikli-cepli-basic-jogger-esofman-alti\/","title":{"rendered":"K\u0131z \u00c7ocuk Beli Lastikli Cepli Basic Jogger E\u015fofman Alt\u0131"},"content":{"rendered":"<p>Jogger e\u015fofman alt\u0131, yumu\u015fak viskon kar\u0131\u015f\u0131ml\u0131 kuma\u015f\u0131 ve \u015f\u0131k nerv\u00fcr detaylar\u0131yla \u00f6ne \u00e7\u0131k\u0131yor. Yan cepleri sayesinde pratik kullan\u0131m sa\u011flarken, lastikli pa\u00e7a detay\u0131 ile rahat bir kullan\u0131m sunuyor. Lastikli beli ve rahat kesimiyle \u00e7ocuklar\u0131n favorisi olmaya aday!<\/p>\n<p>\u00dcr\u00fcn \u00d6zellikleri<br \/>\nPa\u00e7a Tipi: Lastikli<br \/>\nBel Tipi: Normal Bel<br \/>\nDetay: Nerv\u00fcrl\u00fc<br \/>\nKullan\u0131m Alan\u0131: G\u00fcnl\u00fck Giyim, Spor Giyim<\/p>\n<p>Koton k\u0131z \u00e7ocuk giyim koleksiyonu, her mevsim \u015f\u0131kl\u0131\u011f\u0131 ve rahatl\u0131\u011f\u0131 bir arada sunuyor! Enerji dolu tasar\u0131mlar\u0131yla Koton Kids koleksiyonu miniklerin favorisi oluyor!<\/p>\n","protected":false},"excerpt":{"rendered":"<p>Jogger e\u015fofman alt\u0131, yumu\u015fak viskon kar\u0131\u015f\u0131ml\u0131 kuma\u015f\u0131 ve \u015f\u0131k nerv\u00fcr detaylar\u0131yla \u00f6ne \u00e7\u0131k\u0131yor. Yan cepleri sayesinde pratik kullan\u0131m sa\u011flarken, lastikli pa\u00e7a detay\u0131 ile rahat bir kullan\u0131m sunuyor. Lastikli beli ve rahat kesimiyle \u00e7ocuklar\u0131n favorisi olmaya aday! \u00dcr\u00fcn \u00d6zellikleri Pa\u00e7a Tipi: Lastikli Bel Tipi: Normal Bel Detay: Nerv\u00fcrl\u00fc Kullan\u0131m Alan\u0131: G\u00fcnl\u00fck Giyim, Spor Giyim Koton k\u0131z [&hellip;]<\/p>\n","protected":false},"featured_media":139974,"comment_status":"open","ping_status":"closed","template":"","meta":[],"product_brand":[],"product_cat":[8715,8694,8727],"product_tag":[7491,6765],"class_list":{"0":"post-139979","1":"product","2":"type-product","3":"status-publish","4":"has-post-thumbnail","6":"product_cat-kiz-cocuklari-2-14-yas","7":"product_cat-cocuklar","8":"product_cat-pantolon","9":"product_tag-jogger-pantolon","10":"product_tag-lastikli-bel","11":"pa_brand-koton","12":"pa_color-gri","13":"pa_size-11-12-yas-2","14":"pa_size-13-14-yas-2","15":"pa_size-5-6-yas-2","16":"pa_size-6-7-yas-2","17":"pa_size-7-8-yas-2","18":"pa_size-9-10-yas-2","20":"first","21":"instock","22":"sale","23":"shipping-taxable","24":"purchasable","25":"product-type-variable"},"_links":{"self":[{"href":"https:\/\/mod.wisdar.net\/tr\/wp-json\/wp\/v2\/product\/139979","targetHints":{"allow":["GET"]}}],"collection":[{"href":"https:\/\/mod.wisdar.net\/tr\/wp-json\/wp\/v2\/product"}],"about":[{"href":"https:\/\/mod.wisdar.net\/tr\/wp-json\/wp\/v2\/types\/product"}],"replies":[{"embeddable":true,"href":"https:\/\/mod.wisdar.net\/tr\/wp-json\/wp\/v2\/comments?post=139979"}],"wp:featuredmedia":[{"embeddable":true,"href":"https:\/\/mod.wisdar.net\/tr\/wp-json\/wp\/v2\/media\/139974"}],"wp:attachment":[{"href":"https:\/\/mod.wisdar.net\/tr\/wp-json\/wp\/v2\/media?parent=139979"}],"wp:term":[{"taxonomy":"product_brand","embeddable":true,"href":"https:\/\/mod.wisdar.net\/tr\/wp-json\/wp\/v2\/product_brand?post=139979"},{"taxonomy":"product_cat","embeddable":true,"href":"https:\/\/mod.wisdar.net\/tr\/wp-json\/wp\/v2\/product_cat?post=139979"},{"taxonomy":"product_tag","embeddable":true,"href":"https:\/\/mod.wisdar.net\/tr\/wp-json\/wp\/v2\/product_tag?post=139979"}],"curies":[{"name":"wp","href":"https:\/\/api.w.org\/{rel}","templated":true}]}}