{"id":140030,"date":"2026-02-20T15:09:59","date_gmt":"2026-02-20T15:09:59","guid":{"rendered":"https:\/\/modesthanim.com\/product\/kiz-cocuk-baskili-uzun-kollu-bisiklet-yaka-sardonlu-esofman-takimi\/"},"modified":"2026-04-13T09:02:53","modified_gmt":"2026-04-13T09:02:53","slug":"kiz-cocuk-baskili-uzun-kollu-bisiklet-yaka-sardonlu-esofman-takimi","status":"publish","type":"product","link":"https:\/\/mod.wisdar.net\/tr\/urun\/kiz-cocuk-baskili-uzun-kollu-bisiklet-yaka-sardonlu-esofman-takimi\/","title":{"rendered":"K\u0131z \u00c7ocuk Bask\u0131l\u0131 Uzun Kollu Bisiklet Yaka \u015eardonlu E\u015fofman Tak\u0131m\u0131"},"content":{"rendered":"<p>\u015eardonlu e\u015fofman tak\u0131m\u0131, sevimli bask\u0131s\u0131yla dikkat \u00e7ekiyor. Uzun kollu ve bisiklet yaka tasar\u0131m\u0131yla g\u00fcn boyu rahatl\u0131k sunarken, enerji dolu tasar\u0131m\u0131yla \u00e7ocuklar\u0131n\u0131n dolab\u0131na renk kat\u0131yor. \u00c7ocu\u011funuza hem konforlu hem de e\u011flenceli bir g\u00f6r\u00fcn\u00fcm sunan e\u015fofman tak\u0131m\u0131, \u00e7ocuklar i\u00e7in ideal bir se\u00e7im olarak \u00f6ne \u00e7\u0131k\u0131yor. \u00dcr\u00fcn \u00d6zellikleri Kol Tipi: Uzun Kol Yaka Tipi: Bisiklet Yaka Detay: Bask\u0131l\u0131 Kullan\u0131m Alan\u0131: G\u00fcnl\u00fck Giyim, Spor Giyim Koton k\u0131z \u00e7ocuk giyim koleksiyonu, renkli ve e\u011flenceli tasar\u0131mlar\u0131yla miniklerin gard\u0131robunu canland\u0131r\u0131yor! Renkli ve e\u011flenceli tasar\u0131mlarla dolu Koton k\u0131z \u00e7ocuk koleksiyonunu ke\u015ffedin! \u00c7oklu paketlerimizde, \u00fcr\u00fcnlerin kuma\u015f bilgileri farkl\u0131l\u0131k g\u00f6sterebilir.<\/p>\n","protected":false},"excerpt":{"rendered":"<p>\u015eardonlu e\u015fofman tak\u0131m\u0131, sevimli bask\u0131s\u0131yla dikkat \u00e7ekiyor. Uzun kollu ve bisiklet yaka tasar\u0131m\u0131yla g\u00fcn boyu rahatl\u0131k sunarken, enerji dolu tasar\u0131m\u0131yla \u00e7ocuklar\u0131n\u0131n dolab\u0131na renk kat\u0131yor. \u00c7ocu\u011funuza hem konforlu hem de e\u011flenceli bir g\u00f6r\u00fcn\u00fcm sunan e\u015fofman tak\u0131m\u0131, \u00e7ocuklar i\u00e7in ideal bir se\u00e7im olarak \u00f6ne \u00e7\u0131k\u0131yor. \u00dcr\u00fcn \u00d6zellikleri Kol Tipi: Uzun Kol Yaka Tipi: Bisiklet Yaka Detay: Bask\u0131l\u0131 [&hellip;]<\/p>\n","protected":false},"featured_media":140025,"comment_status":"open","ping_status":"closed","template":"","meta":[],"product_brand":[],"product_cat":[8721,8715,8694],"product_tag":[8022,8039,7424,6768],"class_list":{"0":"post-140030","1":"product","2":"type-product","3":"status-publish","4":"has-post-thumbnail","6":"product_cat-kiz-cocuk-takimlari","7":"product_cat-kiz-cocuklari-2-14-yas","8":"product_cat-cocuklar","9":"product_tag-baskili-2","10":"product_tag-koton","11":"product_tag-spor-giyim","12":"product_tag-uzun-kol","13":"pa_brand-koton","14":"pa_color-pembe","15":"pa_size-11-12-yas-2","16":"pa_size-13-14-yas-2","17":"pa_size-5-6-yas-2","18":"pa_size-6-7-yas-2","19":"pa_size-7-8-yas-2","20":"pa_size-9-10-yas-2","22":"first","23":"outofstock","24":"shipping-taxable","25":"product-type-variable"},"_links":{"self":[{"href":"https:\/\/mod.wisdar.net\/tr\/wp-json\/wp\/v2\/product\/140030","targetHints":{"allow":["GET"]}}],"collection":[{"href":"https:\/\/mod.wisdar.net\/tr\/wp-json\/wp\/v2\/product"}],"about":[{"href":"https:\/\/mod.wisdar.net\/tr\/wp-json\/wp\/v2\/types\/product"}],"replies":[{"embeddable":true,"href":"https:\/\/mod.wisdar.net\/tr\/wp-json\/wp\/v2\/comments?post=140030"}],"wp:featuredmedia":[{"embeddable":true,"href":"https:\/\/mod.wisdar.net\/tr\/wp-json\/wp\/v2\/media\/140025"}],"wp:attachment":[{"href":"https:\/\/mod.wisdar.net\/tr\/wp-json\/wp\/v2\/media?parent=140030"}],"wp:term":[{"taxonomy":"product_brand","embeddable":true,"href":"https:\/\/mod.wisdar.net\/tr\/wp-json\/wp\/v2\/product_brand?post=140030"},{"taxonomy":"product_cat","embeddable":true,"href":"https:\/\/mod.wisdar.net\/tr\/wp-json\/wp\/v2\/product_cat?post=140030"},{"taxonomy":"product_tag","embeddable":true,"href":"https:\/\/mod.wisdar.net\/tr\/wp-json\/wp\/v2\/product_tag?post=140030"}],"curies":[{"name":"wp","href":"https:\/\/api.w.org\/{rel}","templated":true}]}}