{"id":140057,"date":"2026-02-20T15:10:16","date_gmt":"2026-02-20T15:10:16","guid":{"rendered":"https:\/\/modesthanim.com\/product\/kiz-cocuk-uzun-kollu-bisiklet-yaka-pariltili-triko-kazak\/"},"modified":"2026-04-06T09:01:05","modified_gmt":"2026-04-06T09:01:05","slug":"kiz-cocuk-uzun-kollu-bisiklet-yaka-pariltili-triko-kazak","status":"publish","type":"product","link":"https:\/\/mod.wisdar.net\/tr\/urun\/kiz-cocuk-uzun-kollu-bisiklet-yaka-pariltili-triko-kazak\/","title":{"rendered":"K\u0131z \u00c7ocuk Uzun Kollu Bisiklet Yaka Par\u0131lt\u0131l\u0131 Triko Kazak"},"content":{"rendered":"<p>Triko kazak, par\u0131lt\u0131l\u0131 detaylar\u0131yla \u00e7ocuklar\u0131n ne\u015fesine ne\u015fe kat\u0131yor. Bisiklet yaka ve uzun kollu tasar\u0131m\u0131yla rahat bir kullan\u0131m sa\u011fl\u0131yor. Yumu\u015fak dokusu ve esnek yap\u0131s\u0131yla hareket \u00f6zg\u00fcrl\u00fc\u011f\u00fc sunuyor. Enerjik tasar\u0131m\u0131yla so\u011fuk g\u00fcnlerde s\u0131cac\u0131k tutuyor. Y\u0131lba\u015f\u0131 ve \u00f6zel g\u00fcnlerde de tercih edilebilecek \u015firin bir se\u00e7enek!<\/p>\n<p>\u00dcr\u00fcn \u00d6zellikleri<br \/>\nKol Tipi: Uzun Kol<br \/>\nYaka Tipi: Bisiklet Yaka<br \/>\nKullan\u0131m Alan\u0131: G\u00fcnl\u00fck Giyim, \u00d6zel G\u00fcnler<\/p>\n<p>Koton k\u0131z \u00e7ocuk giyim koleksiyonu, c\u0131v\u0131l c\u0131v\u0131l tasar\u0131mlar\u0131yla miniklerin kalbini \u00e7al\u0131yor! Koton Kids ile e\u011flenceli ve enerjik \u00e7ocuk koleksiyonunu ke\u015ffedin!<\/p>\n<p>Bu \u00fcr\u00fcnde sim uygulamas\u0131 yap\u0131ld\u0131\u011f\u0131ndan kullan\u0131m ve temizleme esnas\u0131nda sim bula\u015fmas\u0131 olabilir.<br \/>\n\u00dcr\u00fcnlerimiz kimyasallara kar\u015f\u0131 test edilerek, t\u00fcm g\u00fcvenlik kurallar\u0131na uygun olarak \u00fcretilir. \u00dcr\u00fcnlerimizde sa\u011fl\u0131\u011fa zararl\u0131 boyalar ve a\u011f\u0131r metaller, tehlikeli yutulabilecek k\u00fc\u00e7\u00fck ve keskin par\u00e7alar, kordon ve ba\u011fc\u0131klar bulunmamaktad\u0131r.<\/p>\n<p>\u2014 Technical Details \u2014<br \/>\nkol_tipi: Uzun Kol<br \/>\nyaka_tipi: Bisiklet Yaka<br \/>\nkullan\u0131m_alan\u0131: G\u00fcnl\u00fck Giyim, \u00d6zel G\u00fcnler<br \/>\nkol_tipi_detay: D\u00fc\u015f\u00fck Omuz<br \/>\nsiluet: Basic<br \/>\nurun_tipi_stil: Basic<br \/>\nalt_marka: Kidswear<br \/>\nsat\u0131c\u0131: Koton Ma\u011fazac\u0131l\u0131k Tekstil Sanayi ve Ticaret A.\u015e.<br \/>\nadres: Ayaza\u011fa Mah. Maslak Ayaza\u011fa Cad. No:3 \u0130\u00e7 Kap\u0131 No:5 Sar\u0131yer\/\u0130stanbul<br \/>\nemail: mim@koton.com<\/p>\n","protected":false},"excerpt":{"rendered":"<p>Triko kazak, par\u0131lt\u0131l\u0131 detaylar\u0131yla \u00e7ocuklar\u0131n ne\u015fesine ne\u015fe kat\u0131yor. Bisiklet yaka ve uzun kollu tasar\u0131m\u0131yla rahat bir kullan\u0131m sa\u011fl\u0131yor. Yumu\u015fak dokusu ve esnek yap\u0131s\u0131yla hareket \u00f6zg\u00fcrl\u00fc\u011f\u00fc sunuyor. Enerjik tasar\u0131m\u0131yla so\u011fuk g\u00fcnlerde s\u0131cac\u0131k tutuyor. Y\u0131lba\u015f\u0131 ve \u00f6zel g\u00fcnlerde de tercih edilebilecek \u015firin bir se\u00e7enek! \u00dcr\u00fcn \u00d6zellikleri Kol Tipi: Uzun Kol Yaka Tipi: Bisiklet Yaka Kullan\u0131m Alan\u0131: G\u00fcnl\u00fck [&hellip;]<\/p>\n","protected":false},"featured_media":140052,"comment_status":"open","ping_status":"closed","template":"","meta":[],"product_brand":[],"product_cat":[8715,8694,8724],"product_tag":[8117,7758,6768],"class_list":{"0":"post-140057","1":"product","2":"type-product","3":"status-publish","4":"has-post-thumbnail","6":"product_cat-kiz-cocuklari-2-14-yas","7":"product_cat-cocuklar","8":"product_cat-tisortler-bluzlar","9":"product_tag-bogazli-2","10":"product_tag-kis-giyim","11":"product_tag-uzun-kol","12":"pa_brand-koton","13":"pa_color-siyah","14":"pa_size-11-12-yas-2","15":"pa_size-13-14-yas-2","16":"pa_size-5-6-yas-2","17":"pa_size-6-7-yas-2","18":"pa_size-7-8-yas-2","19":"pa_size-9-10-yas-2","21":"first","22":"outofstock","23":"shipping-taxable","24":"product-type-variable"},"_links":{"self":[{"href":"https:\/\/mod.wisdar.net\/tr\/wp-json\/wp\/v2\/product\/140057","targetHints":{"allow":["GET"]}}],"collection":[{"href":"https:\/\/mod.wisdar.net\/tr\/wp-json\/wp\/v2\/product"}],"about":[{"href":"https:\/\/mod.wisdar.net\/tr\/wp-json\/wp\/v2\/types\/product"}],"replies":[{"embeddable":true,"href":"https:\/\/mod.wisdar.net\/tr\/wp-json\/wp\/v2\/comments?post=140057"}],"wp:featuredmedia":[{"embeddable":true,"href":"https:\/\/mod.wisdar.net\/tr\/wp-json\/wp\/v2\/media\/140052"}],"wp:attachment":[{"href":"https:\/\/mod.wisdar.net\/tr\/wp-json\/wp\/v2\/media?parent=140057"}],"wp:term":[{"taxonomy":"product_brand","embeddable":true,"href":"https:\/\/mod.wisdar.net\/tr\/wp-json\/wp\/v2\/product_brand?post=140057"},{"taxonomy":"product_cat","embeddable":true,"href":"https:\/\/mod.wisdar.net\/tr\/wp-json\/wp\/v2\/product_cat?post=140057"},{"taxonomy":"product_tag","embeddable":true,"href":"https:\/\/mod.wisdar.net\/tr\/wp-json\/wp\/v2\/product_tag?post=140057"}],"curies":[{"name":"wp","href":"https:\/\/api.w.org\/{rel}","templated":true}]}}