{"id":14007,"date":"2025-11-01T21:55:39","date_gmt":"2025-11-01T21:55:39","guid":{"rendered":"https:\/\/modesthanim.com\/product\/esarp-yaka-toplama-detay-tunik-bronz\/"},"modified":"2026-04-10T17:15:56","modified_gmt":"2026-04-10T17:15:56","slug":"esarp-yaka-toplama-detay-tunik-bronz","status":"publish","type":"product","link":"https:\/\/mod.wisdar.net\/tr\/urun\/esarp-yaka-toplama-detay-tunik-bronz\/","title":{"rendered":"E\u015farp Yaka Toplama Detay Tunik \u2013 Bronz"},"content":{"rendered":"<p>E\u015farp yakas\u0131 ve toplama detaylar\u0131 ile zarif bir dokunu\u015f sunan bu tunik, feminen ve \u015f\u0131k bir siluet yarat\u0131r. Ak\u0131c\u0131 kesimi rahat kullan\u0131m sa\u011flarken, e\u015farp detay\u0131 kombininize sofistike bir hava katar.<\/p>\n<p>\u2014 Teknik Detaylar \u2014<br \/>\nDesen: D\u00fcz<br \/>\nYaka Tipi: E\u015farp Yaka<br \/>\nKol Tipi: Uzun Kol<br \/>\nCep: Cepsiz<br \/>\nAstar: Astar\u0131z<br \/>\n\u00dcr\u00fcn Uzunlu\u011fu: 90 cm<br \/>\nKal\u0131p Tipi: Normal Kal\u0131p<br \/>\nModelin Giydi\u011fi Beden: 38<br \/>\nModel \u00d6l\u00e7\u00fcleri: {&#8216;Boy&#8217;: &#8216;176 cm&#8217;, &#8216;G\u00f6\u011f\u00fcs&#8217;: &#8217;75 cm&#8217;, &#8216;Bel&#8217;: &#8217;59 cm&#8217;, &#8216;Kal\u00e7a&#8217;: &#8217;87 cm&#8217;}<br \/>\nBeden Tablosu: {&#8217;38&#8217;: {&#8216;G\u00f6\u011f\u00fcs&#8217;: 100, &#8216;Beden&#8217;: 90}, &#8217;40&#8217;: {&#8216;G\u00f6\u011f\u00fcs&#8217;: 104, &#8216;Beden&#8217;: 90}, &#8217;42&#8217;: {&#8216;G\u00f6\u011f\u00fcs&#8217;: 108, &#8216;Beden&#8217;: 90}, &#8217;44&#8217;: {&#8216;G\u00f6\u011f\u00fcs&#8217;: 112, &#8216;Beden&#8217;: 90}, &#8217;46&#8217;: {&#8216;G\u00f6\u011f\u00fcs&#8217;: 116, &#8216;Beden&#8217;: 91}, &#8217;48&#8217;: {&#8216;G\u00f6\u011f\u00fcs&#8217;: 120, &#8216;Beden&#8217;: 91}}<\/p>\n","protected":false},"excerpt":{"rendered":"<p>E\u015farp yakas\u0131 ve toplama detaylar\u0131 ile zarif bir dokunu\u015f sunan bu tunik, feminen ve \u015f\u0131k bir siluet yarat\u0131r. Ak\u0131c\u0131 kesimi rahat kullan\u0131m sa\u011flarken, e\u015farp detay\u0131 kombininize sofistike bir hava katar. \u2014 Teknik Detaylar \u2014 Desen: D\u00fcz Yaka Tipi: E\u015farp Yaka Kol Tipi: Uzun Kol Cep: Cepsiz Astar: Astar\u0131z \u00dcr\u00fcn Uzunlu\u011fu: 90 cm Kal\u0131p Tipi: Normal [&hellip;]<\/p>\n","protected":false},"featured_media":0,"comment_status":"open","ping_status":"closed","template":"","meta":[],"product_brand":[],"product_cat":[2050,1909],"product_tag":[],"class_list":{"0":"post-14007","1":"product","2":"type-product","3":"status-publish","5":"product_cat-blazer-ceketler","6":"product_cat-bluzlar-ve-gomlekler","7":"pa_brand-tugba","8":"pa_color-tan","9":"pa_size-4706","10":"pa_size-4711","11":"pa_size-4713","12":"pa_size-4751","13":"pa_size-4749","14":"pa_size-4747","16":"first","17":"instock","18":"sale","19":"shipping-taxable","20":"purchasable","21":"product-type-variable"},"_links":{"self":[{"href":"https:\/\/mod.wisdar.net\/tr\/wp-json\/wp\/v2\/product\/14007","targetHints":{"allow":["GET"]}}],"collection":[{"href":"https:\/\/mod.wisdar.net\/tr\/wp-json\/wp\/v2\/product"}],"about":[{"href":"https:\/\/mod.wisdar.net\/tr\/wp-json\/wp\/v2\/types\/product"}],"replies":[{"embeddable":true,"href":"https:\/\/mod.wisdar.net\/tr\/wp-json\/wp\/v2\/comments?post=14007"}],"wp:attachment":[{"href":"https:\/\/mod.wisdar.net\/tr\/wp-json\/wp\/v2\/media?parent=14007"}],"wp:term":[{"taxonomy":"product_brand","embeddable":true,"href":"https:\/\/mod.wisdar.net\/tr\/wp-json\/wp\/v2\/product_brand?post=14007"},{"taxonomy":"product_cat","embeddable":true,"href":"https:\/\/mod.wisdar.net\/tr\/wp-json\/wp\/v2\/product_cat?post=14007"},{"taxonomy":"product_tag","embeddable":true,"href":"https:\/\/mod.wisdar.net\/tr\/wp-json\/wp\/v2\/product_tag?post=14007"}],"curies":[{"name":"wp","href":"https:\/\/api.w.org\/{rel}","templated":true}]}}