{"id":140095,"date":"2026-02-20T15:13:09","date_gmt":"2026-02-20T15:13:09","guid":{"rendered":"https:\/\/modesthanim.com\/product\/kiz-cocuk-uzun-kollu-bisiklet-yaka-fiyonk-baskili-kaskorse-pamuklu-tisort\/"},"modified":"2026-04-13T09:01:07","modified_gmt":"2026-04-13T09:01:07","slug":"kiz-cocuk-uzun-kollu-bisiklet-yaka-fiyonk-baskili-kaskorse-pamuklu-tisort","status":"publish","type":"product","link":"https:\/\/mod.wisdar.net\/tr\/urun\/kiz-cocuk-uzun-kollu-bisiklet-yaka-fiyonk-baskili-kaskorse-pamuklu-tisort\/","title":{"rendered":"K\u0131z \u00c7ocuk Uzun Kollu Bisiklet Yaka Fiyonk Bask\u0131l\u0131 Ka\u015fkorse Pamuklu Ti\u015f\u00f6rt"},"content":{"rendered":"<p>Pamuklu ti\u015f\u00f6rt, rahat bir giyim deneyimi sunuyor. Uzun kollu tasar\u0131m\u0131 sayesinde so\u011fuk havalarda rahatl\u0131k sa\u011fl\u0131yor. Bisiklet yaka detay\u0131 ile g\u00fcnl\u00fck kombinlerinizde ho\u015f bir g\u00f6r\u00fcn\u00fcm yarat\u0131yor. Yan taraflar\u0131ndaki ba\u011flama detay\u0131 ti\u015f\u00f6rte dinamik bir hava kat\u0131yor. \u00dcr\u00fcn \u00d6zellikleri Kol Tipi: Uzun Kol Yaka Tipi: Bisiklet Yaka Kuma\u015f: %95 Pamuk, %5 Elastan Kullan\u0131m Alan\u0131: G\u00fcnl\u00fck Giyim Koton k\u0131z \u00e7ocuk giyim koleksiyonu, c\u0131v\u0131l c\u0131v\u0131l tasar\u0131mlar\u0131yla miniklerin kalbini \u00e7al\u0131yor! Koton Kids ile e\u011flenceli ve enerjik \u00e7ocuk koleksiyonunu ke\u015ffedin!<\/p>\n<p>\u2014 Technical Details \u2014<br \/>\nKuma\u015f: %95 PAMUK, %5 ELASTAN<br \/>\nKol Boyu: Uzun Kol<br \/>\nKol Tipi: D\u00fc\u015f\u00fck Omuz<br \/>\nYaka Tipi: Bisiklet Yaka<br \/>\n\u00dcr\u00fcn\u00fcn Alt Markas\u0131: Kidswear<br \/>\nSat\u0131c\u0131\/\u0130malat\u00e7\u0131\/\u0130thalat\u00e7\u0131 \u0130smi: Koton Ma\u011fazac\u0131l\u0131k Tekstil Sanayi ve Ticaret A.\u015e.<br \/>\nPosta Adresi: Ayaza\u011fa Mah. Maslak Ayaza\u011fa Cad. No:3 \u0130\u00e7 Kap\u0131 No:5 Sar\u0131yer\/\u0130stanbul<br \/>\nE-Posta Adresi: mim@koton.com<\/p>\n","protected":false},"excerpt":{"rendered":"<p>Pamuklu ti\u015f\u00f6rt, rahat bir giyim deneyimi sunuyor. Uzun kollu tasar\u0131m\u0131 sayesinde so\u011fuk havalarda rahatl\u0131k sa\u011fl\u0131yor. Bisiklet yaka detay\u0131 ile g\u00fcnl\u00fck kombinlerinizde ho\u015f bir g\u00f6r\u00fcn\u00fcm yarat\u0131yor. Yan taraflar\u0131ndaki ba\u011flama detay\u0131 ti\u015f\u00f6rte dinamik bir hava kat\u0131yor. \u00dcr\u00fcn \u00d6zellikleri Kol Tipi: Uzun Kol Yaka Tipi: Bisiklet Yaka Kuma\u015f: %95 Pamuk, %5 Elastan Kullan\u0131m Alan\u0131: G\u00fcnl\u00fck Giyim Koton k\u0131z [&hellip;]<\/p>\n","protected":false},"featured_media":140092,"comment_status":"open","ping_status":"closed","template":"","meta":[],"product_brand":[],"product_cat":[8715,8694,8724],"product_tag":[7354,7425,6768],"class_list":{"0":"post-140095","1":"product","2":"type-product","3":"status-publish","4":"has-post-thumbnail","6":"product_cat-kiz-cocuklari-2-14-yas","7":"product_cat-cocuklar","8":"product_cat-tisortler-bluzlar","9":"product_tag-gunluk-giyim-2","10":"product_tag-pamuk-karisimi","11":"product_tag-uzun-kol","12":"pa_brand-koton","13":"pa_color-ekru","14":"pa_size-11-12-yas-2","15":"pa_size-4-5-yas-2","16":"pa_size-5-6-yas-2","17":"pa_size-6-7-yas-2","18":"pa_size-7-8-yas-2","19":"pa_size-9-10-yas-2","21":"first","22":"instock","23":"sale","24":"shipping-taxable","25":"purchasable","26":"product-type-variable"},"_links":{"self":[{"href":"https:\/\/mod.wisdar.net\/tr\/wp-json\/wp\/v2\/product\/140095","targetHints":{"allow":["GET"]}}],"collection":[{"href":"https:\/\/mod.wisdar.net\/tr\/wp-json\/wp\/v2\/product"}],"about":[{"href":"https:\/\/mod.wisdar.net\/tr\/wp-json\/wp\/v2\/types\/product"}],"replies":[{"embeddable":true,"href":"https:\/\/mod.wisdar.net\/tr\/wp-json\/wp\/v2\/comments?post=140095"}],"wp:featuredmedia":[{"embeddable":true,"href":"https:\/\/mod.wisdar.net\/tr\/wp-json\/wp\/v2\/media\/140092"}],"wp:attachment":[{"href":"https:\/\/mod.wisdar.net\/tr\/wp-json\/wp\/v2\/media?parent=140095"}],"wp:term":[{"taxonomy":"product_brand","embeddable":true,"href":"https:\/\/mod.wisdar.net\/tr\/wp-json\/wp\/v2\/product_brand?post=140095"},{"taxonomy":"product_cat","embeddable":true,"href":"https:\/\/mod.wisdar.net\/tr\/wp-json\/wp\/v2\/product_cat?post=140095"},{"taxonomy":"product_tag","embeddable":true,"href":"https:\/\/mod.wisdar.net\/tr\/wp-json\/wp\/v2\/product_tag?post=140095"}],"curies":[{"name":"wp","href":"https:\/\/api.w.org\/{rel}","templated":true}]}}