{"id":140131,"date":"2026-02-20T15:14:17","date_gmt":"2026-02-20T15:14:17","guid":{"rendered":"https:\/\/modesthanim.com\/product\/kiz-cocuk-suveter-detayli-uzun-kollu-pamuklu-gomlek\/"},"modified":"2026-03-03T10:01:52","modified_gmt":"2026-03-03T10:01:52","slug":"kiz-cocuk-suveter-detayli-uzun-kollu-pamuklu-gomlek","status":"publish","type":"product","link":"https:\/\/mod.wisdar.net\/tr\/urun\/kiz-cocuk-suveter-detayli-uzun-kollu-pamuklu-gomlek\/","title":{"rendered":"K\u0131z \u00c7ocuk S\u00fcveter Detayl\u0131 Uzun Kollu Pamuklu G\u00f6mlek"},"content":{"rendered":"<p>Uzun kollu g\u00f6mlek, klasik tarz\u0131yla g\u00fczel bir uyum sunarken triko s\u00fcveter \u00fczerindeki inci detaylar\u0131 \u00fcr\u00fcne sevimli bir dokunu\u015f kat\u0131yor. Triko s\u00fcveter, hareket \u00f6zg\u00fcrl\u00fc\u011f\u00fc sa\u011flayan rahat bir tasar\u0131ma sahip. Pamuklu yap\u0131s\u0131yla miniklerin konforunu \u00f6n planda tutan g\u00f6mlek, g\u00fcn boyu konfor sa\u011fl\u0131yor. Hem \u00f6zel g\u00fcnlerde hem de g\u00fcnl\u00fck hayatta tercih edilebilecek bu par\u00e7a \u015f\u0131kl\u0131\u011f\u0131 ve rahatl\u0131\u011f\u0131 bir arada sunuyor.<\/p>\n<p>\u00dcr\u00fcn \u00d6zellikleri<br \/>\nKol Tipi: Uzun Kollu<br \/>\nYaka Tipi: Bisiklet Yaka<br \/>\nDetay: \u0130nci Detayl\u0131, \u0130kili Set<br \/>\nKuma\u015f: Pamuklu G\u00f6mlek, Triko S\u00fcveter<br \/>\nKullan\u0131m Alan\u0131: G\u00fcnl\u00fck Giyim, \u00d6zel G\u00fcnler<\/p>\n<p>Koton k\u0131z \u00e7ocuk koleksiyonu ile sevimli ve konfor dolu anlar yarat\u0131n! Koton Kids ile enerjik ve renkli par\u00e7alar\u0131 ke\u015ffedin!<\/p>\n<p>\u2014 Technical Details \u2014<br \/>\nKuma\u015f: %100 PAMUK<br \/>\nKol Boyu: Uzun Kol<br \/>\nKol Tipi: D\u00fc\u015f\u00fck Omuz<br \/>\nYaka Tipi: G\u00f6mlek Yaka<br \/>\nSil\u00fcet: Klasik<br \/>\n\u00dcr\u00fcn Tipi \/ Stil: Klasik<br \/>\n\u00dcr\u00fcn\u00fcn Alt Markas\u0131: Kidswear<br \/>\nSat\u0131c\u0131\/\u0130malat\u00e7\u0131\/\u0130thalat\u00e7\u0131 \u0130smi: Koton Ma\u011fazac\u0131l\u0131k Tekstil Sanayi ve Ticaret A.\u015e.<br \/>\nPosta Adresi: Ayaza\u011fa Mah. Maslak Ayaza\u011fa Cad. No:3 \u0130\u00e7 Kap\u0131 No:5 Sar\u0131yer\/\u0130stanbul<br \/>\nE-Posta Adresi: mim@koton.com<\/p>\n","protected":false},"excerpt":{"rendered":"<p>Uzun kollu g\u00f6mlek, klasik tarz\u0131yla g\u00fczel bir uyum sunarken triko s\u00fcveter \u00fczerindeki inci detaylar\u0131 \u00fcr\u00fcne sevimli bir dokunu\u015f kat\u0131yor. Triko s\u00fcveter, hareket \u00f6zg\u00fcrl\u00fc\u011f\u00fc sa\u011flayan rahat bir tasar\u0131ma sahip. Pamuklu yap\u0131s\u0131yla miniklerin konforunu \u00f6n planda tutan g\u00f6mlek, g\u00fcn boyu konfor sa\u011fl\u0131yor. Hem \u00f6zel g\u00fcnlerde hem de g\u00fcnl\u00fck hayatta tercih edilebilecek bu par\u00e7a \u015f\u0131kl\u0131\u011f\u0131 ve rahatl\u0131\u011f\u0131 bir [&hellip;]<\/p>\n","protected":false},"featured_media":140128,"comment_status":"open","ping_status":"closed","template":"","meta":[],"product_brand":[],"product_cat":[8715,8694,8724],"product_tag":[6768],"class_list":{"0":"post-140131","1":"product","2":"type-product","3":"status-publish","4":"has-post-thumbnail","6":"product_cat-kiz-cocuklari-2-14-yas","7":"product_cat-cocuklar","8":"product_cat-tisortler-bluzlar","9":"product_tag-uzun-kol","10":"pa_brand-koton","11":"pa_color-ekru","12":"pa_size-11-12-yas-2","13":"pa_size-13-14-yas-2","14":"pa_size-5-6-yas-2","15":"pa_size-6-7-yas-2","16":"pa_size-7-8-yas-2","17":"pa_size-9-10-yas-2","19":"first","20":"instock","21":"sale","22":"shipping-taxable","23":"purchasable","24":"product-type-variable"},"_links":{"self":[{"href":"https:\/\/mod.wisdar.net\/tr\/wp-json\/wp\/v2\/product\/140131","targetHints":{"allow":["GET"]}}],"collection":[{"href":"https:\/\/mod.wisdar.net\/tr\/wp-json\/wp\/v2\/product"}],"about":[{"href":"https:\/\/mod.wisdar.net\/tr\/wp-json\/wp\/v2\/types\/product"}],"replies":[{"embeddable":true,"href":"https:\/\/mod.wisdar.net\/tr\/wp-json\/wp\/v2\/comments?post=140131"}],"wp:featuredmedia":[{"embeddable":true,"href":"https:\/\/mod.wisdar.net\/tr\/wp-json\/wp\/v2\/media\/140128"}],"wp:attachment":[{"href":"https:\/\/mod.wisdar.net\/tr\/wp-json\/wp\/v2\/media?parent=140131"}],"wp:term":[{"taxonomy":"product_brand","embeddable":true,"href":"https:\/\/mod.wisdar.net\/tr\/wp-json\/wp\/v2\/product_brand?post=140131"},{"taxonomy":"product_cat","embeddable":true,"href":"https:\/\/mod.wisdar.net\/tr\/wp-json\/wp\/v2\/product_cat?post=140131"},{"taxonomy":"product_tag","embeddable":true,"href":"https:\/\/mod.wisdar.net\/tr\/wp-json\/wp\/v2\/product_tag?post=140131"}],"curies":[{"name":"wp","href":"https:\/\/api.w.org\/{rel}","templated":true}]}}