{"id":140203,"date":"2026-02-20T15:16:19","date_gmt":"2026-02-20T15:16:19","guid":{"rendered":"https:\/\/modesthanim.com\/product\/kiz-cocuk-viskon-karisimli-dar-kalip-ispanyol-paca-triko-pantolon-2\/"},"modified":"2026-04-15T21:11:06","modified_gmt":"2026-04-15T21:11:06","slug":"kiz-cocuk-viskon-karisimli-dar-kalip-ispanyol-paca-triko-pantolon-2","status":"publish","type":"product","link":"https:\/\/mod.wisdar.net\/tr\/urun\/kiz-cocuk-viskon-karisimli-dar-kalip-ispanyol-paca-triko-pantolon-2\/","title":{"rendered":"K\u0131z \u00c7ocuk Viskon Kar\u0131\u015f\u0131ml\u0131 Dar Kal\u0131p \u0130spanyol Pa\u00e7a Triko Pantolon"},"content":{"rendered":"<p>\u0130spanyol pa\u00e7a triko pantolon, modern kesimi ve rahat yap\u0131s\u0131yla dikkat \u00e7ekiyor. Viskon kar\u0131\u015f\u0131ml\u0131 kuma\u015f\u0131 sayesinde g\u00fcn boyu rahatl\u0131k sunan pantolon, zarif ve tatl\u0131 bir g\u00f6r\u00fcn\u00fcm sa\u011fl\u0131yor. Trend tasar\u0131m\u0131 ve konforlu yap\u0131s\u0131, miniklerin enerjik d\u00fcnyas\u0131na uyum sa\u011fl\u0131yor. \u00d6zellikle hareket \u00f6zg\u00fcrl\u00fc\u011f\u00fc sunan \u0130spanyol pa\u00e7a kesimiyle hem g\u00fcnl\u00fck aktivitelerde hem de \u00f6zel g\u00fcnlerde kullan\u0131labiliyor.<\/p>\n<p>\u00dcr\u00fcn \u00d6zellikleri<\/p>\n<p>Kuma\u015f: %16 Poliamid, %54 Viskon, %30 Polyester<br \/>\nBel Tipi: Normal Bel<br \/>\nFit Tipi: Dar Kal\u0131p<br \/>\nPa\u00e7a Tipi: \u0130spanyol Pa\u00e7a<br \/>\nKullan\u0131m Alan\u0131: G\u00fcnl\u00fck Giyim, \u00d6zel G\u00fcnler<\/p>\n<p>Koton k\u0131z \u00e7ocuk koleksiyonu, e\u011flenceli tasar\u0131mlar\u0131yla dikkat \u00e7ekiyor. Her an\u0131n keyfini \u00e7\u0131kartmak i\u00e7in Koton \u00e7ocuk koleksiyonunu ke\u015ffedin!<\/p>\n","protected":false},"excerpt":{"rendered":"<p>\u0130spanyol pa\u00e7a triko pantolon, modern kesimi ve rahat yap\u0131s\u0131yla dikkat \u00e7ekiyor. Viskon kar\u0131\u015f\u0131ml\u0131 kuma\u015f\u0131 sayesinde g\u00fcn boyu rahatl\u0131k sunan pantolon, zarif ve tatl\u0131 bir g\u00f6r\u00fcn\u00fcm sa\u011fl\u0131yor. Trend tasar\u0131m\u0131 ve konforlu yap\u0131s\u0131, miniklerin enerjik d\u00fcnyas\u0131na uyum sa\u011fl\u0131yor. \u00d6zellikle hareket \u00f6zg\u00fcrl\u00fc\u011f\u00fc sunan \u0130spanyol pa\u00e7a kesimiyle hem g\u00fcnl\u00fck aktivitelerde hem de \u00f6zel g\u00fcnlerde kullan\u0131labiliyor. \u00dcr\u00fcn \u00d6zellikleri Kuma\u015f: %16 [&hellip;]<\/p>\n","protected":false},"featured_media":140200,"comment_status":"open","ping_status":"closed","template":"","meta":[],"product_brand":[],"product_cat":[8715,8694,8727],"product_tag":[7354,6751,8107,7310],"class_list":{"0":"post-140203","1":"product","2":"type-product","3":"status-publish","4":"has-post-thumbnail","6":"product_cat-kiz-cocuklari-2-14-yas","7":"product_cat-cocuklar","8":"product_cat-pantolon","9":"product_tag-gunluk-giyim-2","10":"product_tag-rahat","11":"product_tag-sik","12":"product_tag-slim-fit","13":"pa_brand-koton","14":"pa_color-bej","15":"pa_size-11-12-yas-2","16":"pa_size-13-14-yas-2","17":"pa_size-5-6-yas-2","18":"pa_size-6-7-yas-2","19":"pa_size-7-8-yas-2","20":"pa_size-9-10-yas-2","22":"first","23":"instock","24":"sale","25":"shipping-taxable","26":"purchasable","27":"product-type-variable"},"_links":{"self":[{"href":"https:\/\/mod.wisdar.net\/tr\/wp-json\/wp\/v2\/product\/140203","targetHints":{"allow":["GET"]}}],"collection":[{"href":"https:\/\/mod.wisdar.net\/tr\/wp-json\/wp\/v2\/product"}],"about":[{"href":"https:\/\/mod.wisdar.net\/tr\/wp-json\/wp\/v2\/types\/product"}],"replies":[{"embeddable":true,"href":"https:\/\/mod.wisdar.net\/tr\/wp-json\/wp\/v2\/comments?post=140203"}],"wp:featuredmedia":[{"embeddable":true,"href":"https:\/\/mod.wisdar.net\/tr\/wp-json\/wp\/v2\/media\/140200"}],"wp:attachment":[{"href":"https:\/\/mod.wisdar.net\/tr\/wp-json\/wp\/v2\/media?parent=140203"}],"wp:term":[{"taxonomy":"product_brand","embeddable":true,"href":"https:\/\/mod.wisdar.net\/tr\/wp-json\/wp\/v2\/product_brand?post=140203"},{"taxonomy":"product_cat","embeddable":true,"href":"https:\/\/mod.wisdar.net\/tr\/wp-json\/wp\/v2\/product_cat?post=140203"},{"taxonomy":"product_tag","embeddable":true,"href":"https:\/\/mod.wisdar.net\/tr\/wp-json\/wp\/v2\/product_tag?post=140203"}],"curies":[{"name":"wp","href":"https:\/\/api.w.org\/{rel}","templated":true}]}}