{"id":140255,"date":"2026-02-20T15:18:05","date_gmt":"2026-02-20T15:18:05","guid":{"rendered":"https:\/\/modesthanim.com\/product\/kiz-cocuk-uzun-kollu-bebe-yaka-brodeli-triko-kazak\/"},"modified":"2026-04-15T21:00:09","modified_gmt":"2026-04-15T21:00:09","slug":"kiz-cocuk-uzun-kollu-bebe-yaka-brodeli-triko-kazak","status":"publish","type":"product","link":"https:\/\/mod.wisdar.net\/tr\/urun\/kiz-cocuk-uzun-kollu-bebe-yaka-brodeli-triko-kazak\/","title":{"rendered":"K\u0131z \u00c7ocuk Uzun Kollu Bebe Yaka Brodeli Triko Kazak"},"content":{"rendered":"<p>Bebe yaka modeli ve uzun kollu yap\u0131s\u0131yla \u00f6ne \u00e7\u0131kan triko kazak, \u00e7ocuklar\u0131n dolaplar\u0131n\u0131n vazge\u00e7ilmez par\u00e7alar\u0131 aras\u0131nda yer al\u0131yor. Brodeli detaylara sahip yakas\u0131 kaza\u011fa sevimli ve \u015f\u0131k bir hava kat\u0131yor. Triko kazak, hem g\u00fcnl\u00fck aktiviteler hem de \u00f6zel davetler i\u00e7in ideal bir se\u00e7im.<\/p>\n<p>\u00dcr\u00fcn \u00d6zellikleri<\/p>\n<p>Kol Tipi: Uzun Kol<br \/>\nYaka Tipi: Bebe Yaka<br \/>\nKullan\u0131m Alan\u0131: G\u00fcnl\u00fck Giyim, \u00d6zel G\u00fcnler<\/p>\n<p>Koton k\u0131z \u00e7ocuk giyim koleksiyonu, \u015f\u0131k ve rahat tasar\u0131m\u0131yla miniklerin kalbini \u00e7al\u0131yor! Renkli ve e\u011flenceli tasar\u0131mlarla dolu Koton k\u0131z \u00e7ocuk koleksiyonunu ke\u015ffedin!<\/p>\n","protected":false},"excerpt":{"rendered":"<p>Bebe yaka modeli ve uzun kollu yap\u0131s\u0131yla \u00f6ne \u00e7\u0131kan triko kazak, \u00e7ocuklar\u0131n dolaplar\u0131n\u0131n vazge\u00e7ilmez par\u00e7alar\u0131 aras\u0131nda yer al\u0131yor. Brodeli detaylara sahip yakas\u0131 kaza\u011fa sevimli ve \u015f\u0131k bir hava kat\u0131yor. Triko kazak, hem g\u00fcnl\u00fck aktiviteler hem de \u00f6zel davetler i\u00e7in ideal bir se\u00e7im. \u00dcr\u00fcn \u00d6zellikleri Kol Tipi: Uzun Kol Yaka Tipi: Bebe Yaka Kullan\u0131m Alan\u0131: G\u00fcnl\u00fck [&hellip;]<\/p>\n","protected":false},"featured_media":140251,"comment_status":"open","ping_status":"closed","template":"","meta":[],"product_brand":[],"product_cat":[8715,8694,8724],"product_tag":[7419,6772,6768],"class_list":{"0":"post-140255","1":"product","2":"type-product","3":"status-publish","4":"has-post-thumbnail","6":"product_cat-kiz-cocuklari-2-14-yas","7":"product_cat-cocuklar","8":"product_cat-tisortler-bluzlar","9":"product_tag-gunluk","10":"product_tag-ozel-gun","11":"product_tag-uzun-kol","12":"pa_brand-koton","13":"pa_color-lacivert","14":"pa_size-11-12-yas-2","15":"pa_size-13-14-yas-2","16":"pa_size-5-6-yas-2","17":"pa_size-6-7-yas-2","18":"pa_size-7-8-yas-2","19":"pa_size-9-10-yas-2","21":"first","22":"instock","23":"sale","24":"shipping-taxable","25":"purchasable","26":"product-type-variable"},"_links":{"self":[{"href":"https:\/\/mod.wisdar.net\/tr\/wp-json\/wp\/v2\/product\/140255","targetHints":{"allow":["GET"]}}],"collection":[{"href":"https:\/\/mod.wisdar.net\/tr\/wp-json\/wp\/v2\/product"}],"about":[{"href":"https:\/\/mod.wisdar.net\/tr\/wp-json\/wp\/v2\/types\/product"}],"replies":[{"embeddable":true,"href":"https:\/\/mod.wisdar.net\/tr\/wp-json\/wp\/v2\/comments?post=140255"}],"wp:featuredmedia":[{"embeddable":true,"href":"https:\/\/mod.wisdar.net\/tr\/wp-json\/wp\/v2\/media\/140251"}],"wp:attachment":[{"href":"https:\/\/mod.wisdar.net\/tr\/wp-json\/wp\/v2\/media?parent=140255"}],"wp:term":[{"taxonomy":"product_brand","embeddable":true,"href":"https:\/\/mod.wisdar.net\/tr\/wp-json\/wp\/v2\/product_brand?post=140255"},{"taxonomy":"product_cat","embeddable":true,"href":"https:\/\/mod.wisdar.net\/tr\/wp-json\/wp\/v2\/product_cat?post=140255"},{"taxonomy":"product_tag","embeddable":true,"href":"https:\/\/mod.wisdar.net\/tr\/wp-json\/wp\/v2\/product_tag?post=140255"}],"curies":[{"name":"wp","href":"https:\/\/api.w.org\/{rel}","templated":true}]}}