{"id":140269,"date":"2026-02-20T15:18:22","date_gmt":"2026-02-20T15:18:22","guid":{"rendered":"https:\/\/modesthanim.com\/product\/kiz-cocuk-beli-lastikli-cep-detayli-basic-pantolon\/"},"modified":"2026-04-11T06:24:04","modified_gmt":"2026-04-11T06:24:04","slug":"kiz-cocuk-beli-lastikli-cep-detayli-basic-pantolon","status":"publish","type":"product","link":"https:\/\/mod.wisdar.net\/tr\/urun\/kiz-cocuk-beli-lastikli-cep-detayli-basic-pantolon\/","title":{"rendered":"K\u0131z \u00c7ocuk Beli Lastikli Cep Detayl\u0131 Basic Pantolon"},"content":{"rendered":"<p>Basic pantolon, modern ve zarif tasar\u0131m\u0131 ve lastikli beliyle hem rahatl\u0131k hem de kullan\u0131m kolayl\u0131\u011f\u0131 sunuyor. Pantolonun basic yap\u0131s\u0131, \u00e7e\u015fitli \u00fcstlerle kolayl\u0131kla kombinlenebiliyor. \u00c7ocuklar\u0131n\u0131n enerjik yap\u0131s\u0131na uyum sa\u011flayan tasar\u0131m\u0131yla, favori par\u00e7alardan biri olmaya aday! \u00dcr\u00fcn \u00d6zellikleri Cep: Yan Cepli Pa\u00e7a Tipi: Normal Kullan\u0131m Alan\u0131: G\u00fcnl\u00fck Giyim Koton k\u0131z \u00e7ocuk pantolon modelleri, miniklerin her an rahat ve \u015f\u0131k olmas\u0131n\u0131 sa\u011fl\u0131yor! Enerjik ve dinamik tasar\u0131mlarla dolu Koton Kids koleksiyonunu ke\u015ffedin!<\/p>\n","protected":false},"excerpt":{"rendered":"<p>Basic pantolon, modern ve zarif tasar\u0131m\u0131 ve lastikli beliyle hem rahatl\u0131k hem de kullan\u0131m kolayl\u0131\u011f\u0131 sunuyor. Pantolonun basic yap\u0131s\u0131, \u00e7e\u015fitli \u00fcstlerle kolayl\u0131kla kombinlenebiliyor. \u00c7ocuklar\u0131n\u0131n enerjik yap\u0131s\u0131na uyum sa\u011flayan tasar\u0131m\u0131yla, favori par\u00e7alardan biri olmaya aday! \u00dcr\u00fcn \u00d6zellikleri Cep: Yan Cepli Pa\u00e7a Tipi: Normal Kullan\u0131m Alan\u0131: G\u00fcnl\u00fck Giyim Koton k\u0131z \u00e7ocuk pantolon modelleri, miniklerin her an rahat [&hellip;]<\/p>\n","protected":false},"featured_media":140263,"comment_status":"open","ping_status":"closed","template":"","meta":[],"product_brand":[],"product_cat":[8715,8694,8727],"product_tag":[7354,6765,8102],"class_list":{"0":"post-140269","1":"product","2":"type-product","3":"status-publish","4":"has-post-thumbnail","6":"product_cat-kiz-cocuklari-2-14-yas","7":"product_cat-cocuklar","8":"product_cat-pantolon","9":"product_tag-gunluk-giyim-2","10":"product_tag-lastikli-bel","11":"product_tag-yan-cepler","12":"pa_brand-koton","13":"pa_color-siyah","14":"pa_size-11-12-yas-2","15":"pa_size-13-14-yas-2","16":"pa_size-5-6-yas-2","17":"pa_size-6-7-yas-2","18":"pa_size-7-8-yas-2","19":"pa_size-9-10-yas-2","21":"first","22":"instock","23":"sale","24":"shipping-taxable","25":"purchasable","26":"product-type-variable"},"_links":{"self":[{"href":"https:\/\/mod.wisdar.net\/tr\/wp-json\/wp\/v2\/product\/140269","targetHints":{"allow":["GET"]}}],"collection":[{"href":"https:\/\/mod.wisdar.net\/tr\/wp-json\/wp\/v2\/product"}],"about":[{"href":"https:\/\/mod.wisdar.net\/tr\/wp-json\/wp\/v2\/types\/product"}],"replies":[{"embeddable":true,"href":"https:\/\/mod.wisdar.net\/tr\/wp-json\/wp\/v2\/comments?post=140269"}],"wp:featuredmedia":[{"embeddable":true,"href":"https:\/\/mod.wisdar.net\/tr\/wp-json\/wp\/v2\/media\/140263"}],"wp:attachment":[{"href":"https:\/\/mod.wisdar.net\/tr\/wp-json\/wp\/v2\/media?parent=140269"}],"wp:term":[{"taxonomy":"product_brand","embeddable":true,"href":"https:\/\/mod.wisdar.net\/tr\/wp-json\/wp\/v2\/product_brand?post=140269"},{"taxonomy":"product_cat","embeddable":true,"href":"https:\/\/mod.wisdar.net\/tr\/wp-json\/wp\/v2\/product_cat?post=140269"},{"taxonomy":"product_tag","embeddable":true,"href":"https:\/\/mod.wisdar.net\/tr\/wp-json\/wp\/v2\/product_tag?post=140269"}],"curies":[{"name":"wp","href":"https:\/\/api.w.org\/{rel}","templated":true}]}}