{"id":140341,"date":"2026-02-20T15:20:24","date_gmt":"2026-02-20T15:20:24","guid":{"rendered":"https:\/\/modesthanim.com\/product\/kiz-cocuk-dugmeli-diz-ustu-pileli-fitilli-kadife-etek\/"},"modified":"2026-04-06T08:40:55","modified_gmt":"2026-04-06T08:40:55","slug":"kiz-cocuk-dugmeli-diz-ustu-pileli-fitilli-kadife-etek","status":"publish","type":"product","link":"https:\/\/mod.wisdar.net\/tr\/urun\/kiz-cocuk-dugmeli-diz-ustu-pileli-fitilli-kadife-etek\/","title":{"rendered":"K\u0131z \u00c7ocuk D\u00fc\u011fmeli Diz \u00dcst\u00fc Pileli Fitilli Kadife Etek"},"content":{"rendered":"<p>Kadife pileli etek, \u00e7ocuklar\u0131n enerjisine e\u015flik ediyor. A kesim tasar\u0131m\u0131 ve diz \u00fcst\u00fc boyu ile hareket \u00f6zg\u00fcrl\u00fc\u011f\u00fc sa\u011fl\u0131yor. Pileli detaylar\u0131 ile \u00e7ocuklar\u0131n dolaplar\u0131nda sevimli bir se\u00e7enek sunuyor. Belindeki d\u00fc\u011fme detaylar\u0131 ise etek tasar\u0131m\u0131na modern bir dokunu\u015f kat\u0131yor. Enerjik ve \u015f\u0131k kombinler i\u00e7in ideal bir par\u00e7a olarak \u00f6ne \u00e7\u0131k\u0131yor.<\/p>\n<p>\u00dcr\u00fcn \u00d6zellikleri<br \/>\nKuma\u015f: %100 Pamuk<br \/>\nStil: A Kesim<br \/>\nBoy: Diz \u00dcst\u00fc<br \/>\nDetay: Pileli<br \/>\nKullan\u0131m Alan\u0131: G\u00fcnl\u00fck Giyim<\/p>\n<p>Koton k\u0131z \u00e7ocuk koleksiyonu, rahatl\u0131\u011f\u0131 ve \u015f\u0131kl\u0131\u011f\u0131 bir arada sunuyor! Renkli ve e\u011flenceli tasar\u0131mlarla dolu Koton k\u0131z \u00e7ocuk koleksiyonunu ke\u015ffedin!<\/p>\n<p>\u2014 Technical Details \u2014<br \/>\nSil\u00fcet: A Form<br \/>\nBel Y\u00fcksekli\u011fi: Standart Bel<br \/>\n\u00dcr\u00fcn Tipi \/ Stil: A Form<br \/>\n\u00dcr\u00fcn\u00fcn Alt Markas\u0131: Kidswear<br \/>\nSat\u0131c\u0131\/\u0130malat\u00e7\u0131\/\u0130thalat\u00e7\u0131 \u0130smi: Koton Ma\u011fazac\u0131l\u0131k Tekstil Sanayi ve Ticaret A.\u015e.<br \/>\nPosta Adresi: Ayaza\u011fa Mah. Maslak Ayaza\u011fa Cad. No:3 \u0130\u00e7 Kap\u0131 No:5 Sar\u0131yer\/\u0130stanbul<br \/>\nE-Posta Adresi: mim@koton.com<\/p>\n","protected":false},"excerpt":{"rendered":"<p>Kadife pileli etek, \u00e7ocuklar\u0131n enerjisine e\u015flik ediyor. A kesim tasar\u0131m\u0131 ve diz \u00fcst\u00fc boyu ile hareket \u00f6zg\u00fcrl\u00fc\u011f\u00fc sa\u011fl\u0131yor. Pileli detaylar\u0131 ile \u00e7ocuklar\u0131n dolaplar\u0131nda sevimli bir se\u00e7enek sunuyor. Belindeki d\u00fc\u011fme detaylar\u0131 ise etek tasar\u0131m\u0131na modern bir dokunu\u015f kat\u0131yor. Enerjik ve \u015f\u0131k kombinler i\u00e7in ideal bir par\u00e7a olarak \u00f6ne \u00e7\u0131k\u0131yor. \u00dcr\u00fcn \u00d6zellikleri Kuma\u015f: %100 Pamuk Stil: A [&hellip;]<\/p>\n","protected":false},"featured_media":140338,"comment_status":"open","ping_status":"closed","template":"","meta":[],"product_brand":[],"product_cat":[8718,8715,8694],"product_tag":[4848,7426,7600],"class_list":{"0":"post-140341","1":"product","2":"type-product","3":"status-publish","4":"has-post-thumbnail","6":"product_cat-elbiseler-etekler","7":"product_cat-kiz-cocuklari-2-14-yas","8":"product_cat-cocuklar","9":"product_tag-a-line-skirt","10":"product_tag-gunluk-giyim-3","11":"product_tag-pileli-etek","12":"pa_brand-koton","13":"pa_color-bej","14":"pa_size-11-12-yas-2","15":"pa_size-13-14-yas-2","16":"pa_size-5-6-yas-2","17":"pa_size-6-7-yas-2","18":"pa_size-7-8-yas-2","19":"pa_size-9-10-yas-2","21":"first","22":"instock","23":"sale","24":"shipping-taxable","25":"purchasable","26":"product-type-variable"},"_links":{"self":[{"href":"https:\/\/mod.wisdar.net\/tr\/wp-json\/wp\/v2\/product\/140341","targetHints":{"allow":["GET"]}}],"collection":[{"href":"https:\/\/mod.wisdar.net\/tr\/wp-json\/wp\/v2\/product"}],"about":[{"href":"https:\/\/mod.wisdar.net\/tr\/wp-json\/wp\/v2\/types\/product"}],"replies":[{"embeddable":true,"href":"https:\/\/mod.wisdar.net\/tr\/wp-json\/wp\/v2\/comments?post=140341"}],"wp:featuredmedia":[{"embeddable":true,"href":"https:\/\/mod.wisdar.net\/tr\/wp-json\/wp\/v2\/media\/140338"}],"wp:attachment":[{"href":"https:\/\/mod.wisdar.net\/tr\/wp-json\/wp\/v2\/media?parent=140341"}],"wp:term":[{"taxonomy":"product_brand","embeddable":true,"href":"https:\/\/mod.wisdar.net\/tr\/wp-json\/wp\/v2\/product_brand?post=140341"},{"taxonomy":"product_cat","embeddable":true,"href":"https:\/\/mod.wisdar.net\/tr\/wp-json\/wp\/v2\/product_cat?post=140341"},{"taxonomy":"product_tag","embeddable":true,"href":"https:\/\/mod.wisdar.net\/tr\/wp-json\/wp\/v2\/product_tag?post=140341"}],"curies":[{"name":"wp","href":"https:\/\/api.w.org\/{rel}","templated":true}]}}