{"id":140417,"date":"2026-02-20T15:22:49","date_gmt":"2026-02-20T15:22:49","guid":{"rendered":"https:\/\/modesthanim.com\/product\/kiz-cocuk-beli-lastikli-kat-detayli-pileli-etek\/"},"modified":"2026-03-30T08:31:31","modified_gmt":"2026-03-30T08:31:31","slug":"kiz-cocuk-beli-lastikli-kat-detayli-pileli-etek","status":"publish","type":"product","link":"https:\/\/mod.wisdar.net\/tr\/urun\/kiz-cocuk-beli-lastikli-kat-detayli-pileli-etek\/","title":{"rendered":"K\u0131z \u00c7ocuk Beli Lastikli Kat Detayl\u0131 Pileli Etek"},"content":{"rendered":"<p>Parlak tasar\u0131ma sahip etek, \u00e7ocuklar\u0131n enerjisini yans\u0131t\u0131yor. Lastik detayl\u0131 beli, rahat ve kolay bir kullan\u0131m sa\u011fl\u0131yor. Katl\u0131 tasar\u0131m\u0131 ile hareketli bir g\u00f6r\u00fcn\u00fcm sunan etek, kombinlerin sevilen tamamlay\u0131c\u0131s\u0131 oluyor. Yumu\u015fak dokusuyla g\u00fcn boyu konfor sunuyor. Pileli etek, \u00f6zel g\u00fcnlerde miniklerin favorisi olmaya aday.<\/p>\n<p>\u00dcr\u00fcn \u00d6zellikleri<br \/>\nBoyu: Diz \u00dcst\u00fc<br \/>\nBel Tipi: Normal Bel<br \/>\nStil: Katmanl\u0131<\/p>\n<p>Koton k\u0131z \u00e7ocuk giyim koleksiyonu, c\u0131v\u0131l c\u0131v\u0131l tasar\u0131mlar\u0131yla miniklerin kalbini \u00e7al\u0131yor! Koton Kids ile e\u011flenceli ve enerjik \u00e7ocuk koleksiyonunu ke\u015ffedin!<\/p>\n<p>\u2013<\/p>\n<p>D\u0131\u015f: %7 ELASTAN, %93 POL\u0130ESTER<br \/>\nAstar: %100 POL\u0130ESTER<\/p>\n<p>\u2014 Technical Details \u2014<br \/>\nBoyu: Diz \u00dcst\u00fc<br \/>\nBel Tipi: Normal Bel<br \/>\nStil: Katmanl\u0131<br \/>\nKuma\u015f: %7 ELASTAN, %93 POL\u0130ESTER<br \/>\nAstar: %100 POL\u0130ESTER<br \/>\nSil\u00fcet: Katmanl\u0131<br \/>\nBel Y\u00fcksekli\u011fi: Standart Bel<br \/>\n\u00dcr\u00fcn Tipi \/ Stil: Katmanl\u0131<br \/>\n\u00dcr\u00fcn\u00fcn Alt Markas\u0131: Kidswear<\/p>\n","protected":false},"excerpt":{"rendered":"<p>Parlak tasar\u0131ma sahip etek, \u00e7ocuklar\u0131n enerjisini yans\u0131t\u0131yor. Lastik detayl\u0131 beli, rahat ve kolay bir kullan\u0131m sa\u011fl\u0131yor. Katl\u0131 tasar\u0131m\u0131 ile hareketli bir g\u00f6r\u00fcn\u00fcm sunan etek, kombinlerin sevilen tamamlay\u0131c\u0131s\u0131 oluyor. Yumu\u015fak dokusuyla g\u00fcn boyu konfor sunuyor. Pileli etek, \u00f6zel g\u00fcnlerde miniklerin favorisi olmaya aday. \u00dcr\u00fcn \u00d6zellikleri Boyu: Diz \u00dcst\u00fc Bel Tipi: Normal Bel Stil: Katmanl\u0131 Koton k\u0131z [&hellip;]<\/p>\n","protected":false},"featured_media":140407,"comment_status":"open","ping_status":"closed","template":"","meta":[],"product_brand":[],"product_cat":[8718,8715,8694],"product_tag":[6765,7600],"class_list":{"0":"post-140417","1":"product","2":"type-product","3":"status-publish","4":"has-post-thumbnail","6":"product_cat-elbiseler-etekler","7":"product_cat-kiz-cocuklari-2-14-yas","8":"product_cat-cocuklar","9":"product_tag-lastikli-bel","10":"product_tag-pileli-etek","11":"pa_brand-koton","12":"pa_color-sari","13":"pa_size-11-12-yas-2","14":"pa_size-4-5-yas-2","15":"pa_size-5-6-yas-2","16":"pa_size-6-7-yas-2","17":"pa_size-7-8-yas-2","18":"pa_size-9-10-yas-2","20":"first","21":"instock","22":"sale","23":"shipping-taxable","24":"purchasable","25":"product-type-variable"},"_links":{"self":[{"href":"https:\/\/mod.wisdar.net\/tr\/wp-json\/wp\/v2\/product\/140417","targetHints":{"allow":["GET"]}}],"collection":[{"href":"https:\/\/mod.wisdar.net\/tr\/wp-json\/wp\/v2\/product"}],"about":[{"href":"https:\/\/mod.wisdar.net\/tr\/wp-json\/wp\/v2\/types\/product"}],"replies":[{"embeddable":true,"href":"https:\/\/mod.wisdar.net\/tr\/wp-json\/wp\/v2\/comments?post=140417"}],"wp:featuredmedia":[{"embeddable":true,"href":"https:\/\/mod.wisdar.net\/tr\/wp-json\/wp\/v2\/media\/140407"}],"wp:attachment":[{"href":"https:\/\/mod.wisdar.net\/tr\/wp-json\/wp\/v2\/media?parent=140417"}],"wp:term":[{"taxonomy":"product_brand","embeddable":true,"href":"https:\/\/mod.wisdar.net\/tr\/wp-json\/wp\/v2\/product_brand?post=140417"},{"taxonomy":"product_cat","embeddable":true,"href":"https:\/\/mod.wisdar.net\/tr\/wp-json\/wp\/v2\/product_cat?post=140417"},{"taxonomy":"product_tag","embeddable":true,"href":"https:\/\/mod.wisdar.net\/tr\/wp-json\/wp\/v2\/product_tag?post=140417"}],"curies":[{"name":"wp","href":"https:\/\/api.w.org\/{rel}","templated":true}]}}