{"id":140425,"date":"2026-02-20T15:22:51","date_gmt":"2026-02-20T15:22:51","guid":{"rendered":"https:\/\/modesthanim.com\/product\/kiz-cocuk-dugmeli-uzun-kollu-firfir-detayli-pamuklu-gomlek\/"},"modified":"2026-03-05T20:35:56","modified_gmt":"2026-03-05T20:35:56","slug":"kiz-cocuk-dugmeli-uzun-kollu-firfir-detayli-pamuklu-gomlek","status":"publish","type":"product","link":"https:\/\/mod.wisdar.net\/tr\/urun\/kiz-cocuk-dugmeli-uzun-kollu-firfir-detayli-pamuklu-gomlek\/","title":{"rendered":"K\u0131z \u00c7ocuk D\u00fc\u011fmeli Uzun Kollu F\u0131rf\u0131r Detayl\u0131 Pamuklu G\u00f6mlek"},"content":{"rendered":"<p>F\u0131rf\u0131r detayl\u0131 pamuklu g\u00f6mlek, \u00e7ocuklar i\u00e7in ideal bir se\u00e7enek sunuyor. Uzun kollu tasar\u0131m\u0131yla her mevsim rahatl\u0131kla kullan\u0131labiliyor ve pamuklu yap\u0131s\u0131 sayesinde g\u00fcn boyu konfor sa\u011fl\u0131yor. D\u00fc\u011fmeli detaylar\u0131 ve ekose deseniyle modern bir g\u00f6r\u00fcn\u00fcm sunuyor. Ekoseli g\u00f6mlek, hem g\u00fcnl\u00fck hem de \u00f6zel g\u00fcnlerde kolayl\u0131kla kombinlenebiliyor. \u00dcr\u00fcn \u00d6zellikleri Kol Tipi: Uzun Kol Yaka Tipi: F\u0131rf\u0131rl\u0131 Yaka Kuma\u015f: %100 Pamuk Desen: Ekose Kullan\u0131m Alan\u0131: G\u00fcnl\u00fck Giyim, \u00d6zel G\u00fcnler Koton k\u0131z \u00e7ocuk giyim koleksiyonu, c\u0131v\u0131l c\u0131v\u0131l tasar\u0131mlar\u0131yla miniklerin kalbini \u00e7al\u0131yor! Koton Kids ile e\u011flenceli ve enerjik \u00e7ocuk koleksiyonunu ke\u015ffedin!<\/p>\n<p>\u2014 Technical Details \u2014<br \/>\nKuma\u015f: %100 PAMUK<br \/>\nKol Boyu: Uzun Kol<br \/>\nKol Tipi: D\u00fc\u015f\u00fck Omuz<br \/>\nYaka Tipi: F\u0131rf\u0131rl\u0131 Yaka<br \/>\nSil\u00fcet: Basic<br \/>\n\u00dcr\u00fcn Tipi \/ Stil: Basic<br \/>\n\u00dcr\u00fcn\u00fcn Alt Markas\u0131: Kidswear<\/p>\n","protected":false},"excerpt":{"rendered":"<p>F\u0131rf\u0131r detayl\u0131 pamuklu g\u00f6mlek, \u00e7ocuklar i\u00e7in ideal bir se\u00e7enek sunuyor. Uzun kollu tasar\u0131m\u0131yla her mevsim rahatl\u0131kla kullan\u0131labiliyor ve pamuklu yap\u0131s\u0131 sayesinde g\u00fcn boyu konfor sa\u011fl\u0131yor. D\u00fc\u011fmeli detaylar\u0131 ve ekose deseniyle modern bir g\u00f6r\u00fcn\u00fcm sunuyor. Ekoseli g\u00f6mlek, hem g\u00fcnl\u00fck hem de \u00f6zel g\u00fcnlerde kolayl\u0131kla kombinlenebiliyor. \u00dcr\u00fcn \u00d6zellikleri Kol Tipi: Uzun Kol Yaka Tipi: F\u0131rf\u0131rl\u0131 Yaka Kuma\u015f: [&hellip;]<\/p>\n","protected":false},"featured_media":140408,"comment_status":"open","ping_status":"closed","template":"","meta":[],"product_brand":[],"product_cat":[8715,8694,8724],"product_tag":[6910,6768],"class_list":{"0":"post-140425","1":"product","2":"type-product","3":"status-publish","4":"has-post-thumbnail","6":"product_cat-kiz-cocuklari-2-14-yas","7":"product_cat-cocuklar","8":"product_cat-tisortler-bluzlar","9":"product_tag-ekose-desen-2","10":"product_tag-uzun-kol","11":"pa_brand-koton","12":"pa_color-mavi-ekose","13":"pa_size-11-12-yas-2","14":"pa_size-13-14-yas-2","15":"pa_size-5-6-yas-2","16":"pa_size-6-7-yas-2","17":"pa_size-7-8-yas-2","18":"pa_size-9-10-yas-2","20":"first","21":"outofstock","22":"shipping-taxable","23":"product-type-variable"},"_links":{"self":[{"href":"https:\/\/mod.wisdar.net\/tr\/wp-json\/wp\/v2\/product\/140425","targetHints":{"allow":["GET"]}}],"collection":[{"href":"https:\/\/mod.wisdar.net\/tr\/wp-json\/wp\/v2\/product"}],"about":[{"href":"https:\/\/mod.wisdar.net\/tr\/wp-json\/wp\/v2\/types\/product"}],"replies":[{"embeddable":true,"href":"https:\/\/mod.wisdar.net\/tr\/wp-json\/wp\/v2\/comments?post=140425"}],"wp:featuredmedia":[{"embeddable":true,"href":"https:\/\/mod.wisdar.net\/tr\/wp-json\/wp\/v2\/media\/140408"}],"wp:attachment":[{"href":"https:\/\/mod.wisdar.net\/tr\/wp-json\/wp\/v2\/media?parent=140425"}],"wp:term":[{"taxonomy":"product_brand","embeddable":true,"href":"https:\/\/mod.wisdar.net\/tr\/wp-json\/wp\/v2\/product_brand?post=140425"},{"taxonomy":"product_cat","embeddable":true,"href":"https:\/\/mod.wisdar.net\/tr\/wp-json\/wp\/v2\/product_cat?post=140425"},{"taxonomy":"product_tag","embeddable":true,"href":"https:\/\/mod.wisdar.net\/tr\/wp-json\/wp\/v2\/product_tag?post=140425"}],"curies":[{"name":"wp","href":"https:\/\/api.w.org\/{rel}","templated":true}]}}