{"id":140505,"date":"2026-02-20T15:25:33","date_gmt":"2026-02-20T15:25:33","guid":{"rendered":"https:\/\/modesthanim.com\/product\/kiz-cocuk-kurdele-detayli-a-kesim-askili-elbise\/"},"modified":"2026-04-11T06:24:13","modified_gmt":"2026-04-11T06:24:13","slug":"kiz-cocuk-kurdele-detayli-a-kesim-askili-elbise","status":"publish","type":"product","link":"https:\/\/mod.wisdar.net\/tr\/urun\/kiz-cocuk-kurdele-detayli-a-kesim-askili-elbise\/","title":{"rendered":"K\u0131z \u00c7ocuk Kurdele Detayl\u0131 A Kesim Ask\u0131l\u0131 Elbise"},"content":{"rendered":"<p>Viskom kar\u0131\u015f\u0131ml\u0131 elbise, miniklere g\u00fcn boyu konfor sunuyor. Ask\u0131l\u0131 tasar\u0131m\u0131 ve sevimli kurdele detaylar\u0131 ile dikkat \u00e7eken elbise, \u00e7ocuklar\u0131n favorileri aras\u0131nda yer al\u0131yor. A kesimi ile konfor sa\u011flayan elbise,  yaz aylar\u0131n\u0131n vazge\u00e7ilmez par\u00e7alar\u0131 aras\u0131nda bulunuyor.<\/p>\n<p>\u00dcr\u00fcn \u00d6zellikleri<br \/>\nKol Tipi: Ask\u0131l\u0131<br \/>\nDetay: Kurdele Detayl\u0131<br \/>\nKullan\u0131m Alan\u0131: G\u00fcnl\u00fck Giyim<\/p>\n<p>Koton k\u0131z \u00e7ocuk elbise koleksiyonu, e\u011flenceli ve rahat tasar\u0131mlar\u0131yla miniklerin d\u00fcnyas\u0131na ne\u015fe kat\u0131yor! Renkli ve e\u011flenceli tasar\u0131mlarla dolu Koton k\u0131z \u00e7ocuk koleksiyonunu ke\u015ffedin!<\/p>\n<p>\u2014 Technical Details \u2014<br \/>\nkol_tipi: Ask\u0131l\u0131<br \/>\ndetay: Kurdele Detayl\u0131<br \/>\nkullan\u0131m_alan\u0131: G\u00fcnl\u00fck Giyim<br \/>\nsil\u00fcet: Jile Elbise<br \/>\n\u00fcr\u00fcn_tipi_stil: Jile Elbise<br \/>\nalt_marka: Kidswear<br \/>\nsat\u0131c\u0131: Koton Ma\u011fazac\u0131l\u0131k Tekstil Sanayi ve Ticaret A.\u015e.<br \/>\nposta_adresi: Ayaza\u011fa Mah. Maslak Ayaza\u011fa Cad. No:3 \u0130\u00e7 Kap\u0131 No:5 Sar\u0131yer\/\u0130stanbul<br \/>\ne_posta: mim@koton.com<\/p>\n","protected":false},"excerpt":{"rendered":"<p>Viskom kar\u0131\u015f\u0131ml\u0131 elbise, miniklere g\u00fcn boyu konfor sunuyor. Ask\u0131l\u0131 tasar\u0131m\u0131 ve sevimli kurdele detaylar\u0131 ile dikkat \u00e7eken elbise, \u00e7ocuklar\u0131n favorileri aras\u0131nda yer al\u0131yor. A kesimi ile konfor sa\u011flayan elbise, yaz aylar\u0131n\u0131n vazge\u00e7ilmez par\u00e7alar\u0131 aras\u0131nda bulunuyor. \u00dcr\u00fcn \u00d6zellikleri Kol Tipi: Ask\u0131l\u0131 Detay: Kurdele Detayl\u0131 Kullan\u0131m Alan\u0131: G\u00fcnl\u00fck Giyim Koton k\u0131z \u00e7ocuk elbise koleksiyonu, e\u011flenceli ve rahat [&hellip;]<\/p>\n","protected":false},"featured_media":140495,"comment_status":"open","ping_status":"closed","template":"","meta":[],"product_brand":[],"product_cat":[8718,8715,8694],"product_tag":[4847,7426,8186,7488,6877],"class_list":{"0":"post-140505","1":"product","2":"type-product","3":"status-publish","4":"has-post-thumbnail","6":"product_cat-elbiseler-etekler","7":"product_cat-kiz-cocuklari-2-14-yas","8":"product_cat-cocuklar","9":"product_tag-a-line","10":"product_tag-gunluk-giyim-3","11":"product_tag-kurdele-detayi","12":"product_tag-pamuk","13":"product_tag-yaz-elbisesi","14":"pa_brand-koton","15":"pa_color-gri","16":"pa_size-11-12-yas-2","17":"pa_size-13-14-yas-2","18":"pa_size-5-6-yas-2","19":"pa_size-6-7-yas-2","20":"pa_size-7-8-yas-2","21":"pa_size-9-10-yas-2","23":"first","24":"instock","25":"sale","26":"shipping-taxable","27":"purchasable","28":"product-type-variable"},"_links":{"self":[{"href":"https:\/\/mod.wisdar.net\/tr\/wp-json\/wp\/v2\/product\/140505","targetHints":{"allow":["GET"]}}],"collection":[{"href":"https:\/\/mod.wisdar.net\/tr\/wp-json\/wp\/v2\/product"}],"about":[{"href":"https:\/\/mod.wisdar.net\/tr\/wp-json\/wp\/v2\/types\/product"}],"replies":[{"embeddable":true,"href":"https:\/\/mod.wisdar.net\/tr\/wp-json\/wp\/v2\/comments?post=140505"}],"wp:featuredmedia":[{"embeddable":true,"href":"https:\/\/mod.wisdar.net\/tr\/wp-json\/wp\/v2\/media\/140495"}],"wp:attachment":[{"href":"https:\/\/mod.wisdar.net\/tr\/wp-json\/wp\/v2\/media?parent=140505"}],"wp:term":[{"taxonomy":"product_brand","embeddable":true,"href":"https:\/\/mod.wisdar.net\/tr\/wp-json\/wp\/v2\/product_brand?post=140505"},{"taxonomy":"product_cat","embeddable":true,"href":"https:\/\/mod.wisdar.net\/tr\/wp-json\/wp\/v2\/product_cat?post=140505"},{"taxonomy":"product_tag","embeddable":true,"href":"https:\/\/mod.wisdar.net\/tr\/wp-json\/wp\/v2\/product_tag?post=140505"}],"curies":[{"name":"wp","href":"https:\/\/api.w.org\/{rel}","templated":true}]}}