{"id":140514,"date":"2026-02-20T15:25:42","date_gmt":"2026-02-20T15:25:42","guid":{"rendered":"https:\/\/modesthanim.com\/product\/kiz-cocuk-pamuklu-cep-detayli-parasut-kesim-denim-pantolon\/"},"modified":"2026-04-06T08:31:42","modified_gmt":"2026-04-06T08:31:42","slug":"kiz-cocuk-pamuklu-cep-detayli-parasut-kesim-denim-pantolon","status":"publish","type":"product","link":"https:\/\/mod.wisdar.net\/tr\/urun\/kiz-cocuk-pamuklu-cep-detayli-parasut-kesim-denim-pantolon\/","title":{"rendered":"K\u0131z \u00c7ocuk Pamuklu Cep Detayl\u0131 Para\u015f\u00fct Kesim Denim Pantolon"},"content":{"rendered":"<p>Para\u015f\u00fct kesim denim pantolon, modern ve rahat bir g\u00f6r\u00fcn\u00fcm sunuyor. Y\u0131prat\u0131lm\u0131\u015f detaylar\u0131yla hareket kazan\u0131yor. Pamuklu yap\u0131s\u0131 ve rahat kal\u0131b\u0131yla \u00e7ocuklara g\u00fcn boyu konfor sa\u011fl\u0131yor.<\/p>\n<p>\u00dcr\u00fcn \u00d6zellikleri<br \/>\nKol Tipi: Kolsuz<br \/>\nYaka Tipi: Yok<br \/>\nDetay: Cep Detayl\u0131, Fermuarl\u0131<br \/>\nFit: Rahat Kal\u0131p<br \/>\nKuma\u015f: %100 Pamuk<br \/>\nKullan\u0131m Alan\u0131: G\u00fcnl\u00fck Giyim, \u00d6zel G\u00fcnler<\/p>\n<p>Koton k\u0131z \u00e7ocuk jean pantolon koleksiyonu ile renkli ve rahat tasar\u0131mlar\u0131 ke\u015ffedin, miniklerin d\u00fcnyas\u0131na ne\u015fe kat\u0131n!<\/p>\n<p>Bebe\u011finiz bu k\u0131yafet ile g\u00fcvende! \u00dcr\u00fcnlerimiz kimyasallara kar\u015f\u0131 test edilerek, t\u00fcm g\u00fcvenlik kurallar\u0131na uygun olarak \u00fcretilir. \u00dcr\u00fcnlerimizde sa\u011fl\u0131\u011fa zararl\u0131 boyalar ve a\u011f\u0131r metaller, tehlikeli yutulabilecek k\u00fc\u00e7\u00fck ve keskin par\u00e7alar, kordon ve ba\u011fc\u0131klar bulunmamaktad\u0131r.<\/p>\n<p>\u2014 Technical Details \u2014<br \/>\nSil\u00fcet: Balon Form<br \/>\nBel Y\u00fcksekli\u011fi: Y\u00fcksek Bel<br \/>\n\u00dcr\u00fcn Tipi \/ Stil: Balon Form<br \/>\n\u00dcr\u00fcn\u00fcn Alt Markas\u0131: Kidswear<\/p>\n","protected":false},"excerpt":{"rendered":"<p>Para\u015f\u00fct kesim denim pantolon, modern ve rahat bir g\u00f6r\u00fcn\u00fcm sunuyor. Y\u0131prat\u0131lm\u0131\u015f detaylar\u0131yla hareket kazan\u0131yor. Pamuklu yap\u0131s\u0131 ve rahat kal\u0131b\u0131yla \u00e7ocuklara g\u00fcn boyu konfor sa\u011fl\u0131yor. \u00dcr\u00fcn \u00d6zellikleri Kol Tipi: Kolsuz Yaka Tipi: Yok Detay: Cep Detayl\u0131, Fermuarl\u0131 Fit: Rahat Kal\u0131p Kuma\u015f: %100 Pamuk Kullan\u0131m Alan\u0131: G\u00fcnl\u00fck Giyim, \u00d6zel G\u00fcnler Koton k\u0131z \u00e7ocuk jean pantolon koleksiyonu ile [&hellip;]<\/p>\n","protected":false},"featured_media":140497,"comment_status":"open","ping_status":"closed","template":"","meta":[],"product_brand":[],"product_cat":[8715,8694,8727],"product_tag":[8048,7354,6876,7650],"class_list":{"0":"post-140514","1":"product","2":"type-product","3":"status-publish","4":"has-post-thumbnail","6":"product_cat-kiz-cocuklari-2-14-yas","7":"product_cat-cocuklar","8":"product_cat-pantolon","9":"product_tag-cep-detayi","10":"product_tag-gunluk-giyim-2","11":"product_tag-rahat-kesim","12":"product_tag-yuksek-bel-3","13":"pa_brand-koton","14":"pa_color-light-indigo","15":"pa_size-11-12-yas-2","16":"pa_size-13-14-yas-2","17":"pa_size-5-6-yas-2","18":"pa_size-6-7-yas-2","19":"pa_size-7-8-yas-2","20":"pa_size-9-10-yas-2","22":"first","23":"outofstock","24":"shipping-taxable","25":"product-type-variable"},"_links":{"self":[{"href":"https:\/\/mod.wisdar.net\/tr\/wp-json\/wp\/v2\/product\/140514","targetHints":{"allow":["GET"]}}],"collection":[{"href":"https:\/\/mod.wisdar.net\/tr\/wp-json\/wp\/v2\/product"}],"about":[{"href":"https:\/\/mod.wisdar.net\/tr\/wp-json\/wp\/v2\/types\/product"}],"replies":[{"embeddable":true,"href":"https:\/\/mod.wisdar.net\/tr\/wp-json\/wp\/v2\/comments?post=140514"}],"wp:featuredmedia":[{"embeddable":true,"href":"https:\/\/mod.wisdar.net\/tr\/wp-json\/wp\/v2\/media\/140497"}],"wp:attachment":[{"href":"https:\/\/mod.wisdar.net\/tr\/wp-json\/wp\/v2\/media?parent=140514"}],"wp:term":[{"taxonomy":"product_brand","embeddable":true,"href":"https:\/\/mod.wisdar.net\/tr\/wp-json\/wp\/v2\/product_brand?post=140514"},{"taxonomy":"product_cat","embeddable":true,"href":"https:\/\/mod.wisdar.net\/tr\/wp-json\/wp\/v2\/product_cat?post=140514"},{"taxonomy":"product_tag","embeddable":true,"href":"https:\/\/mod.wisdar.net\/tr\/wp-json\/wp\/v2\/product_tag?post=140514"}],"curies":[{"name":"wp","href":"https:\/\/api.w.org\/{rel}","templated":true}]}}