{"id":140577,"date":"2026-02-20T15:27:52","date_gmt":"2026-02-20T15:27:52","guid":{"rendered":"https:\/\/modesthanim.com\/product\/kiz-cocuk-dugme-aksesuar-detayli-nervurlu-genis-paca-tuvit-pantolon\/"},"modified":"2026-03-19T03:12:18","modified_gmt":"2026-03-19T03:12:18","slug":"kiz-cocuk-dugme-aksesuar-detayli-nervurlu-genis-paca-tuvit-pantolon","status":"publish","type":"product","link":"https:\/\/mod.wisdar.net\/tr\/urun\/kiz-cocuk-dugme-aksesuar-detayli-nervurlu-genis-paca-tuvit-pantolon\/","title":{"rendered":"K\u0131z \u00c7ocuk D\u00fc\u011fme Aksesuar Detayl\u0131 Nerv\u00fcrl\u00fc Geni\u015f Pa\u00e7a T\u00fcvit Pantolon"},"content":{"rendered":"<p>D\u00fc\u011fme detayl\u0131 geni\u015f pa\u00e7a t\u00fcvit pantolon, \u015firin tasar\u0131m\u0131yla dikkat \u00e7ekiyor. \u015e\u0131k d\u00fc\u011fme detaylar\u0131 ile zenginle\u015fen yap\u0131s\u0131 miniklerin g\u00fcnl\u00fck tarz\u0131n\u0131 hareketlendiriyor. Esnek bel yap\u0131s\u0131 sayesinde rahat bir kullan\u0131m sunarken, t\u00fcvit dokusu ile farkl\u0131l\u0131k kat\u0131yor. Pantolon, hareket \u00f6zg\u00fcrl\u00fc\u011f\u00fc sa\u011flayan kesimiyle \u00f6ne \u00e7\u0131k\u0131yor ve \u00e7ocuklar\u0131n enerjik d\u00fcnyas\u0131na uyum sa\u011fl\u0131yor.<\/p>\n<p>\u00dcr\u00fcn \u00d6zellikleri<br \/>\nBel Tipi: Normal Bel<br \/>\nFit: Regular Fit<br \/>\nPa\u00e7a Tipi: Geni\u015f Pa\u00e7a<br \/>\nDetay: D\u00fc\u011fmeli<br \/>\nKullan\u0131m Alan\u0131: G\u00fcnl\u00fck Giyim<\/p>\n<p>Koton k\u0131z \u00e7ocuk pantolon modelleri, sevimli tasar\u0131mlar\u0131yla gard\u0131roplarda yerini al\u0131yor! Koton Kids ile enerjik ve renkli d\u00fcnyalar\u0131 ke\u015ffedin!<\/p>\n","protected":false},"excerpt":{"rendered":"<p>D\u00fc\u011fme detayl\u0131 geni\u015f pa\u00e7a t\u00fcvit pantolon, \u015firin tasar\u0131m\u0131yla dikkat \u00e7ekiyor. \u015e\u0131k d\u00fc\u011fme detaylar\u0131 ile zenginle\u015fen yap\u0131s\u0131 miniklerin g\u00fcnl\u00fck tarz\u0131n\u0131 hareketlendiriyor. Esnek bel yap\u0131s\u0131 sayesinde rahat bir kullan\u0131m sunarken, t\u00fcvit dokusu ile farkl\u0131l\u0131k kat\u0131yor. Pantolon, hareket \u00f6zg\u00fcrl\u00fc\u011f\u00fc sa\u011flayan kesimiyle \u00f6ne \u00e7\u0131k\u0131yor ve \u00e7ocuklar\u0131n enerjik d\u00fcnyas\u0131na uyum sa\u011fl\u0131yor. \u00dcr\u00fcn \u00d6zellikleri Bel Tipi: Normal Bel Fit: Regular Fit [&hellip;]<\/p>\n","protected":false},"featured_media":140572,"comment_status":"open","ping_status":"closed","template":"","meta":[],"product_brand":[],"product_cat":[8715,8694,8727],"product_tag":[7490,7643,7419],"class_list":{"0":"post-140577","1":"product","2":"type-product","3":"status-publish","4":"has-post-thumbnail","6":"product_cat-kiz-cocuklari-2-14-yas","7":"product_cat-cocuklar","8":"product_cat-pantolon","9":"product_tag-bol-paca-2","10":"product_tag-fitilli","11":"product_tag-gunluk","12":"pa_brand-koton","13":"pa_color-pembe","14":"pa_size-11-12-yas-2","15":"pa_size-13-14-yas-2","16":"pa_size-5-6-yas-2","17":"pa_size-6-7-yas-2","18":"pa_size-7-8-yas-2","19":"pa_size-9-10-yas-2","21":"first","22":"outofstock","23":"shipping-taxable","24":"product-type-variable"},"_links":{"self":[{"href":"https:\/\/mod.wisdar.net\/tr\/wp-json\/wp\/v2\/product\/140577","targetHints":{"allow":["GET"]}}],"collection":[{"href":"https:\/\/mod.wisdar.net\/tr\/wp-json\/wp\/v2\/product"}],"about":[{"href":"https:\/\/mod.wisdar.net\/tr\/wp-json\/wp\/v2\/types\/product"}],"replies":[{"embeddable":true,"href":"https:\/\/mod.wisdar.net\/tr\/wp-json\/wp\/v2\/comments?post=140577"}],"wp:featuredmedia":[{"embeddable":true,"href":"https:\/\/mod.wisdar.net\/tr\/wp-json\/wp\/v2\/media\/140572"}],"wp:attachment":[{"href":"https:\/\/mod.wisdar.net\/tr\/wp-json\/wp\/v2\/media?parent=140577"}],"wp:term":[{"taxonomy":"product_brand","embeddable":true,"href":"https:\/\/mod.wisdar.net\/tr\/wp-json\/wp\/v2\/product_brand?post=140577"},{"taxonomy":"product_cat","embeddable":true,"href":"https:\/\/mod.wisdar.net\/tr\/wp-json\/wp\/v2\/product_cat?post=140577"},{"taxonomy":"product_tag","embeddable":true,"href":"https:\/\/mod.wisdar.net\/tr\/wp-json\/wp\/v2\/product_tag?post=140577"}],"curies":[{"name":"wp","href":"https:\/\/api.w.org\/{rel}","templated":true}]}}