{"id":140606,"date":"2026-02-20T15:28:16","date_gmt":"2026-02-20T15:28:16","guid":{"rendered":"https:\/\/modesthanim.com\/product\/kiz-cocuk-uzun-kollu-bisiklet-yaka-boncuk-detayli-triko-kazak\/"},"modified":"2026-04-13T08:42:18","modified_gmt":"2026-04-13T08:42:18","slug":"kiz-cocuk-uzun-kollu-bisiklet-yaka-boncuk-detayli-triko-kazak","status":"publish","type":"product","link":"https:\/\/mod.wisdar.net\/tr\/urun\/kiz-cocuk-uzun-kollu-bisiklet-yaka-boncuk-detayli-triko-kazak\/","title":{"rendered":"K\u0131z \u00c7ocuk Uzun Kollu Bisiklet Yaka Boncuk Detayl\u0131 Triko Kazak"},"content":{"rendered":"<p>Triko kazak, \u00e7ocuklar\u0131n\u0131n gard\u0131robuna sevimli bir dokunu\u015f kat\u0131yor. Uzun kollu ve bisiklet yaka tasar\u0131m\u0131yla dikkat \u00e7ekerken, zarif boncuk detaylar\u0131 kaza\u011fa \u015f\u0131k bir hava kat\u0131yor. Yumu\u015fac\u0131k yap\u0131s\u0131yla \u00e7ocuklar\u0131n g\u00fcn boyu rahat hareket etmesine olanak tan\u0131yor.<\/p>\n<p>\u00dcr\u00fcn \u00d6zellikleri<br \/>\nKol Tipi: Uzun Kol<br \/>\nYaka Tipi: Bisiklet Yaka<br \/>\nFit: Bol Kal\u0131p<br \/>\nKullan\u0131m Alan\u0131: G\u00fcnl\u00fck Giyim<\/p>\n<p>Koton k\u0131z \u00e7ocuk giyim koleksiyonu, sevimli ve rahat tasar\u0131mlar\u0131yla miniklerin kalbini \u00e7al\u0131yor! Miniklerin enerjisine uyum sa\u011flayan rahat ve \u015f\u0131k tasar\u0131mlar i\u00e7in Koton Kids koleksiyonunu ke\u015ffedin!<\/p>\n<p>\u2014 Technical Details \u2014<br \/>\nkol_tipi: Uzun Kol<br \/>\nyaka_tipi: Bisiklet Yaka<br \/>\nfit: Bol Kal\u0131p<br \/>\nkullan\u0131m_alan\u0131: G\u00fcnl\u00fck Giyim<br \/>\nkol_boyu: Uzun Kol<br \/>\nsil\u00fcet: Boxy<br \/>\n\u00fcr\u00fcn_tipi_stil: Boxy<br \/>\nalt_marka: Kidswear<br \/>\n\u00f6l\u00e7\u00fc_tablosu: {&#8216;5\/6 Ya\u015f&#8217;: {&#8216;boy&#8217;: 43, &#8216;g\u00f6\u011f\u00fcs&#8217;: 36}, &#8216;6\/7 Ya\u015f&#8217;: {&#8216;boy&#8217;: 45, &#8216;g\u00f6\u011f\u00fcs&#8217;: 37}, &#8216;7\/8 Ya\u015f&#8217;: {&#8216;boy&#8217;: 48, &#8216;g\u00f6\u011f\u00fcs&#8217;: 39}, &#8216;9\/10 Ya\u015f&#8217;: {&#8216;boy&#8217;: 51, &#8216;g\u00f6\u011f\u00fcs&#8217;: 41}, &#8217;11\/12 Ya\u015f&#8217;: {&#8216;boy&#8217;: 54, &#8216;g\u00f6\u011f\u00fcs&#8217;: 43}, &#8217;13\/14 Ya\u015f&#8217;: {&#8216;boy&#8217;: 57, &#8216;g\u00f6\u011f\u00fcs&#8217;: 46}}<\/p>\n","protected":false},"excerpt":{"rendered":"<p>Triko kazak, \u00e7ocuklar\u0131n\u0131n gard\u0131robuna sevimli bir dokunu\u015f kat\u0131yor. Uzun kollu ve bisiklet yaka tasar\u0131m\u0131yla dikkat \u00e7ekerken, zarif boncuk detaylar\u0131 kaza\u011fa \u015f\u0131k bir hava kat\u0131yor. Yumu\u015fac\u0131k yap\u0131s\u0131yla \u00e7ocuklar\u0131n g\u00fcn boyu rahat hareket etmesine olanak tan\u0131yor. \u00dcr\u00fcn \u00d6zellikleri Kol Tipi: Uzun Kol Yaka Tipi: Bisiklet Yaka Fit: Bol Kal\u0131p Kullan\u0131m Alan\u0131: G\u00fcnl\u00fck Giyim Koton k\u0131z \u00e7ocuk giyim [&hellip;]<\/p>\n","protected":false},"featured_media":140601,"comment_status":"open","ping_status":"closed","template":"","meta":[],"product_brand":[],"product_cat":[8715,8694,8724],"product_tag":[8110,7326,7426,6768],"class_list":{"0":"post-140606","1":"product","2":"type-product","3":"status-publish","4":"has-post-thumbnail","6":"product_cat-kiz-cocuklari-2-14-yas","7":"product_cat-cocuklar","8":"product_cat-tisortler-bluzlar","9":"product_tag-bisiklet-yaka-2","10":"product_tag-bol-kesim","11":"product_tag-gunluk-giyim-3","12":"product_tag-uzun-kol","13":"pa_brand-koton","14":"pa_color-ekru","15":"pa_size-11-12-yas-2","16":"pa_size-13-14-yas-2","17":"pa_size-5-6-yas-2","18":"pa_size-6-7-yas-2","19":"pa_size-7-8-yas-2","20":"pa_size-9-10-yas-2","22":"first","23":"instock","24":"sale","25":"shipping-taxable","26":"purchasable","27":"product-type-variable"},"_links":{"self":[{"href":"https:\/\/mod.wisdar.net\/tr\/wp-json\/wp\/v2\/product\/140606","targetHints":{"allow":["GET"]}}],"collection":[{"href":"https:\/\/mod.wisdar.net\/tr\/wp-json\/wp\/v2\/product"}],"about":[{"href":"https:\/\/mod.wisdar.net\/tr\/wp-json\/wp\/v2\/types\/product"}],"replies":[{"embeddable":true,"href":"https:\/\/mod.wisdar.net\/tr\/wp-json\/wp\/v2\/comments?post=140606"}],"wp:featuredmedia":[{"embeddable":true,"href":"https:\/\/mod.wisdar.net\/tr\/wp-json\/wp\/v2\/media\/140601"}],"wp:attachment":[{"href":"https:\/\/mod.wisdar.net\/tr\/wp-json\/wp\/v2\/media?parent=140606"}],"wp:term":[{"taxonomy":"product_brand","embeddable":true,"href":"https:\/\/mod.wisdar.net\/tr\/wp-json\/wp\/v2\/product_brand?post=140606"},{"taxonomy":"product_cat","embeddable":true,"href":"https:\/\/mod.wisdar.net\/tr\/wp-json\/wp\/v2\/product_cat?post=140606"},{"taxonomy":"product_tag","embeddable":true,"href":"https:\/\/mod.wisdar.net\/tr\/wp-json\/wp\/v2\/product_tag?post=140606"}],"curies":[{"name":"wp","href":"https:\/\/api.w.org\/{rel}","templated":true}]}}