{"id":140644,"date":"2026-02-20T15:30:36","date_gmt":"2026-02-20T15:30:36","guid":{"rendered":"https:\/\/modesthanim.com\/product\/kiz-cocuk-beli-lastikli-ayicik-baskili-pamuklu-sardonlu-tayt\/"},"modified":"2026-04-13T08:42:36","modified_gmt":"2026-04-13T08:42:36","slug":"kiz-cocuk-beli-lastikli-ayicik-baskili-pamuklu-sardonlu-tayt","status":"publish","type":"product","link":"https:\/\/mod.wisdar.net\/tr\/urun\/kiz-cocuk-beli-lastikli-ayicik-baskili-pamuklu-sardonlu-tayt\/","title":{"rendered":"K\u0131z \u00c7ocuk Beli Lastikli Ay\u0131c\u0131k Bask\u0131l\u0131 Pamuklu \u015eardonlu Tayt"},"content":{"rendered":"<p>Elastic waistband soft interior teddy bear printed cotton leggings. D\u0131\u015f: %96 PAMUK, %4 ELASTAN<\/p>\n","protected":false},"excerpt":{"rendered":"<p>Elastic waistband soft interior teddy bear printed cotton leggings. D\u0131\u015f: %96 PAMUK, %4 ELASTAN<\/p>\n","protected":false},"featured_media":140641,"comment_status":"open","ping_status":"closed","template":"","meta":[],"product_brand":[],"product_cat":[8715,8694,8727],"product_tag":[7444,7480],"class_list":{"0":"post-140644","1":"product","2":"type-product","3":"status-publish","4":"has-post-thumbnail","6":"product_cat-kiz-cocuklari-2-14-yas","7":"product_cat-cocuklar","8":"product_cat-pantolon","9":"product_tag-jarse","10":"product_tag-tayt","11":"pa_brand-koton","12":"pa_color-siyah-desenli","13":"pa_size-11-12-yas-2","14":"pa_size-4-5-yas-2","15":"pa_size-5-6-yas-2","16":"pa_size-6-7-yas-2","17":"pa_size-7-8-yas-2","18":"pa_size-9-10-yas-2","20":"first","21":"instock","22":"sale","23":"shipping-taxable","24":"purchasable","25":"product-type-variable"},"_links":{"self":[{"href":"https:\/\/mod.wisdar.net\/tr\/wp-json\/wp\/v2\/product\/140644","targetHints":{"allow":["GET"]}}],"collection":[{"href":"https:\/\/mod.wisdar.net\/tr\/wp-json\/wp\/v2\/product"}],"about":[{"href":"https:\/\/mod.wisdar.net\/tr\/wp-json\/wp\/v2\/types\/product"}],"replies":[{"embeddable":true,"href":"https:\/\/mod.wisdar.net\/tr\/wp-json\/wp\/v2\/comments?post=140644"}],"wp:featuredmedia":[{"embeddable":true,"href":"https:\/\/mod.wisdar.net\/tr\/wp-json\/wp\/v2\/media\/140641"}],"wp:attachment":[{"href":"https:\/\/mod.wisdar.net\/tr\/wp-json\/wp\/v2\/media?parent=140644"}],"wp:term":[{"taxonomy":"product_brand","embeddable":true,"href":"https:\/\/mod.wisdar.net\/tr\/wp-json\/wp\/v2\/product_brand?post=140644"},{"taxonomy":"product_cat","embeddable":true,"href":"https:\/\/mod.wisdar.net\/tr\/wp-json\/wp\/v2\/product_cat?post=140644"},{"taxonomy":"product_tag","embeddable":true,"href":"https:\/\/mod.wisdar.net\/tr\/wp-json\/wp\/v2\/product_tag?post=140644"}],"curies":[{"name":"wp","href":"https:\/\/api.w.org\/{rel}","templated":true}]}}