{"id":140696,"date":"2026-02-20T15:32:03","date_gmt":"2026-02-20T15:32:03","guid":{"rendered":"https:\/\/modesthanim.com\/product\/kiz-cocuk-dugmeli-uzun-kollu-bisiklet-yaka-crop-tuvit-ceket\/"},"modified":"2026-03-05T20:32:16","modified_gmt":"2026-03-05T20:32:16","slug":"kiz-cocuk-dugmeli-uzun-kollu-bisiklet-yaka-crop-tuvit-ceket","status":"publish","type":"product","link":"https:\/\/mod.wisdar.net\/tr\/urun\/kiz-cocuk-dugmeli-uzun-kollu-bisiklet-yaka-crop-tuvit-ceket\/","title":{"rendered":"K\u0131z \u00c7ocuk D\u00fc\u011fmeli Uzun Kollu Bisiklet Yaka Crop T\u00fcvit Ceket"},"content":{"rendered":"<p>T\u00fcvit ceket, bisiklet yaka ve uzun kollu tasar\u0131m\u0131yla dikkat \u00e7ekiyor. \u0130nce d\u00fc\u011fme detaylar\u0131 cekete \u015f\u0131k bir hava katarken crop boyu modern bir g\u00f6r\u00fcn\u00fcm sunuyor. Zarif bir tasar\u0131ma sahip ceket, miniklerin kombinlerine harika bir uyum sa\u011fl\u0131yor.<\/p>\n<p>\u00dcr\u00fcn \u00d6zellikleri<br \/>\nKol Tipi: Uzun Kol<br \/>\nYaka Tipi: Bisiklet Yaka<br \/>\nDetay: D\u00fc\u011fmeli<br \/>\nKullan\u0131m Alan\u0131: G\u00fcnl\u00fck Giyim, \u00d6zel G\u00fcnler<\/p>\n<p>Koton k\u0131z \u00e7ocuk giyim koleksiyonu, c\u0131v\u0131l c\u0131v\u0131l tasar\u0131mlar\u0131yla miniklerin kalbini \u00e7al\u0131yor! Koton Kids ile e\u011flenceli ve enerjik \u00e7ocuk koleksiyonunu ke\u015ffedin!<\/p>\n<p>D\u0131\u015f: %61 POL\u0130ESTER, %4 METAL\u0130K \u0130PL\u0130K, %1 ELASTAN, %17 V\u0130SKOZ, %17 PAMUK<br \/>\nAstar: %100 POL\u0130ESTER<\/p>\n<p>\u2014 Technical Details \u2014<br \/>\nkol_tipi: Uzun Kol<br \/>\nyaka_tipi: Bisiklet Yaka<br \/>\ndetay: D\u00fc\u011fmeli<br \/>\nkullan\u0131m_alan\u0131: G\u00fcnl\u00fck Giyim, \u00d6zel G\u00fcnler<br \/>\nkol_boyu: Uzun Kol<br \/>\nkol_tipi_detay: D\u00fc\u015f\u00fck Omuz<br \/>\nalt_marka: Kidswear<br \/>\nimalat\u00e7\u0131: Koton Ma\u011fazac\u0131l\u0131k Tekstil Sanayi ve Ticaret A.\u015e.<\/p>\n","protected":false},"excerpt":{"rendered":"<p>T\u00fcvit ceket, bisiklet yaka ve uzun kollu tasar\u0131m\u0131yla dikkat \u00e7ekiyor. \u0130nce d\u00fc\u011fme detaylar\u0131 cekete \u015f\u0131k bir hava katarken crop boyu modern bir g\u00f6r\u00fcn\u00fcm sunuyor. Zarif bir tasar\u0131ma sahip ceket, miniklerin kombinlerine harika bir uyum sa\u011fl\u0131yor. \u00dcr\u00fcn \u00d6zellikleri Kol Tipi: Uzun Kol Yaka Tipi: Bisiklet Yaka Detay: D\u00fc\u011fmeli Kullan\u0131m Alan\u0131: G\u00fcnl\u00fck Giyim, \u00d6zel G\u00fcnler Koton k\u0131z [&hellip;]<\/p>\n","protected":false},"featured_media":140692,"comment_status":"open","ping_status":"closed","template":"","meta":[],"product_brand":[],"product_cat":[8715,8694,8724],"product_tag":[7946,6768],"class_list":{"0":"post-140696","1":"product","2":"type-product","3":"status-publish","4":"has-post-thumbnail","6":"product_cat-kiz-cocuklari-2-14-yas","7":"product_cat-cocuklar","8":"product_cat-tisortler-bluzlar","9":"product_tag-tuvit-ceket","10":"product_tag-uzun-kol","11":"pa_brand-koton","12":"pa_color-ekru","13":"pa_size-11-12-yas-2","14":"pa_size-13-14-yas-2","15":"pa_size-5-6-yas-2","16":"pa_size-6-7-yas-2","17":"pa_size-7-8-yas-2","18":"pa_size-9-10-yas-2","20":"first","21":"outofstock","22":"shipping-taxable","23":"product-type-variable"},"_links":{"self":[{"href":"https:\/\/mod.wisdar.net\/tr\/wp-json\/wp\/v2\/product\/140696","targetHints":{"allow":["GET"]}}],"collection":[{"href":"https:\/\/mod.wisdar.net\/tr\/wp-json\/wp\/v2\/product"}],"about":[{"href":"https:\/\/mod.wisdar.net\/tr\/wp-json\/wp\/v2\/types\/product"}],"replies":[{"embeddable":true,"href":"https:\/\/mod.wisdar.net\/tr\/wp-json\/wp\/v2\/comments?post=140696"}],"wp:featuredmedia":[{"embeddable":true,"href":"https:\/\/mod.wisdar.net\/tr\/wp-json\/wp\/v2\/media\/140692"}],"wp:attachment":[{"href":"https:\/\/mod.wisdar.net\/tr\/wp-json\/wp\/v2\/media?parent=140696"}],"wp:term":[{"taxonomy":"product_brand","embeddable":true,"href":"https:\/\/mod.wisdar.net\/tr\/wp-json\/wp\/v2\/product_brand?post=140696"},{"taxonomy":"product_cat","embeddable":true,"href":"https:\/\/mod.wisdar.net\/tr\/wp-json\/wp\/v2\/product_cat?post=140696"},{"taxonomy":"product_tag","embeddable":true,"href":"https:\/\/mod.wisdar.net\/tr\/wp-json\/wp\/v2\/product_tag?post=140696"}],"curies":[{"name":"wp","href":"https:\/\/api.w.org\/{rel}","templated":true}]}}