{"id":140716,"date":"2026-02-20T15:32:21","date_gmt":"2026-02-20T15:32:21","guid":{"rendered":"https:\/\/modesthanim.com\/product\/kiz-cocuk-beli-lastikli-kalin-pileli-etek\/"},"modified":"2026-03-05T20:31:53","modified_gmt":"2026-03-05T20:31:53","slug":"kiz-cocuk-beli-lastikli-kalin-pileli-etek","status":"publish","type":"product","link":"https:\/\/mod.wisdar.net\/tr\/urun\/kiz-cocuk-beli-lastikli-kalin-pileli-etek\/","title":{"rendered":"K\u0131z \u00c7ocuk Beli Lastikli Kal\u0131n Pileli Etek"},"content":{"rendered":"<p>Pileli etek, miniklere her ad\u0131mda \u015f\u0131kl\u0131k sunuyor. Yumu\u015fak ve rahat kuma\u015f\u0131yla rahat bir giyim deneyimi sa\u011fl\u0131yor. Normal bel tasar\u0131m\u0131 ile g\u00fcnl\u00fck kombinlerde rahatl\u0131kla kullan\u0131labiliyor.<\/p>\n<p>\u00dcr\u00fcn \u00d6zellikleri<br \/>\nBel Tipi: Normal Bel<br \/>\nBoyu: Diz \u00dcst\u00fc<br \/>\nStil: Kal\u0131n Pileli<br \/>\nKullan\u0131m Alan\u0131: G\u00fcnl\u00fck Giyim, \u00d6zel G\u00fcnler<\/p>\n<p>Koton k\u0131z \u00e7ocuk giyim koleksiyonu, ne\u015feli ve enerjik detaylar\u0131yla g\u00f6z dolduruyor! K\u0131z \u00e7ocuk etek modelleri ile miniklerin gard\u0131robuna renk kat\u0131n!<\/p>\n","protected":false},"excerpt":{"rendered":"<p>Pileli etek, miniklere her ad\u0131mda \u015f\u0131kl\u0131k sunuyor. Yumu\u015fak ve rahat kuma\u015f\u0131yla rahat bir giyim deneyimi sa\u011fl\u0131yor. Normal bel tasar\u0131m\u0131 ile g\u00fcnl\u00fck kombinlerde rahatl\u0131kla kullan\u0131labiliyor. \u00dcr\u00fcn \u00d6zellikleri Bel Tipi: Normal Bel Boyu: Diz \u00dcst\u00fc Stil: Kal\u0131n Pileli Kullan\u0131m Alan\u0131: G\u00fcnl\u00fck Giyim, \u00d6zel G\u00fcnler Koton k\u0131z \u00e7ocuk giyim koleksiyonu, ne\u015feli ve enerjik detaylar\u0131yla g\u00f6z dolduruyor! K\u0131z \u00e7ocuk [&hellip;]<\/p>\n","protected":false},"featured_media":140704,"comment_status":"open","ping_status":"closed","template":"","meta":[],"product_brand":[],"product_cat":[8718,8715,8694],"product_tag":[6765,7600],"class_list":{"0":"post-140716","1":"product","2":"type-product","3":"status-publish","4":"has-post-thumbnail","6":"product_cat-elbiseler-etekler","7":"product_cat-kiz-cocuklari-2-14-yas","8":"product_cat-cocuklar","9":"product_tag-lastikli-bel","10":"product_tag-pileli-etek","11":"pa_brand-koton","12":"pa_color-ekru","13":"pa_size-11-12-yas-2","14":"pa_size-13-14-yas-2","15":"pa_size-5-6-yas-2","16":"pa_size-6-7-yas-2","17":"pa_size-7-8-yas-2","18":"pa_size-9-10-yas-2","20":"first","21":"outofstock","22":"shipping-taxable","23":"product-type-variable"},"_links":{"self":[{"href":"https:\/\/mod.wisdar.net\/tr\/wp-json\/wp\/v2\/product\/140716","targetHints":{"allow":["GET"]}}],"collection":[{"href":"https:\/\/mod.wisdar.net\/tr\/wp-json\/wp\/v2\/product"}],"about":[{"href":"https:\/\/mod.wisdar.net\/tr\/wp-json\/wp\/v2\/types\/product"}],"replies":[{"embeddable":true,"href":"https:\/\/mod.wisdar.net\/tr\/wp-json\/wp\/v2\/comments?post=140716"}],"wp:featuredmedia":[{"embeddable":true,"href":"https:\/\/mod.wisdar.net\/tr\/wp-json\/wp\/v2\/media\/140704"}],"wp:attachment":[{"href":"https:\/\/mod.wisdar.net\/tr\/wp-json\/wp\/v2\/media?parent=140716"}],"wp:term":[{"taxonomy":"product_brand","embeddable":true,"href":"https:\/\/mod.wisdar.net\/tr\/wp-json\/wp\/v2\/product_brand?post=140716"},{"taxonomy":"product_cat","embeddable":true,"href":"https:\/\/mod.wisdar.net\/tr\/wp-json\/wp\/v2\/product_cat?post=140716"},{"taxonomy":"product_tag","embeddable":true,"href":"https:\/\/mod.wisdar.net\/tr\/wp-json\/wp\/v2\/product_tag?post=140716"}],"curies":[{"name":"wp","href":"https:\/\/api.w.org\/{rel}","templated":true}]}}