{"id":140761,"date":"2026-02-20T15:33:55","date_gmt":"2026-02-20T15:33:55","guid":{"rendered":"https:\/\/modesthanim.com\/product\/kiz-cocuk-beli-lastikli-viskon-karisimli-dar-kalip-ispanyol-paca-pantolon\/"},"modified":"2026-04-04T06:10:49","modified_gmt":"2026-04-04T06:10:49","slug":"kiz-cocuk-beli-lastikli-viskon-karisimli-dar-kalip-ispanyol-paca-pantolon","status":"publish","type":"product","link":"https:\/\/mod.wisdar.net\/tr\/urun\/kiz-cocuk-beli-lastikli-viskon-karisimli-dar-kalip-ispanyol-paca-pantolon\/","title":{"rendered":"K\u0131z \u00c7ocuk Beli Lastikli Viskon Kar\u0131\u015f\u0131ml\u0131 Dar Kal\u0131p \u0130spanyol Pa\u00e7a Pantolon"},"content":{"rendered":"<p>\u0130spanyol pa\u00e7a pantolon, viskon kar\u0131\u015f\u0131ml\u0131 kuma\u015f\u0131 ile rahat bir kullan\u0131m sa\u011fl\u0131yor. Rahat yap\u0131s\u0131, g\u00fcn boyu konfor sunuyor. \u015eirin tasar\u0131m\u0131yla dikkat \u00e7eken bu par\u00e7a, \u00e7ocuklar\u0131n dolab\u0131ndaki favori par\u00e7alar aras\u0131nda yer al\u0131yor. Pantolonun \u0130spanyol pa\u00e7a kesimi hareket \u00f6zg\u00fcrl\u00fc\u011f\u00fc sa\u011fl\u0131yor.<br \/>\n\u00dcr\u00fcn \u00d6zellikleri<br \/>\nKuma\u015f: %68 Viskoz, %4 Elastan, %28 Polyester<br \/>\nBel Tipi: Normal Bel<br \/>\nPa\u00e7a Bilgisi: \u0130spanyol Pa\u00e7a<br \/>\nFit Tipi: Dar Kal\u0131p<br \/>\nKullan\u0131m Alan\u0131: G\u00fcnl\u00fck Giyim<br \/>\nKoton \u00e7ocuk pantolon modelleri, konforlu ve sevimli bir se\u00e7enek sunuyor. \u00c7ocuklar\u0131n \u015firin tarz\u0131n\u0131 tamamlayan bu pantolonlarla kombinler yapman\u0131n tam zaman\u0131!<\/p>\n","protected":false},"excerpt":{"rendered":"<p>\u0130spanyol pa\u00e7a pantolon, viskon kar\u0131\u015f\u0131ml\u0131 kuma\u015f\u0131 ile rahat bir kullan\u0131m sa\u011fl\u0131yor. Rahat yap\u0131s\u0131, g\u00fcn boyu konfor sunuyor. \u015eirin tasar\u0131m\u0131yla dikkat \u00e7eken bu par\u00e7a, \u00e7ocuklar\u0131n dolab\u0131ndaki favori par\u00e7alar aras\u0131nda yer al\u0131yor. Pantolonun \u0130spanyol pa\u00e7a kesimi hareket \u00f6zg\u00fcrl\u00fc\u011f\u00fc sa\u011fl\u0131yor. \u00dcr\u00fcn \u00d6zellikleri Kuma\u015f: %68 Viskoz, %4 Elastan, %28 Polyester Bel Tipi: Normal Bel Pa\u00e7a Bilgisi: \u0130spanyol Pa\u00e7a Fit [&hellip;]<\/p>\n","protected":false},"featured_media":140753,"comment_status":"open","ping_status":"closed","template":"","meta":[],"product_brand":[],"product_cat":[8715,8694,8727],"product_tag":[7426,6765,7310],"class_list":{"0":"post-140761","1":"product","2":"type-product","3":"status-publish","4":"has-post-thumbnail","6":"product_cat-kiz-cocuklari-2-14-yas","7":"product_cat-cocuklar","8":"product_cat-pantolon","9":"product_tag-gunluk-giyim-3","10":"product_tag-lastikli-bel","11":"product_tag-slim-fit","12":"pa_brand-koton","13":"pa_color-siyah","14":"pa_size-11-12-yas-2","15":"pa_size-13-14-yas-2","16":"pa_size-5-6-yas-2","17":"pa_size-6-7-yas-2","18":"pa_size-7-8-yas-2","19":"pa_size-9-10-yas-2","21":"first","22":"instock","23":"sale","24":"shipping-taxable","25":"purchasable","26":"product-type-variable"},"_links":{"self":[{"href":"https:\/\/mod.wisdar.net\/tr\/wp-json\/wp\/v2\/product\/140761","targetHints":{"allow":["GET"]}}],"collection":[{"href":"https:\/\/mod.wisdar.net\/tr\/wp-json\/wp\/v2\/product"}],"about":[{"href":"https:\/\/mod.wisdar.net\/tr\/wp-json\/wp\/v2\/types\/product"}],"replies":[{"embeddable":true,"href":"https:\/\/mod.wisdar.net\/tr\/wp-json\/wp\/v2\/comments?post=140761"}],"wp:featuredmedia":[{"embeddable":true,"href":"https:\/\/mod.wisdar.net\/tr\/wp-json\/wp\/v2\/media\/140753"}],"wp:attachment":[{"href":"https:\/\/mod.wisdar.net\/tr\/wp-json\/wp\/v2\/media?parent=140761"}],"wp:term":[{"taxonomy":"product_brand","embeddable":true,"href":"https:\/\/mod.wisdar.net\/tr\/wp-json\/wp\/v2\/product_brand?post=140761"},{"taxonomy":"product_cat","embeddable":true,"href":"https:\/\/mod.wisdar.net\/tr\/wp-json\/wp\/v2\/product_cat?post=140761"},{"taxonomy":"product_tag","embeddable":true,"href":"https:\/\/mod.wisdar.net\/tr\/wp-json\/wp\/v2\/product_tag?post=140761"}],"curies":[{"name":"wp","href":"https:\/\/api.w.org\/{rel}","templated":true}]}}