{"id":140788,"date":"2026-02-20T15:34:37","date_gmt":"2026-02-20T15:34:37","guid":{"rendered":"https:\/\/modesthanim.com\/product\/kiz-cocuk-baskili-uzun-kollu-bisiklet-yaka-crop-sardonlu-sweatshirt\/"},"modified":"2026-04-13T08:41:06","modified_gmt":"2026-04-13T08:41:06","slug":"kiz-cocuk-baskili-uzun-kollu-bisiklet-yaka-crop-sardonlu-sweatshirt","status":"publish","type":"product","link":"https:\/\/mod.wisdar.net\/tr\/urun\/kiz-cocuk-baskili-uzun-kollu-bisiklet-yaka-crop-sardonlu-sweatshirt\/","title":{"rendered":"K\u0131z \u00c7ocuk Bask\u0131l\u0131 Uzun Kollu Bisiklet Yaka Crop \u015eardonlu Sweatshirt"},"content":{"rendered":"<p>Bask\u0131l\u0131 Uzun Kollu Bisiklet Yaka Crop \u015eardonlu Sweatshirt at Koton.com with discounted prices! Bask\u0131l\u0131 Uzun Kollu Bisiklet Yaka Crop \u015eardonlu Sweatshirt 699.99 TL only Click now to buy! | Koton Printed long sleeve crew neck crop soft interior sweatshirt.<\/p>\n","protected":false},"excerpt":{"rendered":"<p>Bask\u0131l\u0131 Uzun Kollu Bisiklet Yaka Crop \u015eardonlu Sweatshirt at Koton.com with discounted prices! Bask\u0131l\u0131 Uzun Kollu Bisiklet Yaka Crop \u015eardonlu Sweatshirt 699.99 TL only Click now to buy! | Koton Printed long sleeve crew neck crop soft interior sweatshirt.<\/p>\n","protected":false},"featured_media":140785,"comment_status":"open","ping_status":"closed","template":"","meta":[],"product_brand":[],"product_cat":[8715,8694,8724],"product_tag":[8110,7396,7426,6768],"class_list":{"0":"post-140788","1":"product","2":"type-product","3":"status-publish","4":"has-post-thumbnail","6":"product_cat-kiz-cocuklari-2-14-yas","7":"product_cat-cocuklar","8":"product_cat-tisortler-bluzlar","9":"product_tag-bisiklet-yaka-2","10":"product_tag-crop-top","11":"product_tag-gunluk-giyim-3","12":"product_tag-uzun-kol","13":"pa_brand-koton","14":"pa_color-antrasit","15":"pa_size-11-12-yas-2","16":"pa_size-13-14-yas-2","17":"pa_size-5-6-yas-2","18":"pa_size-6-7-yas-2","19":"pa_size-7-8-yas-2","20":"pa_size-9-10-yas-2","22":"first","23":"instock","24":"sale","25":"shipping-taxable","26":"purchasable","27":"product-type-variable"},"_links":{"self":[{"href":"https:\/\/mod.wisdar.net\/tr\/wp-json\/wp\/v2\/product\/140788","targetHints":{"allow":["GET"]}}],"collection":[{"href":"https:\/\/mod.wisdar.net\/tr\/wp-json\/wp\/v2\/product"}],"about":[{"href":"https:\/\/mod.wisdar.net\/tr\/wp-json\/wp\/v2\/types\/product"}],"replies":[{"embeddable":true,"href":"https:\/\/mod.wisdar.net\/tr\/wp-json\/wp\/v2\/comments?post=140788"}],"wp:featuredmedia":[{"embeddable":true,"href":"https:\/\/mod.wisdar.net\/tr\/wp-json\/wp\/v2\/media\/140785"}],"wp:attachment":[{"href":"https:\/\/mod.wisdar.net\/tr\/wp-json\/wp\/v2\/media?parent=140788"}],"wp:term":[{"taxonomy":"product_brand","embeddable":true,"href":"https:\/\/mod.wisdar.net\/tr\/wp-json\/wp\/v2\/product_brand?post=140788"},{"taxonomy":"product_cat","embeddable":true,"href":"https:\/\/mod.wisdar.net\/tr\/wp-json\/wp\/v2\/product_cat?post=140788"},{"taxonomy":"product_tag","embeddable":true,"href":"https:\/\/mod.wisdar.net\/tr\/wp-json\/wp\/v2\/product_tag?post=140788"}],"curies":[{"name":"wp","href":"https:\/\/api.w.org\/{rel}","templated":true}]}}