{"id":140844,"date":"2026-02-20T15:36:23","date_gmt":"2026-02-20T15:36:23","guid":{"rendered":"https:\/\/modesthanim.com\/product\/kiz-cocuk-kaskorse-yumusak-dokulu-uzun-kollu-bisiklet-yaka-fiyonk-baskili-tisort\/"},"modified":"2026-03-03T08:03:03","modified_gmt":"2026-03-03T08:03:03","slug":"kiz-cocuk-kaskorse-yumusak-dokulu-uzun-kollu-bisiklet-yaka-fiyonk-baskili-tisort","status":"publish","type":"product","link":"https:\/\/mod.wisdar.net\/tr\/urun\/kiz-cocuk-kaskorse-yumusak-dokulu-uzun-kollu-bisiklet-yaka-fiyonk-baskili-tisort\/","title":{"rendered":"K\u0131z \u00c7ocuk Ka\u015fkorse Yumu\u015fak Dokulu Uzun Kollu Bisiklet Yaka Fiyonk Bask\u0131l\u0131 Ti\u015f\u00f6rt"},"content":{"rendered":"<p>Ka\u015fkorse dokusuyla dikkat \u00e7eken uzun kollu bisiklet yaka ti\u015f\u00f6rt, k\u0131z \u00e7ocuklar i\u00e7in ideal bir se\u00e7im sunuyor. Sevimli fiyonk desenleriyle zarif bir g\u00f6r\u00fcn\u00fcm kazanan ti\u015f\u00f6rt, miniklerin her an\u0131na konfor kat\u0131yor. G\u00fcnl\u00fck kullan\u0131mda rahatl\u0131k sa\u011flayan yap\u0131s\u0131yla dikkat \u00e7eken tasar\u0131m, her kombine uyum sa\u011fl\u0131yor.<\/p>\n<p>\u00dcr\u00fcn \u00d6zellikleri<br \/>\nKol Tipi: Uzun Kol<br \/>\nYaka Tipi: Bisiklet Yaka<br \/>\nKuma\u015f: %30 Viskoz, %3 Elastan, %67 Polyester<br \/>\nKullan\u0131m Alan\u0131: G\u00fcnl\u00fck Giyim<\/p>\n<p>Koton k\u0131z \u00e7ocuk giyim koleksiyonu, c\u0131v\u0131l c\u0131v\u0131l tasar\u0131mlar\u0131yla miniklerin kalbini \u00e7al\u0131yor! E\u011flenceli tasar\u0131m\u0131yla miniklerin favorisi olacak ti\u015f\u00f6rt\u00fc ke\u015ffedin!<\/p>\n","protected":false},"excerpt":{"rendered":"<p>Ka\u015fkorse dokusuyla dikkat \u00e7eken uzun kollu bisiklet yaka ti\u015f\u00f6rt, k\u0131z \u00e7ocuklar i\u00e7in ideal bir se\u00e7im sunuyor. Sevimli fiyonk desenleriyle zarif bir g\u00f6r\u00fcn\u00fcm kazanan ti\u015f\u00f6rt, miniklerin her an\u0131na konfor kat\u0131yor. G\u00fcnl\u00fck kullan\u0131mda rahatl\u0131k sa\u011flayan yap\u0131s\u0131yla dikkat \u00e7eken tasar\u0131m, her kombine uyum sa\u011fl\u0131yor. \u00dcr\u00fcn \u00d6zellikleri Kol Tipi: Uzun Kol Yaka Tipi: Bisiklet Yaka Kuma\u015f: %30 Viskoz, %3 [&hellip;]<\/p>\n","protected":false},"featured_media":140839,"comment_status":"open","ping_status":"closed","template":"","meta":[],"product_brand":[],"product_cat":[8715,8694,8730],"product_tag":[7354,6751,6768],"class_list":{"0":"post-140844","1":"product","2":"type-product","3":"status-publish","4":"has-post-thumbnail","6":"product_cat-kiz-cocuklari-2-14-yas","7":"product_cat-cocuklar","8":"product_cat-pijama","9":"product_tag-gunluk-giyim-2","10":"product_tag-rahat","11":"product_tag-uzun-kol","12":"pa_brand-koton","13":"pa_color-ekru-desenli","14":"pa_size-11-12-yas-2","15":"pa_size-13-14-yas-2","16":"pa_size-5-6-yas-2","17":"pa_size-6-7-yas-2","18":"pa_size-7-8-yas-2","19":"pa_size-9-10-yas-2","21":"first","22":"instock","23":"sale","24":"shipping-taxable","25":"purchasable","26":"product-type-variable"},"_links":{"self":[{"href":"https:\/\/mod.wisdar.net\/tr\/wp-json\/wp\/v2\/product\/140844","targetHints":{"allow":["GET"]}}],"collection":[{"href":"https:\/\/mod.wisdar.net\/tr\/wp-json\/wp\/v2\/product"}],"about":[{"href":"https:\/\/mod.wisdar.net\/tr\/wp-json\/wp\/v2\/types\/product"}],"replies":[{"embeddable":true,"href":"https:\/\/mod.wisdar.net\/tr\/wp-json\/wp\/v2\/comments?post=140844"}],"wp:featuredmedia":[{"embeddable":true,"href":"https:\/\/mod.wisdar.net\/tr\/wp-json\/wp\/v2\/media\/140839"}],"wp:attachment":[{"href":"https:\/\/mod.wisdar.net\/tr\/wp-json\/wp\/v2\/media?parent=140844"}],"wp:term":[{"taxonomy":"product_brand","embeddable":true,"href":"https:\/\/mod.wisdar.net\/tr\/wp-json\/wp\/v2\/product_brand?post=140844"},{"taxonomy":"product_cat","embeddable":true,"href":"https:\/\/mod.wisdar.net\/tr\/wp-json\/wp\/v2\/product_cat?post=140844"},{"taxonomy":"product_tag","embeddable":true,"href":"https:\/\/mod.wisdar.net\/tr\/wp-json\/wp\/v2\/product_tag?post=140844"}],"curies":[{"name":"wp","href":"https:\/\/api.w.org\/{rel}","templated":true}]}}