{"id":140852,"date":"2026-02-20T15:36:22","date_gmt":"2026-02-20T15:36:22","guid":{"rendered":"https:\/\/modesthanim.com\/product\/kiz-cocuk-uzun-kollu-bisiklet-yaka-kalp-detayli-fitilli-sweatshirt\/"},"modified":"2026-03-19T02:51:49","modified_gmt":"2026-03-19T02:51:49","slug":"kiz-cocuk-uzun-kollu-bisiklet-yaka-kalp-detayli-fitilli-sweatshirt","status":"publish","type":"product","link":"https:\/\/mod.wisdar.net\/tr\/urun\/kiz-cocuk-uzun-kollu-bisiklet-yaka-kalp-detayli-fitilli-sweatshirt\/","title":{"rendered":"K\u0131z \u00c7ocuk Uzun Kollu Bisiklet Yaka Kalp Detayl\u0131 Fitilli Sweatshirt"},"content":{"rendered":"<p>\u00c7ocuklar\u0131n gard\u0131robuna renk katacak fitilli sweatshirt, bisiklet yaka ve uzun kollu tasar\u0131m\u0131yla dikkat \u00e7ekiyor. Rahat kal\u0131b\u0131 sayesinde her ya\u015ftan \u00e7ocu\u011fun rahatl\u0131kla giyebilece\u011fi model, yumu\u015fak dokusuyla g\u00fcn boyu konfor sa\u011fl\u0131yor. K\u0131yafetinize \u015f\u0131k ve modern bir hava katacak kalp detay\u0131 da g\u00f6z dolduruyor. G\u00fcnl\u00fck kullan\u0131m i\u00e7in m\u00fckemmel bir par\u00e7a olan sweatshirt, enerji dolu tasar\u0131m\u0131yla ideal bir se\u00e7im oluyor.<\/p>\n<p>\u00dcr\u00fcn \u00d6zellikleri<br \/>\nKol Tipi: Uzun Kol<br \/>\nYaka Tipi: Bisiklet Yaka<br \/>\nKullan\u0131m Alan\u0131: G\u00fcnl\u00fck Giyim, Spor Giyim<\/p>\n<p>Koton k\u0131z \u00e7ocuk giyim koleksiyonu, c\u0131v\u0131l c\u0131v\u0131l tasar\u0131mlar\u0131yla miniklerin kalbini \u00e7al\u0131yor! Koton&#8217;un rahat ve sevimli tasar\u0131mlar\u0131yla dolu koleksiyonunu ke\u015ffedin!<\/p>\n<p>\u2014 Technical Details \u2014<br \/>\nKuma\u015f: %95 POL\u0130ESTER, %5 ELASTAN<br \/>\nKol Boyu: Uzun Kol<br \/>\nKol Tipi: D\u00fc\u015f\u00fck Omuz<br \/>\nYaka Tipi: Bisiklet Yaka<br \/>\n\u00dcr\u00fcn\u00fcn Alt Markas\u0131: Kidswear<br \/>\nSat\u0131c\u0131\/\u0130malat\u00e7\u0131\/\u0130thalat\u00e7\u0131 \u0130smi: Koton Ma\u011fazac\u0131l\u0131k Tekstil Sanayi ve Ticaret A.\u015e.<br \/>\nPosta Adresi: Ayaza\u011fa Mah. Maslak Ayaza\u011fa Cad. No:3 \u0130\u00e7 Kap\u0131 No:5 Sar\u0131yer\/\u0130stanbul<br \/>\nE-Posta Adresi: mim@koton.com<\/p>\n","protected":false},"excerpt":{"rendered":"<p>\u00c7ocuklar\u0131n gard\u0131robuna renk katacak fitilli sweatshirt, bisiklet yaka ve uzun kollu tasar\u0131m\u0131yla dikkat \u00e7ekiyor. Rahat kal\u0131b\u0131 sayesinde her ya\u015ftan \u00e7ocu\u011fun rahatl\u0131kla giyebilece\u011fi model, yumu\u015fak dokusuyla g\u00fcn boyu konfor sa\u011fl\u0131yor. K\u0131yafetinize \u015f\u0131k ve modern bir hava katacak kalp detay\u0131 da g\u00f6z dolduruyor. G\u00fcnl\u00fck kullan\u0131m i\u00e7in m\u00fckemmel bir par\u00e7a olan sweatshirt, enerji dolu tasar\u0131m\u0131yla ideal bir se\u00e7im [&hellip;]<\/p>\n","protected":false},"featured_media":140838,"comment_status":"open","ping_status":"closed","template":"","meta":[],"product_brand":[],"product_cat":[8715,8694,8724],"product_tag":[8110,7426],"class_list":{"0":"post-140852","1":"product","2":"type-product","3":"status-publish","4":"has-post-thumbnail","6":"product_cat-kiz-cocuklari-2-14-yas","7":"product_cat-cocuklar","8":"product_cat-tisortler-bluzlar","9":"product_tag-bisiklet-yaka-2","10":"product_tag-gunluk-giyim-3","11":"pa_brand-koton","12":"pa_color-bej","13":"pa_size-11-12-yas-2","14":"pa_size-13-14-yas-2","15":"pa_size-5-6-yas-2","16":"pa_size-6-7-yas-2","17":"pa_size-7-8-yas-2","18":"pa_size-9-10-yas-2","20":"first","21":"instock","22":"sale","23":"shipping-taxable","24":"purchasable","25":"product-type-variable"},"_links":{"self":[{"href":"https:\/\/mod.wisdar.net\/tr\/wp-json\/wp\/v2\/product\/140852","targetHints":{"allow":["GET"]}}],"collection":[{"href":"https:\/\/mod.wisdar.net\/tr\/wp-json\/wp\/v2\/product"}],"about":[{"href":"https:\/\/mod.wisdar.net\/tr\/wp-json\/wp\/v2\/types\/product"}],"replies":[{"embeddable":true,"href":"https:\/\/mod.wisdar.net\/tr\/wp-json\/wp\/v2\/comments?post=140852"}],"wp:featuredmedia":[{"embeddable":true,"href":"https:\/\/mod.wisdar.net\/tr\/wp-json\/wp\/v2\/media\/140838"}],"wp:attachment":[{"href":"https:\/\/mod.wisdar.net\/tr\/wp-json\/wp\/v2\/media?parent=140852"}],"wp:term":[{"taxonomy":"product_brand","embeddable":true,"href":"https:\/\/mod.wisdar.net\/tr\/wp-json\/wp\/v2\/product_brand?post=140852"},{"taxonomy":"product_cat","embeddable":true,"href":"https:\/\/mod.wisdar.net\/tr\/wp-json\/wp\/v2\/product_cat?post=140852"},{"taxonomy":"product_tag","embeddable":true,"href":"https:\/\/mod.wisdar.net\/tr\/wp-json\/wp\/v2\/product_tag?post=140852"}],"curies":[{"name":"wp","href":"https:\/\/api.w.org\/{rel}","templated":true}]}}