{"id":140899,"date":"2026-02-20T15:38:36","date_gmt":"2026-02-20T15:38:36","guid":{"rendered":"https:\/\/modesthanim.com\/product\/kiz-cocuk-kaskorse-viskon-karisimli-beli-lastikli-fiyonk-baskili-genis-paca-pantolon\/"},"modified":"2026-03-03T08:03:15","modified_gmt":"2026-03-03T08:03:15","slug":"kiz-cocuk-kaskorse-viskon-karisimli-beli-lastikli-fiyonk-baskili-genis-paca-pantolon","status":"publish","type":"product","link":"https:\/\/mod.wisdar.net\/tr\/urun\/kiz-cocuk-kaskorse-viskon-karisimli-beli-lastikli-fiyonk-baskili-genis-paca-pantolon\/","title":{"rendered":"K\u0131z \u00c7ocuk Ka\u015fkorse Viskon Kar\u0131\u015f\u0131ml\u0131 Beli Lastikli Fiyonk Bask\u0131l\u0131 Geni\u015f Pa\u00e7a Pantolon"},"content":{"rendered":"<p>Bask\u0131l\u0131 geni\u015f pa\u00e7a pantolon, yumu\u015fak ka\u015fkorse kuma\u015f\u0131yla konforlu bir giyim deneyimi sunuyor. Sevimli bask\u0131lar\u0131 ve kaliteli yap\u0131s\u0131 sayesinde miniklerin favorisi olacak. Esnek bel tasar\u0131m\u0131, g\u00fcnl\u00fck aktivitelerde rahatl\u0131k sa\u011fl\u0131yor. Hem e\u011flenceli hem de rahat bir stil arayanlar i\u00e7in ideal bir se\u00e7im.<\/p>\n<p>\u00dcr\u00fcn \u00d6zellikleri<br \/>\nKuma\u015f: %30 Viskoz, %3 Elastan, %67 Polyester<br \/>\nBel Tipi: Normal Bel<br \/>\nFit Tipi: Regular<br \/>\nSiluet: Geni\u015f Pa\u00e7a<br \/>\nDetay: Bask\u0131l\u0131<br \/>\nKullan\u0131m Alan\u0131: G\u00fcnl\u00fck Giyim<\/p>\n<p>Koton k\u0131z \u00e7ocuk pantolonlar\u0131, enerjik tasar\u0131mlar\u0131yla gard\u0131roplara renk kat\u0131yor. Sevimli ve rahat Koton \u00e7ocuk pantolon modelleri ile miniklerin tarz\u0131n\u0131 tamamlay\u0131n!<\/p>\n<p>\u2014 Technical Details \u2014<br \/>\nSil\u00fcet: Wide Leg<br \/>\nBel Y\u00fcksekli\u011fi: Standart Bel<br \/>\n\u00dcr\u00fcn Tipi \/ Stil: Wide Leg<br \/>\n\u00dcr\u00fcn\u00fcn Alt Markas\u0131: Kidswear<br \/>\nSat\u0131c\u0131\/\u0130malat\u00e7\u0131\/\u0130thalat\u00e7\u0131 \u0130smi: Koton Ma\u011fazac\u0131l\u0131k Tekstil Sanayi ve Ticaret A.\u015e.<br \/>\nPosta Adresi: Ayaza\u011fa Mah. Maslak Ayaza\u011fa Cad. No:3 \u0130\u00e7 Kap\u0131 No:5 Sar\u0131yer\/\u0130stanbul<br \/>\nE-Posta Adresi: mim@koton.com<\/p>\n","protected":false},"excerpt":{"rendered":"<p>Bask\u0131l\u0131 geni\u015f pa\u00e7a pantolon, yumu\u015fak ka\u015fkorse kuma\u015f\u0131yla konforlu bir giyim deneyimi sunuyor. Sevimli bask\u0131lar\u0131 ve kaliteli yap\u0131s\u0131 sayesinde miniklerin favorisi olacak. Esnek bel tasar\u0131m\u0131, g\u00fcnl\u00fck aktivitelerde rahatl\u0131k sa\u011fl\u0131yor. Hem e\u011flenceli hem de rahat bir stil arayanlar i\u00e7in ideal bir se\u00e7im. \u00dcr\u00fcn \u00d6zellikleri Kuma\u015f: %30 Viskoz, %3 Elastan, %67 Polyester Bel Tipi: Normal Bel Fit Tipi: [&hellip;]<\/p>\n","protected":false},"featured_media":140896,"comment_status":"open","ping_status":"closed","template":"","meta":[],"product_brand":[],"product_cat":[8715,8694,8730],"product_tag":[8022,6761,7354,7444,6765,6751],"class_list":{"0":"post-140899","1":"product","2":"type-product","3":"status-publish","4":"has-post-thumbnail","6":"product_cat-kiz-cocuklari-2-14-yas","7":"product_cat-cocuklar","8":"product_cat-pijama","9":"product_tag-baskili-2","10":"product_tag-bol-paca","11":"product_tag-gunluk-giyim-2","12":"product_tag-jarse","13":"product_tag-lastikli-bel","14":"product_tag-rahat","15":"pa_brand-koton","16":"pa_color-ekru-desenli","17":"pa_size-11-12-yas-2","18":"pa_size-13-14-yas-2","19":"pa_size-5-6-yas-2","20":"pa_size-6-7-yas-2","21":"pa_size-7-8-yas-2","22":"pa_size-9-10-yas-2","24":"first","25":"instock","26":"sale","27":"shipping-taxable","28":"purchasable","29":"product-type-variable"},"_links":{"self":[{"href":"https:\/\/mod.wisdar.net\/tr\/wp-json\/wp\/v2\/product\/140899","targetHints":{"allow":["GET"]}}],"collection":[{"href":"https:\/\/mod.wisdar.net\/tr\/wp-json\/wp\/v2\/product"}],"about":[{"href":"https:\/\/mod.wisdar.net\/tr\/wp-json\/wp\/v2\/types\/product"}],"replies":[{"embeddable":true,"href":"https:\/\/mod.wisdar.net\/tr\/wp-json\/wp\/v2\/comments?post=140899"}],"wp:featuredmedia":[{"embeddable":true,"href":"https:\/\/mod.wisdar.net\/tr\/wp-json\/wp\/v2\/media\/140896"}],"wp:attachment":[{"href":"https:\/\/mod.wisdar.net\/tr\/wp-json\/wp\/v2\/media?parent=140899"}],"wp:term":[{"taxonomy":"product_brand","embeddable":true,"href":"https:\/\/mod.wisdar.net\/tr\/wp-json\/wp\/v2\/product_brand?post=140899"},{"taxonomy":"product_cat","embeddable":true,"href":"https:\/\/mod.wisdar.net\/tr\/wp-json\/wp\/v2\/product_cat?post=140899"},{"taxonomy":"product_tag","embeddable":true,"href":"https:\/\/mod.wisdar.net\/tr\/wp-json\/wp\/v2\/product_tag?post=140899"}],"curies":[{"name":"wp","href":"https:\/\/api.w.org\/{rel}","templated":true}]}}