{"id":14094,"date":"2025-11-07T20:16:06","date_gmt":"2025-11-01T21:56:50","guid":{"rendered":"https:\/\/modesthanim.com\/product\/islemeli-omuz-tunik-siyah\/"},"modified":"2026-04-03T17:05:45","modified_gmt":"2026-04-03T17:05:45","slug":"islemeli-omuz-tunik-siyah","status":"publish","type":"product","link":"https:\/\/mod.wisdar.net\/tr\/urun\/islemeli-omuz-tunik-siyah\/","title":{"rendered":"\u0130\u015flemeli Omuz Tunik \u2013 Siyah"},"content":{"rendered":"<p>Ak\u0131c\u0131 kuma\u015f\u0131 ve rahat kesimi sayesinde t\u00fcm g\u00fcn konfor sunarken, i\u015flemeli omuz yap\u0131s\u0131yla tarz\u0131n\u0131za sofistike bir hava kat\u0131yor.<\/p>\n<p>Kuma\u015f \u0130\u00e7eri\u011fi: %95 Viskoz, %5 Elastan<\/p>\n<p>Desen: D\u00fcz<\/p>\n<p>Yaka Tipi: Bisiklet Yaka<\/p>\n<p>Kol Tipi: Uzun Kollu<\/p>\n<p>Cep: Cepsiz<\/p>\n<p>Astar: Astars\u0131z<\/p>\n<p>\u00dcr\u00fcn Boyutu:<\/p>\n<p>Kal\u0131p T\u00fcr\u00fc: Normal Kal\u0131p<\/p>\n<p>Modelin Giydi\u011fi Beden: 38<\/p>\n<p>Model \u00d6l\u00e7\u00fcleri: Boy: 175 cm G\u00f6\u011f\u00fcs: 80 cm Bel: 62 cm Kal\u00e7a: 90 cm<\/p>\n<p>\u2014 Teknik Detaylar \u2014<br \/>\nDesen: D\u00fcz<br \/>\nYaka Tipi: Bisiklet Yaka<br \/>\nKol Tipi: Uzun Kollu<br \/>\nCep: Cepsiz<br \/>\nAstar: Astars\u0131z<br \/>\nKal\u0131p T\u00fcr\u00fc: Normal Kal\u0131p<br \/>\nModelin Giydi\u011fi Beden: 38<br \/>\nModel \u00d6l\u00e7\u00fcleri: Boy: 175 cm, G\u00f6\u011f\u00fcs: 80 cm, Bel: 62 cm, Kal\u00e7a: 90 cm<\/p>\n","protected":false},"excerpt":{"rendered":"<p>Ak\u0131c\u0131 kuma\u015f\u0131 ve rahat kesimi sayesinde t\u00fcm g\u00fcn konfor sunarken, i\u015flemeli omuz yap\u0131s\u0131yla tarz\u0131n\u0131za sofistike bir hava kat\u0131yor. Kuma\u015f \u0130\u00e7eri\u011fi: %95 Viskoz, %5 Elastan Desen: D\u00fcz Yaka Tipi: Bisiklet Yaka Kol Tipi: Uzun Kollu Cep: Cepsiz Astar: Astars\u0131z \u00dcr\u00fcn Boyutu: Kal\u0131p T\u00fcr\u00fc: Normal Kal\u0131p Modelin Giydi\u011fi Beden: 38 Model \u00d6l\u00e7\u00fcleri: Boy: 175 cm G\u00f6\u011f\u00fcs: 80 [&hellip;]<\/p>\n","protected":false},"featured_media":14054,"comment_status":"open","ping_status":"closed","template":"","meta":[],"product_brand":[],"product_cat":[1909],"product_tag":[],"class_list":{"0":"post-14094","1":"product","2":"type-product","3":"status-publish","4":"has-post-thumbnail","6":"product_cat-bluzlar-ve-gomlekler","7":"pa_brand-tugba","8":"pa_color-siyah","9":"pa_size-4706","10":"pa_size-4711","11":"pa_size-4713","12":"pa_size-4751","14":"first","15":"instock","16":"sale","17":"shipping-taxable","18":"purchasable","19":"product-type-variable"},"_links":{"self":[{"href":"https:\/\/mod.wisdar.net\/tr\/wp-json\/wp\/v2\/product\/14094","targetHints":{"allow":["GET"]}}],"collection":[{"href":"https:\/\/mod.wisdar.net\/tr\/wp-json\/wp\/v2\/product"}],"about":[{"href":"https:\/\/mod.wisdar.net\/tr\/wp-json\/wp\/v2\/types\/product"}],"replies":[{"embeddable":true,"href":"https:\/\/mod.wisdar.net\/tr\/wp-json\/wp\/v2\/comments?post=14094"}],"wp:featuredmedia":[{"embeddable":true,"href":"https:\/\/mod.wisdar.net\/tr\/wp-json\/wp\/v2\/media\/14054"}],"wp:attachment":[{"href":"https:\/\/mod.wisdar.net\/tr\/wp-json\/wp\/v2\/media?parent=14094"}],"wp:term":[{"taxonomy":"product_brand","embeddable":true,"href":"https:\/\/mod.wisdar.net\/tr\/wp-json\/wp\/v2\/product_brand?post=14094"},{"taxonomy":"product_cat","embeddable":true,"href":"https:\/\/mod.wisdar.net\/tr\/wp-json\/wp\/v2\/product_cat?post=14094"},{"taxonomy":"product_tag","embeddable":true,"href":"https:\/\/mod.wisdar.net\/tr\/wp-json\/wp\/v2\/product_tag?post=14094"}],"curies":[{"name":"wp","href":"https:\/\/api.w.org\/{rel}","templated":true}]}}