{"id":140948,"date":"2026-02-20T15:40:11","date_gmt":"2026-02-20T15:40:11","guid":{"rendered":"https:\/\/modesthanim.com\/product\/kiz-cocuk-viskon-karisimli-beli-lastikli-ispanyol-paca-pantolon\/"},"modified":"2026-04-13T08:30:58","modified_gmt":"2026-04-13T08:30:58","slug":"kiz-cocuk-viskon-karisimli-beli-lastikli-ispanyol-paca-pantolon","status":"publish","type":"product","link":"https:\/\/mod.wisdar.net\/tr\/urun\/kiz-cocuk-viskon-karisimli-beli-lastikli-ispanyol-paca-pantolon\/","title":{"rendered":"K\u0131z \u00c7ocuk Viskon Kar\u0131\u015f\u0131ml\u0131 Beli Lastikli \u0130spanyol Pa\u00e7a Pantolon"},"content":{"rendered":"<p>Viskon kar\u0131\u015f\u0131ml\u0131 pantolon, yumu\u015fak dokusuyla g\u00fcn boyu konfor sunuyor. \u0130spanyol pa\u00e7a kesimi ile modern bir g\u00f6r\u00fcn\u00fcm sunan denim pantolon, \u00e7ocuklar\u0131n enerjik tarz\u0131na hitap ediyor. \u0130spanyol pa\u00e7a denim pantolon, hem g\u00fcnl\u00fck giyim hem de \u00f6zel anlar i\u00e7in ideal bir se\u00e7im olarak \u00f6ne \u00e7\u0131k\u0131yor.<\/p>\n<p>\u00dcr\u00fcn \u00d6zellikleri<br \/>\nStil: \u0130spanyol Pa\u00e7a<br \/>\nFit: Slim Fit<br \/>\nKullan\u0131m Alan\u0131: G\u00fcnl\u00fck Giyim, \u00d6zel G\u00fcnler<\/p>\n<p>Kapan\u0131\u015f<br \/>\nKoton k\u0131z \u00e7ocuk giyim koleksiyonu, c\u0131v\u0131l c\u0131v\u0131l tasar\u0131mlar\u0131yla miniklerin kalbini \u00e7al\u0131yor! Renkli ve e\u011flenceli tasar\u0131mlarla dolu Koton k\u0131z \u00e7ocuk koleksiyonunu ke\u015ffedin!<\/p>\n","protected":false},"excerpt":{"rendered":"<p>Viskon kar\u0131\u015f\u0131ml\u0131 pantolon, yumu\u015fak dokusuyla g\u00fcn boyu konfor sunuyor. \u0130spanyol pa\u00e7a kesimi ile modern bir g\u00f6r\u00fcn\u00fcm sunan denim pantolon, \u00e7ocuklar\u0131n enerjik tarz\u0131na hitap ediyor. \u0130spanyol pa\u00e7a denim pantolon, hem g\u00fcnl\u00fck giyim hem de \u00f6zel anlar i\u00e7in ideal bir se\u00e7im olarak \u00f6ne \u00e7\u0131k\u0131yor. \u00dcr\u00fcn \u00d6zellikleri Stil: \u0130spanyol Pa\u00e7a Fit: Slim Fit Kullan\u0131m Alan\u0131: G\u00fcnl\u00fck Giyim, \u00d6zel [&hellip;]<\/p>\n","protected":false},"featured_media":140940,"comment_status":"open","ping_status":"closed","template":"","meta":[],"product_brand":[],"product_cat":[8715,8694,8727],"product_tag":[7426,7467,6765,6772,7310],"class_list":{"0":"post-140948","1":"product","2":"type-product","3":"status-publish","4":"has-post-thumbnail","6":"product_cat-kiz-cocuklari-2-14-yas","7":"product_cat-cocuklar","8":"product_cat-pantolon","9":"product_tag-gunluk-giyim-3","10":"product_tag-ispanyol-paca","11":"product_tag-lastikli-bel","12":"product_tag-ozel-gun","13":"product_tag-slim-fit","14":"pa_brand-koton","15":"pa_color-siyah","16":"pa_size-11-12-yas-2","17":"pa_size-13-14-yas-2","18":"pa_size-5-6-yas-2","19":"pa_size-6-7-yas-2","20":"pa_size-7-8-yas-2","21":"pa_size-9-10-yas-2","23":"first","24":"instock","25":"sale","26":"shipping-taxable","27":"purchasable","28":"product-type-variable"},"_links":{"self":[{"href":"https:\/\/mod.wisdar.net\/tr\/wp-json\/wp\/v2\/product\/140948","targetHints":{"allow":["GET"]}}],"collection":[{"href":"https:\/\/mod.wisdar.net\/tr\/wp-json\/wp\/v2\/product"}],"about":[{"href":"https:\/\/mod.wisdar.net\/tr\/wp-json\/wp\/v2\/types\/product"}],"replies":[{"embeddable":true,"href":"https:\/\/mod.wisdar.net\/tr\/wp-json\/wp\/v2\/comments?post=140948"}],"wp:featuredmedia":[{"embeddable":true,"href":"https:\/\/mod.wisdar.net\/tr\/wp-json\/wp\/v2\/media\/140940"}],"wp:attachment":[{"href":"https:\/\/mod.wisdar.net\/tr\/wp-json\/wp\/v2\/media?parent=140948"}],"wp:term":[{"taxonomy":"product_brand","embeddable":true,"href":"https:\/\/mod.wisdar.net\/tr\/wp-json\/wp\/v2\/product_brand?post=140948"},{"taxonomy":"product_cat","embeddable":true,"href":"https:\/\/mod.wisdar.net\/tr\/wp-json\/wp\/v2\/product_cat?post=140948"},{"taxonomy":"product_tag","embeddable":true,"href":"https:\/\/mod.wisdar.net\/tr\/wp-json\/wp\/v2\/product_tag?post=140948"}],"curies":[{"name":"wp","href":"https:\/\/api.w.org\/{rel}","templated":true}]}}