{"id":140971,"date":"2026-02-20T15:40:43","date_gmt":"2026-02-20T15:40:43","guid":{"rendered":"https:\/\/modesthanim.com\/product\/doku-beli-lastikli-tuvit-sort-etek\/"},"modified":"2026-03-15T22:10:10","modified_gmt":"2026-03-15T22:10:10","slug":"doku-beli-lastikli-tuvit-sort-etek","status":"publish","type":"product","link":"https:\/\/mod.wisdar.net\/tr\/urun\/doku-beli-lastikli-tuvit-sort-etek\/","title":{"rendered":"Doku Beli Lastikli T\u00fcvit \u015eort Etek"},"content":{"rendered":"<p>T\u00fcvit \u015fort etek, dokulu tasar\u0131m\u0131yla zarif ve dikkat \u00e7ekici bir alternatif sunuyor. Esnek beli sayesinde g\u00fcnl\u00fck kullan\u0131mda rahatl\u0131k sa\u011fl\u0131yor. Yumu\u015fak kuma\u015f\u0131 ve rahat kesimi sayesinde k\u0131z \u00e7ocuklar\u0131n\u0131n favorisi olmaya aday! \u00dcr\u00fcn \u00d6zellikleri Bel Tipi: Normal Bel Kullan\u0131m Alan\u0131: G\u00fcnl\u00fck Giyim Kapan\u0131\u015f Koton k\u0131z \u00e7ocuk giyim koleksiyonu, renkli ve e\u011flenceli tasar\u0131mlar\u0131yla miniklerin gard\u0131robunu canland\u0131r\u0131yor! Koton&#8217;un \u015f\u0131k ve rahat tasar\u0131mlar\u0131 miniklerin d\u00fcnyas\u0131n\u0131 renklendiriyor!<\/p>\n","protected":false},"excerpt":{"rendered":"<p>T\u00fcvit \u015fort etek, dokulu tasar\u0131m\u0131yla zarif ve dikkat \u00e7ekici bir alternatif sunuyor. Esnek beli sayesinde g\u00fcnl\u00fck kullan\u0131mda rahatl\u0131k sa\u011fl\u0131yor. Yumu\u015fak kuma\u015f\u0131 ve rahat kesimi sayesinde k\u0131z \u00e7ocuklar\u0131n\u0131n favorisi olmaya aday! \u00dcr\u00fcn \u00d6zellikleri Bel Tipi: Normal Bel Kullan\u0131m Alan\u0131: G\u00fcnl\u00fck Giyim Kapan\u0131\u015f Koton k\u0131z \u00e7ocuk giyim koleksiyonu, renkli ve e\u011flenceli tasar\u0131mlar\u0131yla miniklerin gard\u0131robunu canland\u0131r\u0131yor! Koton&#8217;un \u015f\u0131k [&hellip;]<\/p>\n","protected":false},"featured_media":140961,"comment_status":"open","ping_status":"closed","template":"","meta":[],"product_brand":[],"product_cat":[8718,8721,8715,8694],"product_tag":[],"class_list":{"0":"post-140971","1":"product","2":"type-product","3":"status-publish","4":"has-post-thumbnail","6":"product_cat-elbiseler-etekler","7":"product_cat-kiz-cocuk-takimlari","8":"product_cat-kiz-cocuklari-2-14-yas","9":"product_cat-cocuklar","10":"pa_brand-koton","11":"pa_color-kirmizi-desenli","12":"pa_size-11-12-yas-2","13":"pa_size-13-14-yas-2","14":"pa_size-5-6-yas-2","15":"pa_size-6-7-yas-2","16":"pa_size-7-8-yas-2","17":"pa_size-9-10-yas-2","19":"first","20":"outofstock","21":"shipping-taxable","22":"product-type-variable"},"_links":{"self":[{"href":"https:\/\/mod.wisdar.net\/tr\/wp-json\/wp\/v2\/product\/140971","targetHints":{"allow":["GET"]}}],"collection":[{"href":"https:\/\/mod.wisdar.net\/tr\/wp-json\/wp\/v2\/product"}],"about":[{"href":"https:\/\/mod.wisdar.net\/tr\/wp-json\/wp\/v2\/types\/product"}],"replies":[{"embeddable":true,"href":"https:\/\/mod.wisdar.net\/tr\/wp-json\/wp\/v2\/comments?post=140971"}],"wp:featuredmedia":[{"embeddable":true,"href":"https:\/\/mod.wisdar.net\/tr\/wp-json\/wp\/v2\/media\/140961"}],"wp:attachment":[{"href":"https:\/\/mod.wisdar.net\/tr\/wp-json\/wp\/v2\/media?parent=140971"}],"wp:term":[{"taxonomy":"product_brand","embeddable":true,"href":"https:\/\/mod.wisdar.net\/tr\/wp-json\/wp\/v2\/product_brand?post=140971"},{"taxonomy":"product_cat","embeddable":true,"href":"https:\/\/mod.wisdar.net\/tr\/wp-json\/wp\/v2\/product_cat?post=140971"},{"taxonomy":"product_tag","embeddable":true,"href":"https:\/\/mod.wisdar.net\/tr\/wp-json\/wp\/v2\/product_tag?post=140971"}],"curies":[{"name":"wp","href":"https:\/\/api.w.org\/{rel}","templated":true}]}}