{"id":141010,"date":"2026-02-20T15:42:00","date_gmt":"2026-02-20T15:42:00","guid":{"rendered":"https:\/\/modesthanim.com\/product\/kiz-cocuk-ekose-desenli-kemer-detayli-pileli-sort-etek\/"},"modified":"2026-04-11T06:27:06","modified_gmt":"2026-04-11T06:27:06","slug":"kiz-cocuk-ekose-desenli-kemer-detayli-pileli-sort-etek","status":"publish","type":"product","link":"https:\/\/mod.wisdar.net\/tr\/urun\/kiz-cocuk-ekose-desenli-kemer-detayli-pileli-sort-etek\/","title":{"rendered":"K\u0131z \u00c7ocuk Ekose Desenli Kemer Detayl\u0131 Pileli \u015eort Etek"},"content":{"rendered":"<p>Ekose desenli \u015fort etek, kemer detayl\u0131 tasar\u0131m\u0131 ve normal bel yap\u0131s\u0131yla dikkat \u00e7ekiyor. \u00c7ocuklar\u0131n her hareketinde rahatl\u0131k sa\u011flayan \u015fort etek yaz aylar\u0131nda konfor ve \u015f\u0131kl\u0131\u011f\u0131 bir arada sunuyor. Yumu\u015fak dokusuyla g\u00fcnl\u00fck aktivitelerde \u00f6zg\u00fcrce hareket etmeye imkan tan\u0131yor. Viskon kar\u0131\u015f\u0131ml\u0131 kuma\u015f\u0131 sayesinde yumu\u015fak bir yap\u0131 sunarak konforu art\u0131r\u0131yor.<\/p>\n<p>\u00dcr\u00fcn \u00d6zellikleri<\/p>\n<p>Bel Tipi: Normal Bel<br \/>\nDetay: Kemerli<br \/>\nKullan\u0131m Alan\u0131: G\u00fcnl\u00fck Giyim<\/p>\n<p>Koton k\u0131z \u00e7ocuk giyim koleksiyonu, c\u0131v\u0131l c\u0131v\u0131l tasar\u0131mlar\u0131yla miniklerin kalbini \u00e7al\u0131yor! \u00c7ocu\u011funuzun enerjisine ayak uyduran rahat ve sevimli tasar\u0131mlar i\u00e7in Koton Kids koleksiyonunu ke\u015ffedin!<\/p>\n","protected":false},"excerpt":{"rendered":"<p>Ekose desenli \u015fort etek, kemer detayl\u0131 tasar\u0131m\u0131 ve normal bel yap\u0131s\u0131yla dikkat \u00e7ekiyor. \u00c7ocuklar\u0131n her hareketinde rahatl\u0131k sa\u011flayan \u015fort etek yaz aylar\u0131nda konfor ve \u015f\u0131kl\u0131\u011f\u0131 bir arada sunuyor. Yumu\u015fak dokusuyla g\u00fcnl\u00fck aktivitelerde \u00f6zg\u00fcrce hareket etmeye imkan tan\u0131yor. Viskon kar\u0131\u015f\u0131ml\u0131 kuma\u015f\u0131 sayesinde yumu\u015fak bir yap\u0131 sunarak konforu art\u0131r\u0131yor. \u00dcr\u00fcn \u00d6zellikleri Bel Tipi: Normal Bel Detay: Kemerli [&hellip;]<\/p>\n","protected":false},"featured_media":141004,"comment_status":"open","ping_status":"closed","template":"","meta":[],"product_brand":[],"product_cat":[8718,8715,8694,8727],"product_tag":[6910,7426],"class_list":{"0":"post-141010","1":"product","2":"type-product","3":"status-publish","4":"has-post-thumbnail","6":"product_cat-elbiseler-etekler","7":"product_cat-kiz-cocuklari-2-14-yas","8":"product_cat-cocuklar","9":"product_cat-pantolon","10":"product_tag-ekose-desen-2","11":"product_tag-gunluk-giyim-3","12":"pa_brand-koton","13":"pa_color-gri-ekose","14":"pa_size-11-12-yas-2","15":"pa_size-13-14-yas-2","16":"pa_size-5-6-yas-2","17":"pa_size-6-7-yas-2","18":"pa_size-7-8-yas-2","19":"pa_size-9-10-yas-2","21":"first","22":"instock","23":"sale","24":"shipping-taxable","25":"purchasable","26":"product-type-variable"},"_links":{"self":[{"href":"https:\/\/mod.wisdar.net\/tr\/wp-json\/wp\/v2\/product\/141010","targetHints":{"allow":["GET"]}}],"collection":[{"href":"https:\/\/mod.wisdar.net\/tr\/wp-json\/wp\/v2\/product"}],"about":[{"href":"https:\/\/mod.wisdar.net\/tr\/wp-json\/wp\/v2\/types\/product"}],"replies":[{"embeddable":true,"href":"https:\/\/mod.wisdar.net\/tr\/wp-json\/wp\/v2\/comments?post=141010"}],"wp:featuredmedia":[{"embeddable":true,"href":"https:\/\/mod.wisdar.net\/tr\/wp-json\/wp\/v2\/media\/141004"}],"wp:attachment":[{"href":"https:\/\/mod.wisdar.net\/tr\/wp-json\/wp\/v2\/media?parent=141010"}],"wp:term":[{"taxonomy":"product_brand","embeddable":true,"href":"https:\/\/mod.wisdar.net\/tr\/wp-json\/wp\/v2\/product_brand?post=141010"},{"taxonomy":"product_cat","embeddable":true,"href":"https:\/\/mod.wisdar.net\/tr\/wp-json\/wp\/v2\/product_cat?post=141010"},{"taxonomy":"product_tag","embeddable":true,"href":"https:\/\/mod.wisdar.net\/tr\/wp-json\/wp\/v2\/product_tag?post=141010"}],"curies":[{"name":"wp","href":"https:\/\/api.w.org\/{rel}","templated":true}]}}