{"id":141049,"date":"2026-02-20T15:43:01","date_gmt":"2026-02-20T15:43:01","guid":{"rendered":"https:\/\/modesthanim.com\/product\/kiz-cocuk-beli-lastikli-basic-3lu-tayt-seti\/"},"modified":"2026-03-19T02:31:44","modified_gmt":"2026-03-19T02:31:44","slug":"kiz-cocuk-beli-lastikli-basic-3lu-tayt-seti","status":"publish","type":"product","link":"https:\/\/mod.wisdar.net\/tr\/urun\/kiz-cocuk-beli-lastikli-basic-3lu-tayt-seti\/","title":{"rendered":"K\u0131z \u00c7ocuk Beli lastikli Basic 3&#8217;l\u00fc Tayt Seti"},"content":{"rendered":"<p>Tayt seti, 3&#8217;l\u00fc tasar\u0131m\u0131yla minikler i\u00e7in pratik se\u00e7enekler sunuyor. Normal bel tasar\u0131m\u0131 ve rahat kal\u0131b\u0131 ile hareket \u00f6zg\u00fcrl\u00fc\u011f\u00fc sa\u011fl\u0131yor. Esnek ve likral\u0131 yap\u0131s\u0131 ile g\u00fcn boyu rahatl\u0131k sunan tayt seti, \u00e7ocuklar\u0131n favorisi olmaya aday! Sade tasar\u0131mlar\u0131 sayesinde di\u011fer par\u00e7alarla kolayca uyum sa\u011fl\u0131yor.<\/p>\n<p>\u00dcr\u00fcn \u00d6zellikleri<\/p>\n<p>Bel Tipi: Normal Bel<br \/>\nKullan\u0131m Alan\u0131: G\u00fcnl\u00fck Giyim, Spor Giyim<\/p>\n<p>Koton k\u0131z \u00e7ocuk tayt modelleri, g\u00fcn boyu konfor ve hareket \u00f6zg\u00fcrl\u00fc\u011f\u00fc sunuyor! \u015eimdi Koton Kids koleksiyonunu ke\u015ffedin!<\/p>\n<p>\u00c7oklu paketlerimizde, \u00fcr\u00fcnlerin kuma\u015f bilgileri farkl\u0131l\u0131k g\u00f6sterebilir.<\/p>\n<p>\u2014 Technical Details \u2014<br \/>\nBel Tipi: Normal Bel<br \/>\nKullan\u0131m Alan\u0131: G\u00fcnl\u00fck Giyim, Spor Giyim<br \/>\n\u00dcr\u00fcn \u00d6l\u00e7\u00fc Tablosu (cm): {&#8216;4\/5 Ya\u015f&#8217;: {&#8216;Bel&#8217;: 24, &#8216;Basen&#8217;: 28, &#8216;\u00d6n A\u011f&#8217;: 18, &#8216;Arka A\u011f&#8217;: 23.5}, &#8216;5\/6 Ya\u015f&#8217;: {&#8216;Bel&#8217;: 25, &#8216;Basen&#8217;: 29, &#8216;\u00d6n A\u011f&#8217;: 18.5, &#8216;Arka A\u011f&#8217;: 24}, &#8216;6\/7 Ya\u015f&#8217;: {&#8216;Bel&#8217;: 26, &#8216;Basen&#8217;: 30, &#8216;\u00d6n A\u011f&#8217;: 19, &#8216;Arka A\u011f&#8217;: 24.5}, &#8216;7\/8 Ya\u015f&#8217;: {&#8216;Bel&#8217;: 27, &#8216;Basen&#8217;: 32, &#8216;\u00d6n A\u011f&#8217;: 20, &#8216;Arka A\u011f&#8217;: 25.5}, &#8216;9\/10 Ya\u015f&#8217;: {&#8216;Bel&#8217;: 28, &#8216;Basen&#8217;: 34, &#8216;\u00d6n A\u011f&#8217;: 21, &#8216;Arka A\u011f&#8217;: 26.5}, &#8217;11\/12 Ya\u015f&#8217;: {&#8216;Bel&#8217;: 29, &#8216;Basen&#8217;: 36, &#8216;\u00d6n A\u011f&#8217;: 22, &#8216;Arka A\u011f&#8217;: 27.5}}<\/p>\n","protected":false},"excerpt":{"rendered":"<p>Tayt seti, 3&#8217;l\u00fc tasar\u0131m\u0131yla minikler i\u00e7in pratik se\u00e7enekler sunuyor. Normal bel tasar\u0131m\u0131 ve rahat kal\u0131b\u0131 ile hareket \u00f6zg\u00fcrl\u00fc\u011f\u00fc sa\u011fl\u0131yor. Esnek ve likral\u0131 yap\u0131s\u0131 ile g\u00fcn boyu rahatl\u0131k sunan tayt seti, \u00e7ocuklar\u0131n favorisi olmaya aday! Sade tasar\u0131mlar\u0131 sayesinde di\u011fer par\u00e7alarla kolayca uyum sa\u011fl\u0131yor. \u00dcr\u00fcn \u00d6zellikleri Bel Tipi: Normal Bel Kullan\u0131m Alan\u0131: G\u00fcnl\u00fck Giyim, Spor Giyim Koton [&hellip;]<\/p>\n","protected":false},"featured_media":141043,"comment_status":"open","ping_status":"closed","template":"","meta":[],"product_brand":[],"product_cat":[8715,8694,8727],"product_tag":[7354,6765,6876],"class_list":{"0":"post-141049","1":"product","2":"type-product","3":"status-publish","4":"has-post-thumbnail","6":"product_cat-kiz-cocuklari-2-14-yas","7":"product_cat-cocuklar","8":"product_cat-pantolon","9":"product_tag-gunluk-giyim-2","10":"product_tag-lastikli-bel","11":"product_tag-rahat-kesim","12":"pa_brand-koton","13":"pa_color-siyah","14":"pa_size-11-12-yas-2","15":"pa_size-4-5-yas-2","16":"pa_size-5-6-yas-2","17":"pa_size-6-7-yas-2","18":"pa_size-7-8-yas-2","19":"pa_size-9-10-yas-2","21":"first","22":"instock","23":"sale","24":"shipping-taxable","25":"purchasable","26":"product-type-variable"},"_links":{"self":[{"href":"https:\/\/mod.wisdar.net\/tr\/wp-json\/wp\/v2\/product\/141049","targetHints":{"allow":["GET"]}}],"collection":[{"href":"https:\/\/mod.wisdar.net\/tr\/wp-json\/wp\/v2\/product"}],"about":[{"href":"https:\/\/mod.wisdar.net\/tr\/wp-json\/wp\/v2\/types\/product"}],"replies":[{"embeddable":true,"href":"https:\/\/mod.wisdar.net\/tr\/wp-json\/wp\/v2\/comments?post=141049"}],"wp:featuredmedia":[{"embeddable":true,"href":"https:\/\/mod.wisdar.net\/tr\/wp-json\/wp\/v2\/media\/141043"}],"wp:attachment":[{"href":"https:\/\/mod.wisdar.net\/tr\/wp-json\/wp\/v2\/media?parent=141049"}],"wp:term":[{"taxonomy":"product_brand","embeddable":true,"href":"https:\/\/mod.wisdar.net\/tr\/wp-json\/wp\/v2\/product_brand?post=141049"},{"taxonomy":"product_cat","embeddable":true,"href":"https:\/\/mod.wisdar.net\/tr\/wp-json\/wp\/v2\/product_cat?post=141049"},{"taxonomy":"product_tag","embeddable":true,"href":"https:\/\/mod.wisdar.net\/tr\/wp-json\/wp\/v2\/product_tag?post=141049"}],"curies":[{"name":"wp","href":"https:\/\/api.w.org\/{rel}","templated":true}]}}