{"id":141088,"date":"2026-02-20T15:44:21","date_gmt":"2026-02-20T15:44:21","guid":{"rendered":"https:\/\/modesthanim.com\/product\/kiz-cocuk-uzun-kollu-bisiklet-yaka-desenli-triko-kazak\/"},"modified":"2026-04-13T08:21:03","modified_gmt":"2026-04-13T08:21:03","slug":"kiz-cocuk-uzun-kollu-bisiklet-yaka-desenli-triko-kazak","status":"publish","type":"product","link":"https:\/\/mod.wisdar.net\/tr\/urun\/kiz-cocuk-uzun-kollu-bisiklet-yaka-desenli-triko-kazak\/","title":{"rendered":"K\u0131z \u00c7ocuk Uzun Kollu Bisiklet Yaka Desenli Triko Kazak"},"content":{"rendered":"<p>Desenli triko kazak, \u015firin ve s\u0131cak bir se\u00e7enek sunuyor. Uzun kollu ve bisiklet yaka tasar\u0131m\u0131yla k\u0131\u015f aylar\u0131nda miniklere hem rahatl\u0131k hem de \u015f\u0131kl\u0131k sa\u011fl\u0131yor. Yumu\u015fak dokusu sayesinde g\u00fcn boyu konfor sunarak miniklerin favori par\u00e7alar\u0131 aras\u0131nda yer al\u0131yor.<\/p>\n<p>\u00dcr\u00fcn \u00d6zellikleri<br \/>\nKol Tipi: Uzun Kol<br \/>\nYaka Tipi: Bisiklet Yaka<br \/>\nKullan\u0131m Alan\u0131: G\u00fcnl\u00fck Giyim<\/p>\n<p>Koton k\u0131z \u00e7ocuk giyim koleksiyonu, \u015firin ve konforlu tasar\u0131mlar\u0131yla miniklerin favorisi! Koton&#8217;un renkli ve e\u011flenceli par\u00e7alar\u0131n\u0131 ke\u015ffedin!<\/p>\n<p>\u2014 Technical Details \u2014<br \/>\nKol Tipi: Uzun Kol<br \/>\nYaka Tipi: Bisiklet Yaka<br \/>\nKullan\u0131m Alan\u0131: G\u00fcnl\u00fck Giyim<br \/>\nKol Boyu: Uzun Kol<br \/>\nSil\u00fcet: Boxy<br \/>\n\u00dcr\u00fcn Tipi \/ Stil: Boxy<br \/>\n\u00dcr\u00fcn\u00fcn Alt Markas\u0131: Kidswear<\/p>\n","protected":false},"excerpt":{"rendered":"<p>Desenli triko kazak, \u015firin ve s\u0131cak bir se\u00e7enek sunuyor. Uzun kollu ve bisiklet yaka tasar\u0131m\u0131yla k\u0131\u015f aylar\u0131nda miniklere hem rahatl\u0131k hem de \u015f\u0131kl\u0131k sa\u011fl\u0131yor. Yumu\u015fak dokusu sayesinde g\u00fcn boyu konfor sunarak miniklerin favori par\u00e7alar\u0131 aras\u0131nda yer al\u0131yor. \u00dcr\u00fcn \u00d6zellikleri Kol Tipi: Uzun Kol Yaka Tipi: Bisiklet Yaka Kullan\u0131m Alan\u0131: G\u00fcnl\u00fck Giyim Koton k\u0131z \u00e7ocuk giyim [&hellip;]<\/p>\n","protected":false},"featured_media":141085,"comment_status":"open","ping_status":"closed","template":"","meta":[],"product_brand":[],"product_cat":[8721,8715,8694,8724],"product_tag":[8117,7426,7758,6768],"class_list":{"0":"post-141088","1":"product","2":"type-product","3":"status-publish","4":"has-post-thumbnail","6":"product_cat-kiz-cocuk-takimlari","7":"product_cat-kiz-cocuklari-2-14-yas","8":"product_cat-cocuklar","9":"product_cat-tisortler-bluzlar","10":"product_tag-bogazli-2","11":"product_tag-gunluk-giyim-3","12":"product_tag-kis-giyim","13":"product_tag-uzun-kol","14":"pa_brand-koton","15":"pa_color-bej-desenli","16":"pa_size-11-12-yas-2","17":"pa_size-13-14-yas-2","18":"pa_size-5-6-yas-2","19":"pa_size-6-7-yas-2","20":"pa_size-7-8-yas-2","21":"pa_size-9-10-yas-2","23":"first","24":"instock","25":"sale","26":"shipping-taxable","27":"purchasable","28":"product-type-variable"},"_links":{"self":[{"href":"https:\/\/mod.wisdar.net\/tr\/wp-json\/wp\/v2\/product\/141088","targetHints":{"allow":["GET"]}}],"collection":[{"href":"https:\/\/mod.wisdar.net\/tr\/wp-json\/wp\/v2\/product"}],"about":[{"href":"https:\/\/mod.wisdar.net\/tr\/wp-json\/wp\/v2\/types\/product"}],"replies":[{"embeddable":true,"href":"https:\/\/mod.wisdar.net\/tr\/wp-json\/wp\/v2\/comments?post=141088"}],"wp:featuredmedia":[{"embeddable":true,"href":"https:\/\/mod.wisdar.net\/tr\/wp-json\/wp\/v2\/media\/141085"}],"wp:attachment":[{"href":"https:\/\/mod.wisdar.net\/tr\/wp-json\/wp\/v2\/media?parent=141088"}],"wp:term":[{"taxonomy":"product_brand","embeddable":true,"href":"https:\/\/mod.wisdar.net\/tr\/wp-json\/wp\/v2\/product_brand?post=141088"},{"taxonomy":"product_cat","embeddable":true,"href":"https:\/\/mod.wisdar.net\/tr\/wp-json\/wp\/v2\/product_cat?post=141088"},{"taxonomy":"product_tag","embeddable":true,"href":"https:\/\/mod.wisdar.net\/tr\/wp-json\/wp\/v2\/product_tag?post=141088"}],"curies":[{"name":"wp","href":"https:\/\/api.w.org\/{rel}","templated":true}]}}