{"id":141124,"date":"2026-02-20T15:45:33","date_gmt":"2026-02-20T15:45:33","guid":{"rendered":"https:\/\/modesthanim.com\/product\/kiz-cocuk-beli-lastikli-genis-paca-triko-pantolon\/"},"modified":"2026-03-30T08:01:38","modified_gmt":"2026-03-30T08:01:38","slug":"kiz-cocuk-beli-lastikli-genis-paca-triko-pantolon","status":"publish","type":"product","link":"https:\/\/mod.wisdar.net\/tr\/urun\/kiz-cocuk-beli-lastikli-genis-paca-triko-pantolon\/","title":{"rendered":"K\u0131z \u00c7ocuk Beli Lastikli Geni\u015f Pa\u00e7a Triko Pantolon"},"content":{"rendered":"<p>Triko pantolon, yumu\u015fak yap\u0131s\u0131 sayesinde \u00e7ocuklar i\u00e7in konforlu bir se\u00e7im sunuyor. Geni\u015f pa\u00e7a tasar\u0131m\u0131yla hem \u015f\u0131kl\u0131\u011f\u0131 hem de rahatl\u0131\u011f\u0131 bir arada bulu\u015fturuyor. Triko pantolon, so\u011fuk havalarda s\u0131cak tutuyor. \u00dcr\u00fcn \u00d6zellikleri Bel Tipi: Normal Bel Stil &amp; Siluet Bilgisi: Geni\u015f Pa\u00e7a Kullan\u0131m Alan\u0131: G\u00fcnl\u00fck Giyim Koton k\u0131z \u00e7ocuk pantolon koleksiyonu rahatl\u0131k ve \u015f\u0131kl\u0131\u011f\u0131 bulu\u015fturuyor! \u00c7ocuklar\u0131n\u0131z\u0131n gard\u0131robunu bu sevimli pantolon ile tamamlay\u0131n!<\/p>\n<p>\u2014 Technical Details \u2014<br \/>\nKuma\u015f: %73 AKR\u0130L\u0130K, %27 POL\u0130ESTER<br \/>\nSil\u00fcet: Wide Leg<br \/>\nBel Y\u00fcksekli\u011fi: Standart Bel<br \/>\n\u00dcr\u00fcn Tipi \/ Stil: Wide Leg<br \/>\n\u00dcr\u00fcn\u00fcn Alt Markas\u0131: Kidswear<br \/>\nSat\u0131c\u0131\/\u0130malat\u00e7\u0131\/\u0130thalat\u00e7\u0131 \u0130smi: Koton Ma\u011fazac\u0131l\u0131k Tekstil Sanayi ve Ticaret A.\u015e.<br \/>\nPosta Adresi: Ayaza\u011fa Mah. Maslak Ayaza\u011fa Cad. No:3 \u0130\u00e7 Kap\u0131 No:5 Sar\u0131yer\/\u0130stanbul<br \/>\nE-Posta Adresi: mim@koton.com<\/p>\n","protected":false},"excerpt":{"rendered":"<p>Triko pantolon, yumu\u015fak yap\u0131s\u0131 sayesinde \u00e7ocuklar i\u00e7in konforlu bir se\u00e7im sunuyor. Geni\u015f pa\u00e7a tasar\u0131m\u0131yla hem \u015f\u0131kl\u0131\u011f\u0131 hem de rahatl\u0131\u011f\u0131 bir arada bulu\u015fturuyor. Triko pantolon, so\u011fuk havalarda s\u0131cak tutuyor. \u00dcr\u00fcn \u00d6zellikleri Bel Tipi: Normal Bel Stil &amp; Siluet Bilgisi: Geni\u015f Pa\u00e7a Kullan\u0131m Alan\u0131: G\u00fcnl\u00fck Giyim Koton k\u0131z \u00e7ocuk pantolon koleksiyonu rahatl\u0131k ve \u015f\u0131kl\u0131\u011f\u0131 bulu\u015fturuyor! \u00c7ocuklar\u0131n\u0131z\u0131n gard\u0131robunu [&hellip;]<\/p>\n","protected":false},"featured_media":141121,"comment_status":"open","ping_status":"closed","template":"","meta":[],"product_brand":[],"product_cat":[8721,8715,8694,8727],"product_tag":[6749],"class_list":{"0":"post-141124","1":"product","2":"type-product","3":"status-publish","4":"has-post-thumbnail","6":"product_cat-kiz-cocuk-takimlari","7":"product_cat-kiz-cocuklari-2-14-yas","8":"product_cat-cocuklar","9":"product_cat-pantolon","10":"product_tag-pantolon","11":"pa_brand-koton","12":"pa_color-bej-desenli","13":"pa_size-11-12-yas-2","14":"pa_size-13-14-yas-2","15":"pa_size-5-6-yas-2","16":"pa_size-6-7-yas-2","17":"pa_size-7-8-yas-2","18":"pa_size-9-10-yas-2","20":"first","21":"outofstock","22":"shipping-taxable","23":"product-type-variable"},"_links":{"self":[{"href":"https:\/\/mod.wisdar.net\/tr\/wp-json\/wp\/v2\/product\/141124","targetHints":{"allow":["GET"]}}],"collection":[{"href":"https:\/\/mod.wisdar.net\/tr\/wp-json\/wp\/v2\/product"}],"about":[{"href":"https:\/\/mod.wisdar.net\/tr\/wp-json\/wp\/v2\/types\/product"}],"replies":[{"embeddable":true,"href":"https:\/\/mod.wisdar.net\/tr\/wp-json\/wp\/v2\/comments?post=141124"}],"wp:featuredmedia":[{"embeddable":true,"href":"https:\/\/mod.wisdar.net\/tr\/wp-json\/wp\/v2\/media\/141121"}],"wp:attachment":[{"href":"https:\/\/mod.wisdar.net\/tr\/wp-json\/wp\/v2\/media?parent=141124"}],"wp:term":[{"taxonomy":"product_brand","embeddable":true,"href":"https:\/\/mod.wisdar.net\/tr\/wp-json\/wp\/v2\/product_brand?post=141124"},{"taxonomy":"product_cat","embeddable":true,"href":"https:\/\/mod.wisdar.net\/tr\/wp-json\/wp\/v2\/product_cat?post=141124"},{"taxonomy":"product_tag","embeddable":true,"href":"https:\/\/mod.wisdar.net\/tr\/wp-json\/wp\/v2\/product_tag?post=141124"}],"curies":[{"name":"wp","href":"https:\/\/api.w.org\/{rel}","templated":true}]}}