{"id":141160,"date":"2026-02-20T15:47:35","date_gmt":"2026-02-20T15:47:35","guid":{"rendered":"https:\/\/modesthanim.com\/product\/kiz-cocuk-toka-detayli-viskon-karisimli-basic-sort-etek\/"},"modified":"2026-03-15T22:11:46","modified_gmt":"2026-03-15T22:11:46","slug":"kiz-cocuk-toka-detayli-viskon-karisimli-basic-sort-etek","status":"publish","type":"product","link":"https:\/\/mod.wisdar.net\/tr\/urun\/kiz-cocuk-toka-detayli-viskon-karisimli-basic-sort-etek\/","title":{"rendered":"K\u0131z \u00c7ocuk Toka Detayl\u0131 Viskon Kar\u0131\u015f\u0131ml\u0131 Basic \u015eort Etek"},"content":{"rendered":"<p>\u015eort etek, toka detaylar\u0131 ve sevimli tasar\u0131m\u0131yla \u00e7ocuklar\u0131n enerjisini yans\u0131tan keyifli bir par\u00e7a sunuyor. Esnek yap\u0131s\u0131yla oyun zaman\u0131 ve g\u00fcnl\u00fck aktiviteler i\u00e7in m\u00fckemmel bir se\u00e7enek olan etek, miniklerin favori giysileri aras\u0131nda yer almaya aday! K\u0131z \u00e7ocuklar\u0131n\u0131n hareket \u00f6zg\u00fcrl\u00fc\u011f\u00fcn\u00fc art\u0131ran \u015fort etek, g\u00fcn boyu konfor sunan viskon kar\u0131\u015f\u0131ml\u0131 hafif yap\u0131s\u0131yla konfor sunuyor.<\/p>\n<p>\u00dcr\u00fcn \u00d6zellikleri<br \/>\nBel Tipi: Normal Bel<br \/>\nDetay: Toka Detayl\u0131<br \/>\nKullan\u0131m Alan\u0131: G\u00fcnl\u00fck Giyim<\/p>\n<p>Koton k\u0131z \u00e7ocuk giyim koleksiyonu, sevimli tasar\u0131m\u0131yla miniklerin kalbini \u00e7al\u0131yor! Koton Kids ile e\u011flenceli ve enerjik \u00e7ocuk koleksiyonunu ke\u015ffedin!<\/p>\n","protected":false},"excerpt":{"rendered":"<p>\u015eort etek, toka detaylar\u0131 ve sevimli tasar\u0131m\u0131yla \u00e7ocuklar\u0131n enerjisini yans\u0131tan keyifli bir par\u00e7a sunuyor. Esnek yap\u0131s\u0131yla oyun zaman\u0131 ve g\u00fcnl\u00fck aktiviteler i\u00e7in m\u00fckemmel bir se\u00e7enek olan etek, miniklerin favori giysileri aras\u0131nda yer almaya aday! K\u0131z \u00e7ocuklar\u0131n\u0131n hareket \u00f6zg\u00fcrl\u00fc\u011f\u00fcn\u00fc art\u0131ran \u015fort etek, g\u00fcn boyu konfor sunan viskon kar\u0131\u015f\u0131ml\u0131 hafif yap\u0131s\u0131yla konfor sunuyor. \u00dcr\u00fcn \u00d6zellikleri Bel Tipi: [&hellip;]<\/p>\n","protected":false},"featured_media":141157,"comment_status":"open","ping_status":"closed","template":"","meta":[],"product_brand":[],"product_cat":[8718,8715,8694,8727],"product_tag":[7354,6751],"class_list":{"0":"post-141160","1":"product","2":"type-product","3":"status-publish","4":"has-post-thumbnail","6":"product_cat-elbiseler-etekler","7":"product_cat-kiz-cocuklari-2-14-yas","8":"product_cat-cocuklar","9":"product_cat-pantolon","10":"product_tag-gunluk-giyim-2","11":"product_tag-rahat","12":"pa_brand-koton","13":"pa_color-siyah","14":"pa_size-11-12-yas-2","15":"pa_size-13-14-yas-2","16":"pa_size-5-6-yas-2","17":"pa_size-6-7-yas-2","18":"pa_size-7-8-yas-2","19":"pa_size-9-10-yas-2","21":"first","22":"outofstock","23":"shipping-taxable","24":"product-type-variable"},"_links":{"self":[{"href":"https:\/\/mod.wisdar.net\/tr\/wp-json\/wp\/v2\/product\/141160","targetHints":{"allow":["GET"]}}],"collection":[{"href":"https:\/\/mod.wisdar.net\/tr\/wp-json\/wp\/v2\/product"}],"about":[{"href":"https:\/\/mod.wisdar.net\/tr\/wp-json\/wp\/v2\/types\/product"}],"replies":[{"embeddable":true,"href":"https:\/\/mod.wisdar.net\/tr\/wp-json\/wp\/v2\/comments?post=141160"}],"wp:featuredmedia":[{"embeddable":true,"href":"https:\/\/mod.wisdar.net\/tr\/wp-json\/wp\/v2\/media\/141157"}],"wp:attachment":[{"href":"https:\/\/mod.wisdar.net\/tr\/wp-json\/wp\/v2\/media?parent=141160"}],"wp:term":[{"taxonomy":"product_brand","embeddable":true,"href":"https:\/\/mod.wisdar.net\/tr\/wp-json\/wp\/v2\/product_brand?post=141160"},{"taxonomy":"product_cat","embeddable":true,"href":"https:\/\/mod.wisdar.net\/tr\/wp-json\/wp\/v2\/product_cat?post=141160"},{"taxonomy":"product_tag","embeddable":true,"href":"https:\/\/mod.wisdar.net\/tr\/wp-json\/wp\/v2\/product_tag?post=141160"}],"curies":[{"name":"wp","href":"https:\/\/api.w.org\/{rel}","templated":true}]}}