{"id":141196,"date":"2026-02-20T15:48:44","date_gmt":"2026-02-20T15:48:44","guid":{"rendered":"https:\/\/modesthanim.com\/product\/kiz-cocuk-uzun-kollu-bisiklet-yaka-islemeli-sardonlu-sweatshirt\/"},"modified":"2026-04-15T20:41:48","modified_gmt":"2026-04-15T20:41:48","slug":"kiz-cocuk-uzun-kollu-bisiklet-yaka-islemeli-sardonlu-sweatshirt","status":"publish","type":"product","link":"https:\/\/mod.wisdar.net\/tr\/urun\/kiz-cocuk-uzun-kollu-bisiklet-yaka-islemeli-sardonlu-sweatshirt\/","title":{"rendered":"K\u0131z \u00c7ocuk Uzun Kollu Bisiklet Yaka \u0130\u015flemeli \u015eardonlu Sweatshirt"},"content":{"rendered":"<p>Long sleeve crew neck embroidered soft interior sweatshirt. D\u0131\u015f: %64 PAMUK, %6 V\u0130SKOZ, %30 POL\u0130ESTER<\/p>\n<p>\u2014 Technical Details \u2014<br \/>\nkol_boyu: Uzun Kol<br \/>\nkol_tipi: D\u00fc\u015f\u00fck Omuz<br \/>\nyaka_tipi: Bisiklet Yaka<br \/>\nalt_marka: Kidswear<\/p>\n","protected":false},"excerpt":{"rendered":"<p>Long sleeve crew neck embroidered soft interior sweatshirt. D\u0131\u015f: %64 PAMUK, %6 V\u0130SKOZ, %30 POL\u0130ESTER \u2014 Technical Details \u2014 kol_boyu: Uzun Kol kol_tipi: D\u00fc\u015f\u00fck Omuz yaka_tipi: Bisiklet Yaka alt_marka: Kidswear<\/p>\n","protected":false},"featured_media":141193,"comment_status":"open","ping_status":"closed","template":"","meta":[],"product_brand":[],"product_cat":[8715,8694,8724],"product_tag":[8110,7426,7422,6768],"class_list":{"0":"post-141196","1":"product","2":"type-product","3":"status-publish","4":"has-post-thumbnail","6":"product_cat-kiz-cocuklari-2-14-yas","7":"product_cat-cocuklar","8":"product_cat-tisortler-bluzlar","9":"product_tag-bisiklet-yaka-2","10":"product_tag-gunluk-giyim-3","11":"product_tag-sweatshirt","12":"product_tag-uzun-kol","13":"pa_brand-koton","14":"pa_color-siyah","15":"pa_size-11-12-yas-2","16":"pa_size-13-14-yas-2","17":"pa_size-5-6-yas-2","18":"pa_size-6-7-yas-2","19":"pa_size-7-8-yas-2","20":"pa_size-9-10-yas-2","22":"first","23":"instock","24":"sale","25":"shipping-taxable","26":"purchasable","27":"product-type-variable"},"_links":{"self":[{"href":"https:\/\/mod.wisdar.net\/tr\/wp-json\/wp\/v2\/product\/141196","targetHints":{"allow":["GET"]}}],"collection":[{"href":"https:\/\/mod.wisdar.net\/tr\/wp-json\/wp\/v2\/product"}],"about":[{"href":"https:\/\/mod.wisdar.net\/tr\/wp-json\/wp\/v2\/types\/product"}],"replies":[{"embeddable":true,"href":"https:\/\/mod.wisdar.net\/tr\/wp-json\/wp\/v2\/comments?post=141196"}],"wp:featuredmedia":[{"embeddable":true,"href":"https:\/\/mod.wisdar.net\/tr\/wp-json\/wp\/v2\/media\/141193"}],"wp:attachment":[{"href":"https:\/\/mod.wisdar.net\/tr\/wp-json\/wp\/v2\/media?parent=141196"}],"wp:term":[{"taxonomy":"product_brand","embeddable":true,"href":"https:\/\/mod.wisdar.net\/tr\/wp-json\/wp\/v2\/product_brand?post=141196"},{"taxonomy":"product_cat","embeddable":true,"href":"https:\/\/mod.wisdar.net\/tr\/wp-json\/wp\/v2\/product_cat?post=141196"},{"taxonomy":"product_tag","embeddable":true,"href":"https:\/\/mod.wisdar.net\/tr\/wp-json\/wp\/v2\/product_tag?post=141196"}],"curies":[{"name":"wp","href":"https:\/\/api.w.org\/{rel}","templated":true}]}}