{"id":14127,"date":"2025-11-01T21:57:45","date_gmt":"2025-11-01T21:57:45","guid":{"rendered":"https:\/\/modesthanim.com\/product\/kalin-cizgili-orme-tunik-gri\/"},"modified":"2026-04-10T17:15:53","modified_gmt":"2026-04-10T17:15:53","slug":"kalin-cizgili-orme-tunik-gri","status":"publish","type":"product","link":"https:\/\/mod.wisdar.net\/tr\/urun\/kalin-cizgili-orme-tunik-gri\/","title":{"rendered":"Kal\u0131n \u00c7izgili \u00d6rme Tunik \u2013 Gri"},"content":{"rendered":"<p>G\u00fcnl\u00fck kullan\u0131mda konfor arayanlar i\u00e7in \u00f6zel olarak tasarlanm\u0131\u015f bu tunik, sezonun trend desenlerinden kal\u0131n yatay \u00e7izgiler ile enerjik bir g\u00f6r\u00fcn\u00fcm sunar.<\/p>\n<p>Kuma\u015f \u0130\u00e7eri\u011fi: %65 Rayon, %35 Poliamid<\/p>\n<p>Desen: \u00c7izgili<\/p>\n<p>Yaka Tipi: Bisiklet Yaka<\/p>\n<p>Kol Tipi: D\u00fc\u015f\u00fck Kol<\/p>\n<p>Cep: Cepsiz<\/p>\n<p>Astar: Astars\u0131z<\/p>\n<p>\u00dcr\u00fcn Boyutu:<\/p>\n<p>Kal\u0131p T\u00fcr\u00fc: Normal Kal\u0131p<\/p>\n<p>Modelin Giydi\u011fi Beden: 01<\/p>\n<p>Model \u00d6l\u00e7\u00fcleri: Boy: 179 cm G\u00f6\u011f\u00fcs: 84 cm Bel: 62 cm Kal\u00e7a: 90 cm<\/p>\n<p>1 Beden: 38 \u2013 40, 2 Beden: 40 \u2013 42, 3 Beden: 42 \u2013 44 ile uyumludur.<\/p>\n<p>\u2014 Teknik Detaylar \u2014<br \/>\nDesen: \u00c7izgili<br \/>\nYaka Tipi: Bisiklet Yaka<br \/>\nKol Tipi: D\u00fc\u015f\u00fck Kol<br \/>\nCep: Cepsiz<br \/>\nAstar: Astars\u0131z<br \/>\nKal\u0131p T\u00fcr\u00fc: Normal Kal\u0131p<br \/>\nModelin Giydi\u011fi Beden: 01<br \/>\nModel \u00d6l\u00e7\u00fcleri: {&#8216;Boy&#8217;: &#8216;179 cm&#8217;, &#8216;G\u00f6\u011f\u00fcs&#8217;: &#8217;84 cm&#8217;, &#8216;Bel&#8217;: &#8217;62 cm&#8217;, &#8216;Kal\u00e7a&#8217;: &#8217;90 cm&#8217;}<br \/>\nBeden 1: 38 \u2013 40<br \/>\nBeden 2: 40 \u2013 42<br \/>\nBeden 3: 42 \u2013 44 ile uyumludur<\/p>\n","protected":false},"excerpt":{"rendered":"<p>G\u00fcnl\u00fck kullan\u0131mda konfor arayanlar i\u00e7in \u00f6zel olarak tasarlanm\u0131\u015f bu tunik, sezonun trend desenlerinden kal\u0131n yatay \u00e7izgiler ile enerjik bir g\u00f6r\u00fcn\u00fcm sunar. Kuma\u015f \u0130\u00e7eri\u011fi: %65 Rayon, %35 Poliamid Desen: \u00c7izgili Yaka Tipi: Bisiklet Yaka Kol Tipi: D\u00fc\u015f\u00fck Kol Cep: Cepsiz Astar: Astars\u0131z \u00dcr\u00fcn Boyutu: Kal\u0131p T\u00fcr\u00fc: Normal Kal\u0131p Modelin Giydi\u011fi Beden: 01 Model \u00d6l\u00e7\u00fcleri: Boy: 179 [&hellip;]<\/p>\n","protected":false},"featured_media":0,"comment_status":"open","ping_status":"closed","template":"","meta":[],"product_brand":[],"product_cat":[1909],"product_tag":[],"class_list":{"0":"post-14127","1":"product","2":"type-product","3":"status-publish","5":"product_cat-bluzlar-ve-gomlekler","6":"pa_brand-tugba","7":"pa_color-grey","8":"pa_size-4444","9":"pa_size-4460","10":"pa_size-4681","12":"first","13":"instock","14":"sale","15":"shipping-taxable","16":"purchasable","17":"product-type-variable"},"_links":{"self":[{"href":"https:\/\/mod.wisdar.net\/tr\/wp-json\/wp\/v2\/product\/14127","targetHints":{"allow":["GET"]}}],"collection":[{"href":"https:\/\/mod.wisdar.net\/tr\/wp-json\/wp\/v2\/product"}],"about":[{"href":"https:\/\/mod.wisdar.net\/tr\/wp-json\/wp\/v2\/types\/product"}],"replies":[{"embeddable":true,"href":"https:\/\/mod.wisdar.net\/tr\/wp-json\/wp\/v2\/comments?post=14127"}],"wp:attachment":[{"href":"https:\/\/mod.wisdar.net\/tr\/wp-json\/wp\/v2\/media?parent=14127"}],"wp:term":[{"taxonomy":"product_brand","embeddable":true,"href":"https:\/\/mod.wisdar.net\/tr\/wp-json\/wp\/v2\/product_brand?post=14127"},{"taxonomy":"product_cat","embeddable":true,"href":"https:\/\/mod.wisdar.net\/tr\/wp-json\/wp\/v2\/product_cat?post=14127"},{"taxonomy":"product_tag","embeddable":true,"href":"https:\/\/mod.wisdar.net\/tr\/wp-json\/wp\/v2\/product_tag?post=14127"}],"curies":[{"name":"wp","href":"https:\/\/api.w.org\/{rel}","templated":true}]}}