{"id":141271,"date":"2026-02-20T15:51:49","date_gmt":"2026-02-20T15:51:49","guid":{"rendered":"https:\/\/modesthanim.com\/product\/kiz-cocuk-dantel-detayli-yildiz-islemeli-a-kesim-pamuklu-mini-kadife-etek\/"},"modified":"2026-04-02T21:12:55","modified_gmt":"2026-04-02T21:12:55","slug":"kiz-cocuk-dantel-detayli-yildiz-islemeli-a-kesim-pamuklu-mini-kadife-etek","status":"publish","type":"product","link":"https:\/\/mod.wisdar.net\/tr\/urun\/kiz-cocuk-dantel-detayli-yildiz-islemeli-a-kesim-pamuklu-mini-kadife-etek\/","title":{"rendered":"K\u0131z \u00c7ocuk Dantel Detayl\u0131 Y\u0131ld\u0131z \u0130\u015flemeli A Kesim Pamuklu Mini Kadife Etek"},"content":{"rendered":"<p>Mini kadife etek, sevimli y\u0131ld\u0131z detay\u0131yla miniklerin enerjisini yans\u0131t\u0131yor. Pamuklu dokusu sayesinde g\u00fcn boyu konfor sa\u011flarken, dantel detay\u0131 ete\u011fe zarif bir dokunu\u015f kat\u0131yor. Cep detaylar\u0131 pratiklik sunarken, lastikli beli hareket \u00f6zg\u00fcrl\u00fc\u011f\u00fc sa\u011fl\u0131yor. G\u00fcnl\u00fck kullan\u0131m i\u00e7in ideal olan etek, miniklerin favori par\u00e7alar\u0131ndan biri olmaya aday!<\/p>\n<p>\u00dcr\u00fcn \u00d6zellikleri<br \/>\nKuma\u015f: %99 Pamuk, %1 Elastan<br \/>\nCep Tipi: 5 Cepli<br \/>\nDesen: Y\u0131ld\u0131z Desenli<br \/>\nSiluet: A Kesim<br \/>\nKullan\u0131m Alan\u0131: G\u00fcnl\u00fck Giyim<\/p>\n<p>Koton k\u0131z \u00e7ocuk koleksiyonu, enerjik ve sevimli tasar\u0131mlar\u0131yla miniklerin gard\u0131robunu s\u00fcsl\u00fcyor! Koton&#8217;un kaliteli ve rahat \u00fcr\u00fcnleriyle miniklerin d\u00fcnyas\u0131na renk kat\u0131n!<\/p>\n","protected":false},"excerpt":{"rendered":"<p>Mini kadife etek, sevimli y\u0131ld\u0131z detay\u0131yla miniklerin enerjisini yans\u0131t\u0131yor. Pamuklu dokusu sayesinde g\u00fcn boyu konfor sa\u011flarken, dantel detay\u0131 ete\u011fe zarif bir dokunu\u015f kat\u0131yor. Cep detaylar\u0131 pratiklik sunarken, lastikli beli hareket \u00f6zg\u00fcrl\u00fc\u011f\u00fc sa\u011fl\u0131yor. G\u00fcnl\u00fck kullan\u0131m i\u00e7in ideal olan etek, miniklerin favori par\u00e7alar\u0131ndan biri olmaya aday! \u00dcr\u00fcn \u00d6zellikleri Kuma\u015f: %99 Pamuk, %1 Elastan Cep Tipi: 5 Cepli [&hellip;]<\/p>\n","protected":false},"featured_media":141263,"comment_status":"open","ping_status":"closed","template":"","meta":[],"product_brand":[],"product_cat":[8718,8715,8694],"product_tag":[4848,7623,7426],"class_list":{"0":"post-141271","1":"product","2":"type-product","3":"status-publish","4":"has-post-thumbnail","6":"product_cat-elbiseler-etekler","7":"product_cat-kiz-cocuklari-2-14-yas","8":"product_cat-cocuklar","9":"product_tag-a-line-skirt","10":"product_tag-dantel-detayli","11":"product_tag-gunluk-giyim-3","12":"pa_brand-koton","13":"pa_color-pembe-desenli","14":"pa_size-11-12-yas-2","15":"pa_size-4-5-yas-2","16":"pa_size-5-6-yas-2","17":"pa_size-6-7-yas-2","18":"pa_size-7-8-yas-2","19":"pa_size-9-10-yas-2","21":"first","22":"instock","23":"sale","24":"shipping-taxable","25":"purchasable","26":"product-type-variable"},"_links":{"self":[{"href":"https:\/\/mod.wisdar.net\/tr\/wp-json\/wp\/v2\/product\/141271","targetHints":{"allow":["GET"]}}],"collection":[{"href":"https:\/\/mod.wisdar.net\/tr\/wp-json\/wp\/v2\/product"}],"about":[{"href":"https:\/\/mod.wisdar.net\/tr\/wp-json\/wp\/v2\/types\/product"}],"replies":[{"embeddable":true,"href":"https:\/\/mod.wisdar.net\/tr\/wp-json\/wp\/v2\/comments?post=141271"}],"wp:featuredmedia":[{"embeddable":true,"href":"https:\/\/mod.wisdar.net\/tr\/wp-json\/wp\/v2\/media\/141263"}],"wp:attachment":[{"href":"https:\/\/mod.wisdar.net\/tr\/wp-json\/wp\/v2\/media?parent=141271"}],"wp:term":[{"taxonomy":"product_brand","embeddable":true,"href":"https:\/\/mod.wisdar.net\/tr\/wp-json\/wp\/v2\/product_brand?post=141271"},{"taxonomy":"product_cat","embeddable":true,"href":"https:\/\/mod.wisdar.net\/tr\/wp-json\/wp\/v2\/product_cat?post=141271"},{"taxonomy":"product_tag","embeddable":true,"href":"https:\/\/mod.wisdar.net\/tr\/wp-json\/wp\/v2\/product_tag?post=141271"}],"curies":[{"name":"wp","href":"https:\/\/api.w.org\/{rel}","templated":true}]}}