{"id":141299,"date":"2026-02-20T15:52:24","date_gmt":"2026-02-20T15:52:24","guid":{"rendered":"https:\/\/modesthanim.com\/product\/kiz-cocuk-uzun-kollu-bisiklet-yaka-cizgili-triko-kazak\/"},"modified":"2026-04-12T23:05:07","modified_gmt":"2026-04-12T23:05:07","slug":"kiz-cocuk-uzun-kollu-bisiklet-yaka-cizgili-triko-kazak","status":"publish","type":"product","link":"https:\/\/mod.wisdar.net\/tr\/urun\/kiz-cocuk-uzun-kollu-bisiklet-yaka-cizgili-triko-kazak\/","title":{"rendered":"K\u0131z \u00c7ocuk Uzun Kollu Bisiklet Yaka \u00c7izgili Triko Kazak"},"content":{"rendered":"<p>\u00c7izgili triko kazak, sevimli tasar\u0131m\u0131yla k\u0131z \u00e7ocuklar\u0131n\u0131n en sevdi\u011fi par\u00e7alar aras\u0131nda yer almaya aday! Yumu\u015fak ve rahat yap\u0131s\u0131yla g\u00fcn boyu konfor sunan kazak, bisiklet yaka detay\u0131yla rahatl\u0131k sa\u011fl\u0131yor. Kazak, hem pantolon hem de eteklerle uyum i\u00e7inde kombinlenebiliyor ve \u00e7ocuklar\u0131n\u0131n dolaplar\u0131nda olmazsa olmaz par\u00e7alardan biri haline geliyor.<\/p>\n<p>\u00dcr\u00fcn \u00d6zellikleri<\/p>\n<p>Kol Tipi: Uzun Kol<br \/>\nYaka Tipi: Bisiklet Yaka<br \/>\nStil: \u00c7izgili<br \/>\nKullan\u0131m Alan\u0131: G\u00fcnl\u00fck Giyim<\/p>\n<p>Koton k\u0131z \u00e7ocuk giyim koleksiyonu, renkli ve e\u011flenceli tasar\u0131mlar\u0131yla miniklerin gard\u0131robunu canland\u0131r\u0131yor! Koton&#8217;un \u015f\u0131k ve rahat tasar\u0131mlar\u0131 ile miniklerin d\u00fcnyas\u0131n\u0131 renklendirin!<\/p>\n","protected":false},"excerpt":{"rendered":"<p>\u00c7izgili triko kazak, sevimli tasar\u0131m\u0131yla k\u0131z \u00e7ocuklar\u0131n\u0131n en sevdi\u011fi par\u00e7alar aras\u0131nda yer almaya aday! Yumu\u015fak ve rahat yap\u0131s\u0131yla g\u00fcn boyu konfor sunan kazak, bisiklet yaka detay\u0131yla rahatl\u0131k sa\u011fl\u0131yor. Kazak, hem pantolon hem de eteklerle uyum i\u00e7inde kombinlenebiliyor ve \u00e7ocuklar\u0131n\u0131n dolaplar\u0131nda olmazsa olmaz par\u00e7alardan biri haline geliyor. \u00dcr\u00fcn \u00d6zellikleri Kol Tipi: Uzun Kol Yaka Tipi: Bisiklet [&hellip;]<\/p>\n","protected":false},"featured_media":141296,"comment_status":"open","ping_status":"closed","template":"","meta":[],"product_brand":[],"product_cat":[8715,8694,8724],"product_tag":[8117,7912,7419,8039,6751,6768],"class_list":{"0":"post-141299","1":"product","2":"type-product","3":"status-publish","4":"has-post-thumbnail","6":"product_cat-kiz-cocuklari-2-14-yas","7":"product_cat-cocuklar","8":"product_cat-tisortler-bluzlar","9":"product_tag-bogazli-2","10":"product_tag-cizgili","11":"product_tag-gunluk","12":"product_tag-koton","13":"product_tag-rahat","14":"product_tag-uzun-kol","15":"pa_brand-koton","16":"pa_color-ekru-cizgili","17":"pa_size-11-12-yas-2","18":"pa_size-13-14-yas-2","19":"pa_size-5-6-yas-2","20":"pa_size-6-7-yas-2","21":"pa_size-7-8-yas-2","22":"pa_size-9-10-yas-2","24":"first","25":"instock","26":"sale","27":"shipping-taxable","28":"purchasable","29":"product-type-variable"},"_links":{"self":[{"href":"https:\/\/mod.wisdar.net\/tr\/wp-json\/wp\/v2\/product\/141299","targetHints":{"allow":["GET"]}}],"collection":[{"href":"https:\/\/mod.wisdar.net\/tr\/wp-json\/wp\/v2\/product"}],"about":[{"href":"https:\/\/mod.wisdar.net\/tr\/wp-json\/wp\/v2\/types\/product"}],"replies":[{"embeddable":true,"href":"https:\/\/mod.wisdar.net\/tr\/wp-json\/wp\/v2\/comments?post=141299"}],"wp:featuredmedia":[{"embeddable":true,"href":"https:\/\/mod.wisdar.net\/tr\/wp-json\/wp\/v2\/media\/141296"}],"wp:attachment":[{"href":"https:\/\/mod.wisdar.net\/tr\/wp-json\/wp\/v2\/media?parent=141299"}],"wp:term":[{"taxonomy":"product_brand","embeddable":true,"href":"https:\/\/mod.wisdar.net\/tr\/wp-json\/wp\/v2\/product_brand?post=141299"},{"taxonomy":"product_cat","embeddable":true,"href":"https:\/\/mod.wisdar.net\/tr\/wp-json\/wp\/v2\/product_cat?post=141299"},{"taxonomy":"product_tag","embeddable":true,"href":"https:\/\/mod.wisdar.net\/tr\/wp-json\/wp\/v2\/product_tag?post=141299"}],"curies":[{"name":"wp","href":"https:\/\/api.w.org\/{rel}","templated":true}]}}