{"id":141351,"date":"2026-02-20T15:54:09","date_gmt":"2026-02-20T15:54:09","guid":{"rendered":"https:\/\/modesthanim.com\/product\/kiz-cocuk-yarim-fermuarli-balikci-yaka-uzun-kollu-cizgili-triko-kazak\/"},"modified":"2026-03-03T08:04:53","modified_gmt":"2026-03-03T08:04:53","slug":"kiz-cocuk-yarim-fermuarli-balikci-yaka-uzun-kollu-cizgili-triko-kazak","status":"publish","type":"product","link":"https:\/\/mod.wisdar.net\/tr\/urun\/kiz-cocuk-yarim-fermuarli-balikci-yaka-uzun-kollu-cizgili-triko-kazak\/","title":{"rendered":"K\u0131z \u00c7ocuk Yar\u0131m Fermuarl\u0131 Bal\u0131k\u00e7\u0131 Yaka Uzun Kollu \u00c7izgili Triko Kazak"},"content":{"rendered":"<p>Fermuar detayl\u0131 triko kazak, \u015f\u0131k ve kullan\u0131\u015fl\u0131 bir par\u00e7a olarak miniklere kullan\u0131\u015fl\u0131 bir se\u00e7enek sunuyor. Uzun kollu ve y\u00fcksek yaka tasar\u0131m\u0131 sayesinde so\u011fuk g\u00fcnlerde ekstra koruma sa\u011flarken, \u00e7izgili deseniyle de ne\u015feli bir g\u00f6r\u00fcn\u00fcm kazand\u0131r\u0131yor. Yumu\u015fak dokusuyla \u00e7ocuklar\u0131n g\u00fcn boyu rahat etmesini sa\u011fl\u0131yor ve fermuar detay\u0131 ile pratik bir kullan\u0131m sunuyor.<\/p>\n<p>\u00dcr\u00fcn \u00d6zellikleri<\/p>\n<p>Kol Tipi: Uzun Kol<br \/>\nYaka Tipi: Yar\u0131m Fermuarl\u0131 Yaka<br \/>\nKullan\u0131m Alan\u0131: G\u00fcnl\u00fck Giyim, Spor Giyim<\/p>\n<p>Koton k\u0131z \u00e7ocuk koleksiyonunun keyifli par\u00e7alar\u0131ndan biri olan bu kazak, miniklerin dolab\u0131nda \u015f\u0131kl\u0131k ve rahatl\u0131\u011f\u0131 bir araya getiriyor!<\/p>\n<p>\u2014 Technical Details \u2014<br \/>\nKuma\u015f: %40 AKR\u0130L\u0130K, %60 PAMUK<br \/>\nKol Boyu: Uzun Kol<br \/>\nKol Tipi: D\u00fc\u015f\u00fck Omuz<br \/>\nYaka Tipi: Fermuarl\u0131 Yaka<br \/>\nSil\u00fcet: Basic<br \/>\n\u00dcr\u00fcn Tipi \/ Stil: Basic<br \/>\n\u00dcr\u00fcn\u00fcn Alt Markas\u0131: Kidswear<\/p>\n","protected":false},"excerpt":{"rendered":"<p>Fermuar detayl\u0131 triko kazak, \u015f\u0131k ve kullan\u0131\u015fl\u0131 bir par\u00e7a olarak miniklere kullan\u0131\u015fl\u0131 bir se\u00e7enek sunuyor. Uzun kollu ve y\u00fcksek yaka tasar\u0131m\u0131 sayesinde so\u011fuk g\u00fcnlerde ekstra koruma sa\u011flarken, \u00e7izgili deseniyle de ne\u015feli bir g\u00f6r\u00fcn\u00fcm kazand\u0131r\u0131yor. Yumu\u015fak dokusuyla \u00e7ocuklar\u0131n g\u00fcn boyu rahat etmesini sa\u011fl\u0131yor ve fermuar detay\u0131 ile pratik bir kullan\u0131m sunuyor. \u00dcr\u00fcn \u00d6zellikleri Kol Tipi: Uzun [&hellip;]<\/p>\n","protected":false},"featured_media":141348,"comment_status":"open","ping_status":"closed","template":"","meta":[],"product_brand":[],"product_cat":[8715,8694,8724],"product_tag":[7426,6768],"class_list":{"0":"post-141351","1":"product","2":"type-product","3":"status-publish","4":"has-post-thumbnail","6":"product_cat-kiz-cocuklari-2-14-yas","7":"product_cat-cocuklar","8":"product_cat-tisortler-bluzlar","9":"product_tag-gunluk-giyim-3","10":"product_tag-uzun-kol","11":"pa_brand-koton","12":"pa_color-siyah-cizgili","13":"pa_size-11-12-yas-2","14":"pa_size-13-14-yas-2","15":"pa_size-5-6-yas-2","16":"pa_size-6-7-yas-2","17":"pa_size-7-8-yas-2","18":"pa_size-9-10-yas-2","20":"first","21":"instock","22":"sale","23":"shipping-taxable","24":"purchasable","25":"product-type-variable"},"_links":{"self":[{"href":"https:\/\/mod.wisdar.net\/tr\/wp-json\/wp\/v2\/product\/141351","targetHints":{"allow":["GET"]}}],"collection":[{"href":"https:\/\/mod.wisdar.net\/tr\/wp-json\/wp\/v2\/product"}],"about":[{"href":"https:\/\/mod.wisdar.net\/tr\/wp-json\/wp\/v2\/types\/product"}],"replies":[{"embeddable":true,"href":"https:\/\/mod.wisdar.net\/tr\/wp-json\/wp\/v2\/comments?post=141351"}],"wp:featuredmedia":[{"embeddable":true,"href":"https:\/\/mod.wisdar.net\/tr\/wp-json\/wp\/v2\/media\/141348"}],"wp:attachment":[{"href":"https:\/\/mod.wisdar.net\/tr\/wp-json\/wp\/v2\/media?parent=141351"}],"wp:term":[{"taxonomy":"product_brand","embeddable":true,"href":"https:\/\/mod.wisdar.net\/tr\/wp-json\/wp\/v2\/product_brand?post=141351"},{"taxonomy":"product_cat","embeddable":true,"href":"https:\/\/mod.wisdar.net\/tr\/wp-json\/wp\/v2\/product_cat?post=141351"},{"taxonomy":"product_tag","embeddable":true,"href":"https:\/\/mod.wisdar.net\/tr\/wp-json\/wp\/v2\/product_tag?post=141351"}],"curies":[{"name":"wp","href":"https:\/\/api.w.org\/{rel}","templated":true}]}}