{"id":141363,"date":"2026-02-20T15:54:24","date_gmt":"2026-02-20T15:54:24","guid":{"rendered":"https:\/\/modesthanim.com\/product\/kiz-cocuk-pamuklu-uzun-kollu-bisiklet-yaka-crop-tisort\/"},"modified":"2026-03-03T07:56:25","modified_gmt":"2026-03-03T07:56:25","slug":"kiz-cocuk-pamuklu-uzun-kollu-bisiklet-yaka-crop-tisort","status":"publish","type":"product","link":"https:\/\/mod.wisdar.net\/tr\/urun\/kiz-cocuk-pamuklu-uzun-kollu-bisiklet-yaka-crop-tisort\/","title":{"rendered":"K\u0131z \u00c7ocuk Pamuklu Uzun Kollu Bisiklet Yaka Crop Ti\u015f\u00f6rt"},"content":{"rendered":"<p>Pamuklu kuma\u015f\u0131 ve crop boyu ile \u00f6ne \u00e7\u0131kan uzun kollu bisiklet yaka ti\u015f\u00f6rt, k\u0131z \u00e7ocuklar\u0131n favorisi olmaya aday. Bask\u0131 detaylar\u0131 ile sportif bir g\u00f6r\u00fcn\u00fcm sunan ti\u015f\u00f6rt, miniklere rahat hareket etme olana\u011f\u0131 sa\u011fl\u0131yor. Yumu\u015fak pamuklu dokusu ve esnek yap\u0131s\u0131 ile g\u00fcn boyu rahatl\u0131k vadediyor.<\/p>\n<p>\u00dcr\u00fcn \u00d6zellikleri<br \/>\nKol Tipi: Uzun Kol<br \/>\nYaka Tipi: Bisiklet Yaka<br \/>\nKuma\u015f: %96 Pamuk, %4 Elastan<br \/>\nKullan\u0131m Alan\u0131: G\u00fcnl\u00fck Giyim<\/p>\n<p>Koton k\u0131z \u00e7ocuk giyim koleksiyonu sevimli tasar\u0131m\u0131yla miniklerin kalbini \u00e7al\u0131yor! Koton Kids ile e\u011flenceli ve enerjik \u00e7ocuk koleksiyonunu ke\u015ffedin!<\/p>\n<p>\u2014 Technical Details \u2014<br \/>\nkol_tipi: Uzun Kol<br \/>\nyaka_tipi: Bisiklet Yaka<br \/>\nkullan\u0131m_alan\u0131: G\u00fcnl\u00fck Giyim<br \/>\nalt_marka: Kidswear<br \/>\nsat\u0131c\u0131: Koton Ma\u011fazac\u0131l\u0131k Tekstil Sanayi ve Ticaret A.\u015e.<br \/>\nadres: Ayaza\u011fa Mah. Maslak Ayaza\u011fa Cad. No:3 \u0130\u00e7 Kap\u0131 No:5 Sar\u0131yer\/\u0130stanbul<br \/>\nemail: mim@koton.com<\/p>\n","protected":false},"excerpt":{"rendered":"<p>Pamuklu kuma\u015f\u0131 ve crop boyu ile \u00f6ne \u00e7\u0131kan uzun kollu bisiklet yaka ti\u015f\u00f6rt, k\u0131z \u00e7ocuklar\u0131n favorisi olmaya aday. Bask\u0131 detaylar\u0131 ile sportif bir g\u00f6r\u00fcn\u00fcm sunan ti\u015f\u00f6rt, miniklere rahat hareket etme olana\u011f\u0131 sa\u011fl\u0131yor. Yumu\u015fak pamuklu dokusu ve esnek yap\u0131s\u0131 ile g\u00fcn boyu rahatl\u0131k vadediyor. \u00dcr\u00fcn \u00d6zellikleri Kol Tipi: Uzun Kol Yaka Tipi: Bisiklet Yaka Kuma\u015f: %96 [&hellip;]<\/p>\n","protected":false},"featured_media":141358,"comment_status":"open","ping_status":"closed","template":"","meta":[],"product_brand":[],"product_cat":[8715,8694,8724],"product_tag":[7396,7426,8039,7488,6768],"class_list":{"0":"post-141363","1":"product","2":"type-product","3":"status-publish","4":"has-post-thumbnail","6":"product_cat-kiz-cocuklari-2-14-yas","7":"product_cat-cocuklar","8":"product_cat-tisortler-bluzlar","9":"product_tag-crop-top","10":"product_tag-gunluk-giyim-3","11":"product_tag-koton","12":"product_tag-pamuk","13":"product_tag-uzun-kol","14":"pa_brand-koton","15":"pa_color-siyah","16":"pa_size-11-12-yas-2","17":"pa_size-13-14-yas-2","18":"pa_size-5-6-yas-2","19":"pa_size-6-7-yas-2","20":"pa_size-7-8-yas-2","21":"pa_size-9-10-yas-2","23":"first","24":"instock","25":"sale","26":"shipping-taxable","27":"purchasable","28":"product-type-variable"},"_links":{"self":[{"href":"https:\/\/mod.wisdar.net\/tr\/wp-json\/wp\/v2\/product\/141363","targetHints":{"allow":["GET"]}}],"collection":[{"href":"https:\/\/mod.wisdar.net\/tr\/wp-json\/wp\/v2\/product"}],"about":[{"href":"https:\/\/mod.wisdar.net\/tr\/wp-json\/wp\/v2\/types\/product"}],"replies":[{"embeddable":true,"href":"https:\/\/mod.wisdar.net\/tr\/wp-json\/wp\/v2\/comments?post=141363"}],"wp:featuredmedia":[{"embeddable":true,"href":"https:\/\/mod.wisdar.net\/tr\/wp-json\/wp\/v2\/media\/141358"}],"wp:attachment":[{"href":"https:\/\/mod.wisdar.net\/tr\/wp-json\/wp\/v2\/media?parent=141363"}],"wp:term":[{"taxonomy":"product_brand","embeddable":true,"href":"https:\/\/mod.wisdar.net\/tr\/wp-json\/wp\/v2\/product_brand?post=141363"},{"taxonomy":"product_cat","embeddable":true,"href":"https:\/\/mod.wisdar.net\/tr\/wp-json\/wp\/v2\/product_cat?post=141363"},{"taxonomy":"product_tag","embeddable":true,"href":"https:\/\/mod.wisdar.net\/tr\/wp-json\/wp\/v2\/product_tag?post=141363"}],"curies":[{"name":"wp","href":"https:\/\/api.w.org\/{rel}","templated":true}]}}