{"id":141425,"date":"2026-02-20T15:56:22","date_gmt":"2026-02-20T15:56:22","guid":{"rendered":"https:\/\/modesthanim.com\/product\/kiz-cocuk-cicek-desenli-uzun-kollu-bisiklet-yaka-triko-kazak\/"},"modified":"2026-04-06T08:00:49","modified_gmt":"2026-04-06T08:00:49","slug":"kiz-cocuk-cicek-desenli-uzun-kollu-bisiklet-yaka-triko-kazak","status":"publish","type":"product","link":"https:\/\/mod.wisdar.net\/tr\/urun\/kiz-cocuk-cicek-desenli-uzun-kollu-bisiklet-yaka-triko-kazak\/","title":{"rendered":"K\u0131z \u00c7ocuk \u00c7i\u00e7ek Desenli Uzun Kollu Bisiklet Yaka Triko Kazak"},"content":{"rendered":"<p>\u00c7i\u00e7ek desenleriyle s\u00fcslenmi\u015f kazak, miniklerin enerji dolu d\u00fcnyas\u0131na renk kat\u0131yor. Yumu\u015fak triko dokusu, so\u011fuk g\u00fcnlerde s\u0131cakl\u0131k sa\u011flarken, bisiklet yaka tasar\u0131m\u0131 rahat bir kullan\u0131m sunuyor.  Hem g\u00fcnl\u00fck aktivitelerde hem de \u00f6zel g\u00fcnlerde kolayca kombinlenebiliyor. \u00dcr\u00fcn \u00d6zellikleri Kol Tipi: Uzun Kollu Yaka Tipi: Bisiklet Yaka Desen: \u00c7i\u00e7ek Desenli Kullan\u0131m Alan\u0131: G\u00fcnl\u00fck Giyim, \u00d6zel G\u00fcnler Koton k\u0131z \u00e7ocuk giyim koleksiyonu, sevimli tasar\u0131mlar\u0131yla miniklerin kalbini \u00e7al\u0131yor! Koton Kids ile e\u011flenceli ve enerjik \u00e7ocuk koleksiyonunu ke\u015ffedin!<\/p>\n","protected":false},"excerpt":{"rendered":"<p>\u00c7i\u00e7ek desenleriyle s\u00fcslenmi\u015f kazak, miniklerin enerji dolu d\u00fcnyas\u0131na renk kat\u0131yor. Yumu\u015fak triko dokusu, so\u011fuk g\u00fcnlerde s\u0131cakl\u0131k sa\u011flarken, bisiklet yaka tasar\u0131m\u0131 rahat bir kullan\u0131m sunuyor. Hem g\u00fcnl\u00fck aktivitelerde hem de \u00f6zel g\u00fcnlerde kolayca kombinlenebiliyor. \u00dcr\u00fcn \u00d6zellikleri Kol Tipi: Uzun Kollu Yaka Tipi: Bisiklet Yaka Desen: \u00c7i\u00e7ek Desenli Kullan\u0131m Alan\u0131: G\u00fcnl\u00fck Giyim, \u00d6zel G\u00fcnler Koton k\u0131z \u00e7ocuk [&hellip;]<\/p>\n","protected":false},"featured_media":141420,"comment_status":"open","ping_status":"closed","template":"","meta":[],"product_brand":[],"product_cat":[8715,8694,8724],"product_tag":[7354,6772,6768],"class_list":{"0":"post-141425","1":"product","2":"type-product","3":"status-publish","4":"has-post-thumbnail","6":"product_cat-kiz-cocuklari-2-14-yas","7":"product_cat-cocuklar","8":"product_cat-tisortler-bluzlar","9":"product_tag-gunluk-giyim-2","10":"product_tag-ozel-gun","11":"product_tag-uzun-kol","12":"pa_brand-koton","13":"pa_color-ekru-desenli","14":"pa_size-11-12-yas-2","15":"pa_size-13-14-yas-2","16":"pa_size-5-6-yas-2","17":"pa_size-6-7-yas-2","18":"pa_size-7-8-yas-2","19":"pa_size-9-10-yas-2","21":"first","22":"outofstock","23":"shipping-taxable","24":"product-type-variable"},"_links":{"self":[{"href":"https:\/\/mod.wisdar.net\/tr\/wp-json\/wp\/v2\/product\/141425","targetHints":{"allow":["GET"]}}],"collection":[{"href":"https:\/\/mod.wisdar.net\/tr\/wp-json\/wp\/v2\/product"}],"about":[{"href":"https:\/\/mod.wisdar.net\/tr\/wp-json\/wp\/v2\/types\/product"}],"replies":[{"embeddable":true,"href":"https:\/\/mod.wisdar.net\/tr\/wp-json\/wp\/v2\/comments?post=141425"}],"wp:featuredmedia":[{"embeddable":true,"href":"https:\/\/mod.wisdar.net\/tr\/wp-json\/wp\/v2\/media\/141420"}],"wp:attachment":[{"href":"https:\/\/mod.wisdar.net\/tr\/wp-json\/wp\/v2\/media?parent=141425"}],"wp:term":[{"taxonomy":"product_brand","embeddable":true,"href":"https:\/\/mod.wisdar.net\/tr\/wp-json\/wp\/v2\/product_brand?post=141425"},{"taxonomy":"product_cat","embeddable":true,"href":"https:\/\/mod.wisdar.net\/tr\/wp-json\/wp\/v2\/product_cat?post=141425"},{"taxonomy":"product_tag","embeddable":true,"href":"https:\/\/mod.wisdar.net\/tr\/wp-json\/wp\/v2\/product_tag?post=141425"}],"curies":[{"name":"wp","href":"https:\/\/api.w.org\/{rel}","templated":true}]}}